{"id":124946,"date":"2026-05-06T16:49:14","date_gmt":"2026-05-06T19:49:14","guid":{"rendered":"https:\/\/www.hediyepazar.com\/?product=7-seviyeli-led-cilt-sikilastirici-masaj-aleti"},"modified":"2026-05-06T16:49:14","modified_gmt":"2026-05-06T19:49:14","slug":"7-seviyeli-led-cilt-sikilastirici-masaj-aleti","status":"publish","type":"product","link":"https:\/\/www.hediyepazar.com\/?product=7-seviyeli-led-cilt-sikilastirici-masaj-aleti","title":{"rendered":"7 Seviyeli LED Cilt S\u0131k\u0131la\u015ft\u0131r\u0131c\u0131 Masaj Aleti"},"content":{"rendered":"<p>7 seviyeli ayarlanabilir LED \u0131\u015f\u0131k modu sayesinde farkl\u0131 cilt ihtiya\u00e7lar\u0131na \u00f6zel bak\u0131m sunar. I\u015f\u0131k terapisi, cilt y\u00fczeyinde rahatlat\u0131c\u0131 ve canland\u0131r\u0131c\u0131 bir etki olu\u015fturur.USB ile \u015farj edilebilmesi, \u00fcr\u00fcn\u00fc g\u00fcnl\u00fck kullan\u0131ma uygun hale getirir. Ev, ofis veya seyahatlerde rahatl\u0131kla kullan\u0131labilir.<\/p>\n","protected":false},"excerpt":{"rendered":"<p>7 seviyeli ayarlanabilir LED \u0131\u015f\u0131k modu sayesinde farkl\u0131 cilt ihtiya\u00e7lar\u0131na \u00f6zel bak\u0131m sunar. I\u015f\u0131k terapisi, cilt y\u00fczeyinde rahatlat\u0131c\u0131 ve canland\u0131r\u0131c\u0131 bir etki olu\u015fturur.USB ile \u015farj edilebilmesi, \u00fcr\u00fcn\u00fc g\u00fcnl\u00fck kullan\u0131ma uygun hale getirir. Ev, ofis veya seyahatlerde rahatl\u0131kla kullan\u0131labilir.<\/p>\n","protected":false},"featured_media":124945,"comment_status":"open","ping_status":"closed","template":"","meta":{"_kad_post_transparent":"","_kad_post_title":"","_kad_post_layout":"","_kad_post_sidebar_id":"","_kad_post_content_style":"","_kad_post_vertical_padding":"","_kad_post_feature":"","_kad_post_feature_position":"","_kad_post_header":false,"_kad_post_footer":false,"_kad_post_classname":""},"product_brand":[],"product_cat":[14917],"product_tag":[],"class_list":{"0":"post-124946","1":"product","2":"type-product","3":"status-publish","4":"has-post-thumbnail","6":"product_cat-yuz-masaj-aleti-yuz-masaj-aleti","8":"first","9":"instock","10":"purchasable","11":"product-type-simple","12":"entry","13":"content-bg","14":"loop-entry"},"_links":{"self":[{"href":"https:\/\/www.hediyepazar.com\/index.php?rest_route=\/wp\/v2\/product\/124946","targetHints":{"allow":["GET"]}}],"collection":[{"href":"https:\/\/www.hediyepazar.com\/index.php?rest_route=\/wp\/v2\/product"}],"about":[{"href":"https:\/\/www.hediyepazar.com\/index.php?rest_route=\/wp\/v2\/types\/product"}],"replies":[{"embeddable":true,"href":"https:\/\/www.hediyepazar.com\/index.php?rest_route=%2Fwp%2Fv2%2Fcomments&post=124946"}],"wp:featuredmedia":[{"embeddable":true,"href":"https:\/\/www.hediyepazar.com\/index.php?rest_route=\/wp\/v2\/media\/124945"}],"wp:attachment":[{"href":"https:\/\/www.hediyepazar.com\/index.php?rest_route=%2Fwp%2Fv2%2Fmedia&parent=124946"}],"wp:term":[{"taxonomy":"product_brand","embeddable":true,"href":"https:\/\/www.hediyepazar.com\/index.php?rest_route=%2Fwp%2Fv2%2Fproduct_brand&post=124946"},{"taxonomy":"product_cat","embeddable":true,"href":"https:\/\/www.hediyepazar.com\/index.php?rest_route=%2Fwp%2Fv2%2Fproduct_cat&post=124946"},{"taxonomy":"product_tag","embeddable":true,"href":"https:\/\/www.hediyepazar.com\/index.php?rest_route=%2Fwp%2Fv2%2Fproduct_tag&post=124946"}],"curies":[{"name":"wp","href":"https:\/\/api.w.org\/{rel}","templated":true}]}}