{"id":124952,"date":"2026-05-06T16:50:16","date_gmt":"2026-05-06T19:50:16","guid":{"rendered":"https:\/\/www.hediyepazar.com\/?product=kirisiklik-azaltici-led-isik-cilt-bakim-aleti-7-renk"},"modified":"2026-05-06T16:50:16","modified_gmt":"2026-05-06T19:50:16","slug":"kirisiklik-azaltici-led-isik-cilt-bakim-aleti-7-renk","status":"publish","type":"product","link":"https:\/\/www.hediyepazar.com\/?product=kirisiklik-azaltici-led-isik-cilt-bakim-aleti-7-renk","title":{"rendered":"K\u0131r\u0131\u015f\u0131kl\u0131k Azalt\u0131c\u0131 LED I\u015f\u0131k Cilt Bak\u0131m Aleti 7 Renk"},"content":{"rendered":"<p>LED \u0131\u015f\u0131k destekli k\u0131r\u0131\u015f\u0131kl\u0131k kar\u015f\u0131t\u0131 cilt bak\u0131m cihaz\u0131, ya\u015flanma belirtilerine kar\u015f\u0131 bak\u0131m rutininizi destekler. I\u015f\u0131k terapisi, cildin daha s\u0131k\u0131 ve canl\u0131 g\u00f6r\u00fcnmesine yard\u0131mc\u0131 olur.7 farkl\u0131 LED rengi ile ki\u015fisel bak\u0131m ihtiya\u00e7lar\u0131na g\u00f6re kullan\u0131m imk\u00e2n\u0131 sunar. USB \u015farjl\u0131 yap\u0131s\u0131 ile kablo karma\u015fas\u0131 olu\u015fturmaz.<\/p>\n","protected":false},"excerpt":{"rendered":"<p>LED \u0131\u015f\u0131k destekli k\u0131r\u0131\u015f\u0131kl\u0131k kar\u015f\u0131t\u0131 cilt bak\u0131m cihaz\u0131, ya\u015flanma belirtilerine kar\u015f\u0131 bak\u0131m rutininizi destekler. I\u015f\u0131k terapisi, cildin daha s\u0131k\u0131 ve canl\u0131 g\u00f6r\u00fcnmesine yard\u0131mc\u0131 olur.7 farkl\u0131 LED rengi ile ki\u015fisel bak\u0131m ihtiya\u00e7lar\u0131na g\u00f6re kullan\u0131m imk\u00e2n\u0131 sunar. USB \u015farjl\u0131 yap\u0131s\u0131 ile kablo karma\u015fas\u0131 olu\u015fturmaz.<\/p>\n","protected":false},"featured_media":124951,"comment_status":"open","ping_status":"closed","template":"","meta":{"_kad_post_transparent":"","_kad_post_title":"","_kad_post_layout":"","_kad_post_sidebar_id":"","_kad_post_content_style":"","_kad_post_vertical_padding":"","_kad_post_feature":"","_kad_post_feature_position":"","_kad_post_header":false,"_kad_post_footer":false,"_kad_post_classname":""},"product_brand":[],"product_cat":[14917],"product_tag":[],"class_list":{"0":"post-124952","1":"product","2":"type-product","3":"status-publish","4":"has-post-thumbnail","6":"product_cat-yuz-masaj-aleti-yuz-masaj-aleti","8":"first","9":"instock","10":"purchasable","11":"product-type-simple","12":"entry","13":"content-bg","14":"loop-entry"},"_links":{"self":[{"href":"https:\/\/www.hediyepazar.com\/index.php?rest_route=\/wp\/v2\/product\/124952","targetHints":{"allow":["GET"]}}],"collection":[{"href":"https:\/\/www.hediyepazar.com\/index.php?rest_route=\/wp\/v2\/product"}],"about":[{"href":"https:\/\/www.hediyepazar.com\/index.php?rest_route=\/wp\/v2\/types\/product"}],"replies":[{"embeddable":true,"href":"https:\/\/www.hediyepazar.com\/index.php?rest_route=%2Fwp%2Fv2%2Fcomments&post=124952"}],"wp:featuredmedia":[{"embeddable":true,"href":"https:\/\/www.hediyepazar.com\/index.php?rest_route=\/wp\/v2\/media\/124951"}],"wp:attachment":[{"href":"https:\/\/www.hediyepazar.com\/index.php?rest_route=%2Fwp%2Fv2%2Fmedia&parent=124952"}],"wp:term":[{"taxonomy":"product_brand","embeddable":true,"href":"https:\/\/www.hediyepazar.com\/index.php?rest_route=%2Fwp%2Fv2%2Fproduct_brand&post=124952"},{"taxonomy":"product_cat","embeddable":true,"href":"https:\/\/www.hediyepazar.com\/index.php?rest_route=%2Fwp%2Fv2%2Fproduct_cat&post=124952"},{"taxonomy":"product_tag","embeddable":true,"href":"https:\/\/www.hediyepazar.com\/index.php?rest_route=%2Fwp%2Fv2%2Fproduct_tag&post=124952"}],"curies":[{"name":"wp","href":"https:\/\/api.w.org\/{rel}","templated":true}]}}