{"id":124958,"date":"2026-05-06T16:52:01","date_gmt":"2026-05-06T19:52:01","guid":{"rendered":"https:\/\/www.hediyepazar.com\/?product=led-isik-destekli-kirisiklik-karsiti-yuz-bakim-aleti"},"modified":"2026-05-06T16:52:01","modified_gmt":"2026-05-06T19:52:01","slug":"led-isik-destekli-kirisiklik-karsiti-yuz-bakim-aleti","status":"publish","type":"product","link":"https:\/\/www.hediyepazar.com\/?product=led-isik-destekli-kirisiklik-karsiti-yuz-bakim-aleti","title":{"rendered":"LED I\u015f\u0131k Destekli K\u0131r\u0131\u015f\u0131kl\u0131k Kar\u015f\u0131t\u0131 Y\u00fcz Bak\u0131m Aleti"},"content":{"rendered":"<p>Bu LED \u0131\u015f\u0131k terapili bak\u0131m cihaz\u0131, k\u0131r\u0131\u015f\u0131kl\u0131k g\u00f6r\u00fcn\u00fcm\u00fcn\u00fc azaltmaya ve cilt elastikiyetini desteklemeye yard\u0131mc\u0131 olur. I\u015f\u0131k terapisi ve masaj etkisi birlikte \u00e7al\u0131\u015farak cildin daha s\u0131k\u0131 g\u00f6r\u00fcnmesine katk\u0131 sa\u011flar.7 farkl\u0131 renk modu ile her cilt tipine uygun bak\u0131m se\u00e7ene\u011fi sunar. Evde d\u00fczenli bak\u0131m rutini olu\u015fturmak i\u00e7in idealdir.<\/p>\n","protected":false},"excerpt":{"rendered":"<p>Bu LED \u0131\u015f\u0131k terapili bak\u0131m cihaz\u0131, k\u0131r\u0131\u015f\u0131kl\u0131k g\u00f6r\u00fcn\u00fcm\u00fcn\u00fc azaltmaya ve cilt elastikiyetini desteklemeye yard\u0131mc\u0131 olur. I\u015f\u0131k terapisi ve masaj etkisi birlikte \u00e7al\u0131\u015farak cildin daha s\u0131k\u0131 g\u00f6r\u00fcnmesine katk\u0131 sa\u011flar.7 farkl\u0131 renk modu ile her cilt tipine uygun bak\u0131m se\u00e7ene\u011fi sunar. Evde d\u00fczenli bak\u0131m rutini olu\u015fturmak i\u00e7in idealdir.<\/p>\n","protected":false},"featured_media":124957,"comment_status":"open","ping_status":"closed","template":"","meta":{"_kad_post_transparent":"","_kad_post_title":"","_kad_post_layout":"","_kad_post_sidebar_id":"","_kad_post_content_style":"","_kad_post_vertical_padding":"","_kad_post_feature":"","_kad_post_feature_position":"","_kad_post_header":false,"_kad_post_footer":false,"_kad_post_classname":""},"product_brand":[],"product_cat":[14917],"product_tag":[],"class_list":{"0":"post-124958","1":"product","2":"type-product","3":"status-publish","4":"has-post-thumbnail","6":"product_cat-yuz-masaj-aleti-yuz-masaj-aleti","8":"first","9":"instock","10":"purchasable","11":"product-type-simple","12":"entry","13":"content-bg","14":"loop-entry"},"_links":{"self":[{"href":"https:\/\/www.hediyepazar.com\/index.php?rest_route=\/wp\/v2\/product\/124958","targetHints":{"allow":["GET"]}}],"collection":[{"href":"https:\/\/www.hediyepazar.com\/index.php?rest_route=\/wp\/v2\/product"}],"about":[{"href":"https:\/\/www.hediyepazar.com\/index.php?rest_route=\/wp\/v2\/types\/product"}],"replies":[{"embeddable":true,"href":"https:\/\/www.hediyepazar.com\/index.php?rest_route=%2Fwp%2Fv2%2Fcomments&post=124958"}],"wp:featuredmedia":[{"embeddable":true,"href":"https:\/\/www.hediyepazar.com\/index.php?rest_route=\/wp\/v2\/media\/124957"}],"wp:attachment":[{"href":"https:\/\/www.hediyepazar.com\/index.php?rest_route=%2Fwp%2Fv2%2Fmedia&parent=124958"}],"wp:term":[{"taxonomy":"product_brand","embeddable":true,"href":"https:\/\/www.hediyepazar.com\/index.php?rest_route=%2Fwp%2Fv2%2Fproduct_brand&post=124958"},{"taxonomy":"product_cat","embeddable":true,"href":"https:\/\/www.hediyepazar.com\/index.php?rest_route=%2Fwp%2Fv2%2Fproduct_cat&post=124958"},{"taxonomy":"product_tag","embeddable":true,"href":"https:\/\/www.hediyepazar.com\/index.php?rest_route=%2Fwp%2Fv2%2Fproduct_tag&post=124958"}],"curies":[{"name":"wp","href":"https:\/\/api.w.org\/{rel}","templated":true}]}}