{"id":124962,"date":"2026-05-06T16:52:12","date_gmt":"2026-05-06T19:52:12","guid":{"rendered":"https:\/\/www.hediyepazar.com\/?product=dis-mekan-led-kayan-yildiz-isigi-10-cubuk-aydinlatma"},"modified":"2026-05-06T16:52:12","modified_gmt":"2026-05-06T19:52:12","slug":"dis-mekan-led-kayan-yildiz-isigi-10-cubuk-aydinlatma","status":"publish","type":"product","link":"https:\/\/www.hediyepazar.com\/?product=dis-mekan-led-kayan-yildiz-isigi-10-cubuk-aydinlatma","title":{"rendered":"D\u0131\u015f Mekan LED Kayan Y\u0131ld\u0131z I\u015f\u0131\u011f\u0131 10 \u00c7ubuk Ayd\u0131nlatma"},"content":{"rendered":"<p>Dekoratif LED meteor \u0131\u015f\u0131k seti, 10 adet \u00e7ubuk ile geni\u015f alanlarda etkili bir ayd\u0131nlatma sunar. Kayan y\u0131ld\u0131z efekti ile klasik sabit \u0131\u015f\u0131klardan ayr\u0131l\u0131r ve bulundu\u011fu ortama hareket kazand\u0131r\u0131r.Bah\u00e7e, balkon, teras ve d\u0131\u015f cephe dekorasyonlar\u0131nda g\u00fc\u00e7l\u00fc bir g\u00f6rsel etki olu\u015fturur. LED yap\u0131s\u0131 sayesinde enerji tasarrufludur ve uzun \u00f6m\u00fcrl\u00fcd\u00fcr.\u00d6zel g\u00fcnlerde, y\u0131lba\u015f\u0131 s\u00fcslemelerinde veya s\u00fcrekli dekoratif kullan\u0131m i\u00e7in uygundur.<\/p>\n","protected":false},"excerpt":{"rendered":"<p>Dekoratif LED meteor \u0131\u015f\u0131k seti, 10 adet \u00e7ubuk ile geni\u015f alanlarda etkili bir ayd\u0131nlatma sunar. Kayan y\u0131ld\u0131z efekti ile klasik sabit \u0131\u015f\u0131klardan ayr\u0131l\u0131r ve bulundu\u011fu ortama hareket kazand\u0131r\u0131r.Bah\u00e7e, balkon, teras ve d\u0131\u015f cephe dekorasyonlar\u0131nda g\u00fc\u00e7l\u00fc bir g\u00f6rsel etki olu\u015fturur. LED yap\u0131s\u0131 sayesinde enerji tasarrufludur ve uzun \u00f6m\u00fcrl\u00fcd\u00fcr.\u00d6zel g\u00fcnlerde, y\u0131lba\u015f\u0131 s\u00fcslemelerinde veya s\u00fcrekli dekoratif kullan\u0131m i\u00e7in&#8230;<\/p>\n","protected":false},"featured_media":124961,"comment_status":"open","ping_status":"closed","template":"","meta":{"_kad_post_transparent":"","_kad_post_title":"","_kad_post_layout":"","_kad_post_sidebar_id":"","_kad_post_content_style":"","_kad_post_vertical_padding":"","_kad_post_feature":"","_kad_post_feature_position":"","_kad_post_header":false,"_kad_post_footer":false,"_kad_post_classname":""},"product_brand":[],"product_cat":[14933],"product_tag":[],"class_list":{"0":"post-124962","1":"product","2":"type-product","3":"status-publish","4":"has-post-thumbnail","6":"product_cat-led-isik-led-isik","8":"first","9":"instock","10":"purchasable","11":"product-type-simple","12":"entry","13":"content-bg","14":"loop-entry"},"_links":{"self":[{"href":"https:\/\/www.hediyepazar.com\/index.php?rest_route=\/wp\/v2\/product\/124962","targetHints":{"allow":["GET"]}}],"collection":[{"href":"https:\/\/www.hediyepazar.com\/index.php?rest_route=\/wp\/v2\/product"}],"about":[{"href":"https:\/\/www.hediyepazar.com\/index.php?rest_route=\/wp\/v2\/types\/product"}],"replies":[{"embeddable":true,"href":"https:\/\/www.hediyepazar.com\/index.php?rest_route=%2Fwp%2Fv2%2Fcomments&post=124962"}],"wp:featuredmedia":[{"embeddable":true,"href":"https:\/\/www.hediyepazar.com\/index.php?rest_route=\/wp\/v2\/media\/124961"}],"wp:attachment":[{"href":"https:\/\/www.hediyepazar.com\/index.php?rest_route=%2Fwp%2Fv2%2Fmedia&parent=124962"}],"wp:term":[{"taxonomy":"product_brand","embeddable":true,"href":"https:\/\/www.hediyepazar.com\/index.php?rest_route=%2Fwp%2Fv2%2Fproduct_brand&post=124962"},{"taxonomy":"product_cat","embeddable":true,"href":"https:\/\/www.hediyepazar.com\/index.php?rest_route=%2Fwp%2Fv2%2Fproduct_cat&post=124962"},{"taxonomy":"product_tag","embeddable":true,"href":"https:\/\/www.hediyepazar.com\/index.php?rest_route=%2Fwp%2Fv2%2Fproduct_tag&post=124962"}],"curies":[{"name":"wp","href":"https:\/\/api.w.org\/{rel}","templated":true}]}}