{"id":124964,"date":"2026-05-06T16:52:17","date_gmt":"2026-05-06T19:52:17","guid":{"rendered":"https:\/\/www.hediyepazar.com\/?product=dekoratif-led-meteor-isik-10lu-cubuk-seti"},"modified":"2026-05-06T16:52:17","modified_gmt":"2026-05-06T19:52:17","slug":"dekoratif-led-meteor-isik-10lu-cubuk-seti","status":"publish","type":"product","link":"https:\/\/www.hediyepazar.com\/?product=dekoratif-led-meteor-isik-10lu-cubuk-seti","title":{"rendered":"Dekoratif LED Meteor I\u015f\u0131k 10\u2019lu \u00c7ubuk Seti"},"content":{"rendered":"<p>10\u2019lu LED meteor \u00e7ubuk seti, \u00f6zel olarak tasarlanm\u0131\u015f ak\u0131\u015fkan \u0131\u015f\u0131k animasyonu ile ger\u00e7ek ya\u011fmur ve kayan y\u0131ld\u0131z efektini yans\u0131t\u0131r. I\u015f\u0131klar \u00e7ubuk boyunca s\u0131rayla yanarak g\u00f6rsel bir hareket olu\u015fturur.D\u00fc\u015f\u00fck enerji t\u00fcketimi sayesinde uzun s\u00fcreli kullan\u0131m sa\u011flar. Y\u0131lba\u015f\u0131, organizasyon, kafe, restoran ve d\u0131\u015f cephe s\u00fcslemelerinde s\u0131kl\u0131kla tercih edilir. Modern ve dikkat \u00e7ekici bir ayd\u0131nlatma isteyenler i\u00e7in idealdir.Kompakt yap\u0131s\u0131 sayesinde depolamas\u0131 kolayd\u0131r ve tekrar tekrar kullan\u0131labilir.<\/p>\n","protected":false},"excerpt":{"rendered":"<p>10\u2019lu LED meteor \u00e7ubuk seti, \u00f6zel olarak tasarlanm\u0131\u015f ak\u0131\u015fkan \u0131\u015f\u0131k animasyonu ile ger\u00e7ek ya\u011fmur ve kayan y\u0131ld\u0131z efektini yans\u0131t\u0131r. I\u015f\u0131klar \u00e7ubuk boyunca s\u0131rayla yanarak g\u00f6rsel bir hareket olu\u015fturur.D\u00fc\u015f\u00fck enerji t\u00fcketimi sayesinde uzun s\u00fcreli kullan\u0131m sa\u011flar. Y\u0131lba\u015f\u0131, organizasyon, kafe, restoran ve d\u0131\u015f cephe s\u00fcslemelerinde s\u0131kl\u0131kla tercih edilir. Modern ve dikkat \u00e7ekici bir ayd\u0131nlatma isteyenler i\u00e7in idealdir.Kompakt&#8230;<\/p>\n","protected":false},"featured_media":124963,"comment_status":"open","ping_status":"closed","template":"","meta":{"_kad_post_transparent":"","_kad_post_title":"","_kad_post_layout":"","_kad_post_sidebar_id":"","_kad_post_content_style":"","_kad_post_vertical_padding":"","_kad_post_feature":"","_kad_post_feature_position":"","_kad_post_header":false,"_kad_post_footer":false,"_kad_post_classname":""},"product_brand":[],"product_cat":[14933],"product_tag":[],"class_list":{"0":"post-124964","1":"product","2":"type-product","3":"status-publish","4":"has-post-thumbnail","6":"product_cat-led-isik-led-isik","8":"first","9":"instock","10":"purchasable","11":"product-type-simple","12":"entry","13":"content-bg","14":"loop-entry"},"_links":{"self":[{"href":"https:\/\/www.hediyepazar.com\/index.php?rest_route=\/wp\/v2\/product\/124964","targetHints":{"allow":["GET"]}}],"collection":[{"href":"https:\/\/www.hediyepazar.com\/index.php?rest_route=\/wp\/v2\/product"}],"about":[{"href":"https:\/\/www.hediyepazar.com\/index.php?rest_route=\/wp\/v2\/types\/product"}],"replies":[{"embeddable":true,"href":"https:\/\/www.hediyepazar.com\/index.php?rest_route=%2Fwp%2Fv2%2Fcomments&post=124964"}],"wp:featuredmedia":[{"embeddable":true,"href":"https:\/\/www.hediyepazar.com\/index.php?rest_route=\/wp\/v2\/media\/124963"}],"wp:attachment":[{"href":"https:\/\/www.hediyepazar.com\/index.php?rest_route=%2Fwp%2Fv2%2Fmedia&parent=124964"}],"wp:term":[{"taxonomy":"product_brand","embeddable":true,"href":"https:\/\/www.hediyepazar.com\/index.php?rest_route=%2Fwp%2Fv2%2Fproduct_brand&post=124964"},{"taxonomy":"product_cat","embeddable":true,"href":"https:\/\/www.hediyepazar.com\/index.php?rest_route=%2Fwp%2Fv2%2Fproduct_cat&post=124964"},{"taxonomy":"product_tag","embeddable":true,"href":"https:\/\/www.hediyepazar.com\/index.php?rest_route=%2Fwp%2Fv2%2Fproduct_tag&post=124964"}],"curies":[{"name":"wp","href":"https:\/\/api.w.org\/{rel}","templated":true}]}}