{"id":124966,"date":"2026-05-06T16:52:23","date_gmt":"2026-05-06T19:52:23","guid":{"rendered":"https:\/\/www.hediyepazar.com\/?product=led-yagmur-isigi-seti-10-adet-meteor-cubuk-aydinlatma"},"modified":"2026-05-06T16:52:23","modified_gmt":"2026-05-06T19:52:23","slug":"led-yagmur-isigi-seti-10-adet-meteor-cubuk-aydinlatma","status":"publish","type":"product","link":"https:\/\/www.hediyepazar.com\/?product=led-yagmur-isigi-seti-10-adet-meteor-cubuk-aydinlatma","title":{"rendered":"LED Ya\u011fmur I\u015f\u0131\u011f\u0131 Seti 10 Adet Meteor \u00c7ubuk Ayd\u0131nlatma"},"content":{"rendered":"<p>Bu LED ya\u011fmur \u0131\u015f\u0131\u011f\u0131 seti, 10 adet meteor \u00e7ubuktan olu\u015fur ve kayan y\u0131ld\u0131z g\u00f6r\u00fcn\u00fcm\u00fc ile dikkat \u00e7eker. I\u015f\u0131klar\u0131n ak\u0131\u015f efekti sayesinde bulundu\u011fu ortamda hareketli ve \u015f\u0131k bir ayd\u0131nlatma sa\u011flar.Hem i\u00e7 hem d\u0131\u015f mek\u00e2n dekorasyonlar\u0131nda kullan\u0131labilir. Dayan\u0131kl\u0131 yap\u0131s\u0131 sayesinde uzun \u00f6m\u00fcrl\u00fc kullan\u0131m sunar. Balkon, teras, bah\u00e7e ve vitrin dekorasyonlar\u0131nda estetik bir atmosfer olu\u015fturur.Kurulumu kolayd\u0131r ve ekstra bir teknik bilgi gerektirmez. G\u00f6rsel olarak g\u00fc\u00e7l\u00fc bir dekoratif ayd\u0131nlatma \u00e7\u00f6z\u00fcm\u00fcd\u00fcr.<\/p>\n","protected":false},"excerpt":{"rendered":"<p>Bu LED ya\u011fmur \u0131\u015f\u0131\u011f\u0131 seti, 10 adet meteor \u00e7ubuktan olu\u015fur ve kayan y\u0131ld\u0131z g\u00f6r\u00fcn\u00fcm\u00fc ile dikkat \u00e7eker. I\u015f\u0131klar\u0131n ak\u0131\u015f efekti sayesinde bulundu\u011fu ortamda hareketli ve \u015f\u0131k bir ayd\u0131nlatma sa\u011flar.Hem i\u00e7 hem d\u0131\u015f mek\u00e2n dekorasyonlar\u0131nda kullan\u0131labilir. Dayan\u0131kl\u0131 yap\u0131s\u0131 sayesinde uzun \u00f6m\u00fcrl\u00fc kullan\u0131m sunar. Balkon, teras, bah\u00e7e ve vitrin dekorasyonlar\u0131nda estetik bir atmosfer olu\u015fturur.Kurulumu kolayd\u0131r ve ekstra&#8230;<\/p>\n","protected":false},"featured_media":124965,"comment_status":"open","ping_status":"closed","template":"","meta":{"_kad_post_transparent":"","_kad_post_title":"","_kad_post_layout":"","_kad_post_sidebar_id":"","_kad_post_content_style":"","_kad_post_vertical_padding":"","_kad_post_feature":"","_kad_post_feature_position":"","_kad_post_header":false,"_kad_post_footer":false,"_kad_post_classname":""},"product_brand":[],"product_cat":[14933],"product_tag":[],"class_list":{"0":"post-124966","1":"product","2":"type-product","3":"status-publish","4":"has-post-thumbnail","6":"product_cat-led-isik-led-isik","8":"first","9":"instock","10":"purchasable","11":"product-type-simple","12":"entry","13":"content-bg","14":"loop-entry"},"_links":{"self":[{"href":"https:\/\/www.hediyepazar.com\/index.php?rest_route=\/wp\/v2\/product\/124966","targetHints":{"allow":["GET"]}}],"collection":[{"href":"https:\/\/www.hediyepazar.com\/index.php?rest_route=\/wp\/v2\/product"}],"about":[{"href":"https:\/\/www.hediyepazar.com\/index.php?rest_route=\/wp\/v2\/types\/product"}],"replies":[{"embeddable":true,"href":"https:\/\/www.hediyepazar.com\/index.php?rest_route=%2Fwp%2Fv2%2Fcomments&post=124966"}],"wp:featuredmedia":[{"embeddable":true,"href":"https:\/\/www.hediyepazar.com\/index.php?rest_route=\/wp\/v2\/media\/124965"}],"wp:attachment":[{"href":"https:\/\/www.hediyepazar.com\/index.php?rest_route=%2Fwp%2Fv2%2Fmedia&parent=124966"}],"wp:term":[{"taxonomy":"product_brand","embeddable":true,"href":"https:\/\/www.hediyepazar.com\/index.php?rest_route=%2Fwp%2Fv2%2Fproduct_brand&post=124966"},{"taxonomy":"product_cat","embeddable":true,"href":"https:\/\/www.hediyepazar.com\/index.php?rest_route=%2Fwp%2Fv2%2Fproduct_cat&post=124966"},{"taxonomy":"product_tag","embeddable":true,"href":"https:\/\/www.hediyepazar.com\/index.php?rest_route=%2Fwp%2Fv2%2Fproduct_tag&post=124966"}],"curies":[{"name":"wp","href":"https:\/\/api.w.org\/{rel}","templated":true}]}}