{"id":124968,"date":"2026-05-06T16:52:29","date_gmt":"2026-05-06T19:52:29","guid":{"rendered":"https:\/\/www.hediyepazar.com\/?product=kayan-yildiz-led-aydinlatma-10-cubuk-dis-mekan-uyumlu"},"modified":"2026-05-06T16:52:29","modified_gmt":"2026-05-06T19:52:29","slug":"kayan-yildiz-led-aydinlatma-10-cubuk-dis-mekan-uyumlu","status":"publish","type":"product","link":"https:\/\/www.hediyepazar.com\/?product=kayan-yildiz-led-aydinlatma-10-cubuk-dis-mekan-uyumlu","title":{"rendered":"Kayan Y\u0131ld\u0131z LED Ayd\u0131nlatma 10 \u00c7ubuk D\u0131\u015f Mekan Uyumlu"},"content":{"rendered":"<p>LED meteor ya\u011fmur \u0131\u015f\u0131\u011f\u0131 seti, 10 adet LED \u00e7ubuktan olu\u015fan dekoratif bir ayd\u0131nlatma \u00fcr\u00fcn\u00fcd\u00fcr. Kayan y\u0131ld\u0131z ve ya\u011fmur efekti olu\u015fturan animasyonu sayesinde bulundu\u011fu ortama dikkat \u00e7ekici ve \u015f\u0131k bir g\u00f6r\u00fcn\u00fcm kazand\u0131r\u0131r. \u00d6zellikle y\u0131lba\u015f\u0131, bah\u00e7e, balkon, teras ve d\u0131\u015f cephe s\u00fcslemelerinde s\u0131kl\u0131kla tercih edilir.Her bir \u00e7ubuk i\u00e7erisinde s\u0131ral\u0131 LED\u2019ler bulunur ve \u0131\u015f\u0131klar yukar\u0131dan a\u015fa\u011f\u0131ya do\u011fru akarak ger\u00e7ek\u00e7i bir meteor efekti olu\u015fturur. Gece kullan\u0131m\u0131nda g\u00fc\u00e7l\u00fc ve net bir ayd\u0131nlatma sa\u011flar. Birlikte \u00e7al\u0131\u015farak alan\u0131n tamam\u0131nda b\u00fct\u00fcnc\u00fcl bir g\u00f6rsel \u015f\u00f6len sunar.Kolay montaj imk\u00e2n\u0131 sunan yap\u0131s\u0131 sayesinde pratik \u015fekilde as\u0131labilir. Dekoratif ayd\u0131nlatma arayanlar i\u00e7in ideal bir \u00fcr\u00fcnd\u00fcr.<\/p>\n","protected":false},"excerpt":{"rendered":"<p>LED meteor ya\u011fmur \u0131\u015f\u0131\u011f\u0131 seti, 10 adet LED \u00e7ubuktan olu\u015fan dekoratif bir ayd\u0131nlatma \u00fcr\u00fcn\u00fcd\u00fcr. Kayan y\u0131ld\u0131z ve ya\u011fmur efekti olu\u015fturan animasyonu sayesinde bulundu\u011fu ortama dikkat \u00e7ekici ve \u015f\u0131k bir g\u00f6r\u00fcn\u00fcm kazand\u0131r\u0131r. \u00d6zellikle y\u0131lba\u015f\u0131, bah\u00e7e, balkon, teras ve d\u0131\u015f cephe s\u00fcslemelerinde s\u0131kl\u0131kla tercih edilir.Her bir \u00e7ubuk i\u00e7erisinde s\u0131ral\u0131 LED\u2019ler bulunur ve \u0131\u015f\u0131klar yukar\u0131dan a\u015fa\u011f\u0131ya do\u011fru akarak&#8230;<\/p>\n","protected":false},"featured_media":124967,"comment_status":"open","ping_status":"closed","template":"","meta":{"_kad_post_transparent":"","_kad_post_title":"","_kad_post_layout":"","_kad_post_sidebar_id":"","_kad_post_content_style":"","_kad_post_vertical_padding":"","_kad_post_feature":"","_kad_post_feature_position":"","_kad_post_header":false,"_kad_post_footer":false,"_kad_post_classname":""},"product_brand":[],"product_cat":[14933],"product_tag":[],"class_list":{"0":"post-124968","1":"product","2":"type-product","3":"status-publish","4":"has-post-thumbnail","6":"product_cat-led-isik-led-isik","8":"first","9":"instock","10":"purchasable","11":"product-type-simple","12":"entry","13":"content-bg","14":"loop-entry"},"_links":{"self":[{"href":"https:\/\/www.hediyepazar.com\/index.php?rest_route=\/wp\/v2\/product\/124968","targetHints":{"allow":["GET"]}}],"collection":[{"href":"https:\/\/www.hediyepazar.com\/index.php?rest_route=\/wp\/v2\/product"}],"about":[{"href":"https:\/\/www.hediyepazar.com\/index.php?rest_route=\/wp\/v2\/types\/product"}],"replies":[{"embeddable":true,"href":"https:\/\/www.hediyepazar.com\/index.php?rest_route=%2Fwp%2Fv2%2Fcomments&post=124968"}],"wp:featuredmedia":[{"embeddable":true,"href":"https:\/\/www.hediyepazar.com\/index.php?rest_route=\/wp\/v2\/media\/124967"}],"wp:attachment":[{"href":"https:\/\/www.hediyepazar.com\/index.php?rest_route=%2Fwp%2Fv2%2Fmedia&parent=124968"}],"wp:term":[{"taxonomy":"product_brand","embeddable":true,"href":"https:\/\/www.hediyepazar.com\/index.php?rest_route=%2Fwp%2Fv2%2Fproduct_brand&post=124968"},{"taxonomy":"product_cat","embeddable":true,"href":"https:\/\/www.hediyepazar.com\/index.php?rest_route=%2Fwp%2Fv2%2Fproduct_cat&post=124968"},{"taxonomy":"product_tag","embeddable":true,"href":"https:\/\/www.hediyepazar.com\/index.php?rest_route=%2Fwp%2Fv2%2Fproduct_tag&post=124968"}],"curies":[{"name":"wp","href":"https:\/\/api.w.org\/{rel}","templated":true}]}}