{"id":124970,"date":"2026-05-06T16:52:34","date_gmt":"2026-05-06T19:52:34","guid":{"rendered":"https:\/\/www.hediyepazar.com\/?product=led-meteor-yagmur-isigi-10-adet-cubuk-kayan-yildiz-efektli"},"modified":"2026-05-06T16:52:34","modified_gmt":"2026-05-06T19:52:34","slug":"led-meteor-yagmur-isigi-10-adet-cubuk-kayan-yildiz-efektli","status":"publish","type":"product","link":"https:\/\/www.hediyepazar.com\/?product=led-meteor-yagmur-isigi-10-adet-cubuk-kayan-yildiz-efektli","title":{"rendered":"LED Meteor Ya\u011fmur I\u015f\u0131\u011f\u0131 10 Adet \u00c7ubuk Kayan Y\u0131ld\u0131z Efektli"},"content":{"rendered":"<p>LED meteor ya\u011fmur \u0131\u015f\u0131\u011f\u0131 10\u2019lu set, kayan y\u0131ld\u0131z efektiyle dekorasyonunuza hareket ve derinlik kazand\u0131rmak i\u00e7in tasarlanm\u0131\u015ft\u0131r. Her biri LED dizilimine sahip 10 adet \u00e7ubuk, \u0131\u015f\u0131\u011f\u0131n yukar\u0131dan a\u015fa\u011f\u0131ya do\u011fru akmas\u0131n\u0131 sa\u011flayarak ger\u00e7ek\u00e7i bir ya\u011fmur ve meteor g\u00f6r\u00fcnt\u00fcs\u00fc olu\u015fturur. Bu efekt, \u00f6zellikle gece kullan\u0131mlar\u0131nda bulundu\u011fu ortamda dikkat \u00e7ekici ve estetik bir atmosfer yarat\u0131r.Enerji tasarruflu LED teknolojisi sayesinde uzun s\u00fcreli ve ekonomik kullan\u0131m sunar. Bah\u00e7e, balkon, teras, pencere \u00f6n\u00fc ve d\u0131\u015f cephe s\u00fcslemelerinde rahatl\u0131kla tercih edilebilir. Y\u0131lba\u015f\u0131, \u00f6zel g\u00fcnler, organizasyonlar ve s\u00fcrekli dekoratif ayd\u0131nlatma i\u00e7in uygundur.Kolay montaj imk\u00e2n\u0131 sayesinde ekstra bir ekipman gerektirmeden pratik \u015fekilde kullan\u0131labilir. Dayan\u0131kl\u0131 yap\u0131s\u0131 ile i\u00e7 ve d\u0131\u015f mek\u00e2n dekorasyonlar\u0131nda g\u00fcvenilir bir ayd\u0131nlatma \u00e7\u00f6z\u00fcm\u00fc sunar.<\/p>\n","protected":false},"excerpt":{"rendered":"<p>LED meteor ya\u011fmur \u0131\u015f\u0131\u011f\u0131 10\u2019lu set, kayan y\u0131ld\u0131z efektiyle dekorasyonunuza hareket ve derinlik kazand\u0131rmak i\u00e7in tasarlanm\u0131\u015ft\u0131r. Her biri LED dizilimine sahip 10 adet \u00e7ubuk, \u0131\u015f\u0131\u011f\u0131n yukar\u0131dan a\u015fa\u011f\u0131ya do\u011fru akmas\u0131n\u0131 sa\u011flayarak ger\u00e7ek\u00e7i bir ya\u011fmur ve meteor g\u00f6r\u00fcnt\u00fcs\u00fc olu\u015fturur. Bu efekt, \u00f6zellikle gece kullan\u0131mlar\u0131nda bulundu\u011fu ortamda dikkat \u00e7ekici ve estetik bir atmosfer yarat\u0131r.Enerji tasarruflu LED teknolojisi sayesinde&#8230;<\/p>\n","protected":false},"featured_media":124969,"comment_status":"open","ping_status":"closed","template":"","meta":{"_kad_post_transparent":"","_kad_post_title":"","_kad_post_layout":"","_kad_post_sidebar_id":"","_kad_post_content_style":"","_kad_post_vertical_padding":"","_kad_post_feature":"","_kad_post_feature_position":"","_kad_post_header":false,"_kad_post_footer":false,"_kad_post_classname":""},"product_brand":[],"product_cat":[14933],"product_tag":[],"class_list":{"0":"post-124970","1":"product","2":"type-product","3":"status-publish","4":"has-post-thumbnail","6":"product_cat-led-isik-led-isik","8":"first","9":"instock","10":"purchasable","11":"product-type-simple","12":"entry","13":"content-bg","14":"loop-entry"},"_links":{"self":[{"href":"https:\/\/www.hediyepazar.com\/index.php?rest_route=\/wp\/v2\/product\/124970","targetHints":{"allow":["GET"]}}],"collection":[{"href":"https:\/\/www.hediyepazar.com\/index.php?rest_route=\/wp\/v2\/product"}],"about":[{"href":"https:\/\/www.hediyepazar.com\/index.php?rest_route=\/wp\/v2\/types\/product"}],"replies":[{"embeddable":true,"href":"https:\/\/www.hediyepazar.com\/index.php?rest_route=%2Fwp%2Fv2%2Fcomments&post=124970"}],"wp:featuredmedia":[{"embeddable":true,"href":"https:\/\/www.hediyepazar.com\/index.php?rest_route=\/wp\/v2\/media\/124969"}],"wp:attachment":[{"href":"https:\/\/www.hediyepazar.com\/index.php?rest_route=%2Fwp%2Fv2%2Fmedia&parent=124970"}],"wp:term":[{"taxonomy":"product_brand","embeddable":true,"href":"https:\/\/www.hediyepazar.com\/index.php?rest_route=%2Fwp%2Fv2%2Fproduct_brand&post=124970"},{"taxonomy":"product_cat","embeddable":true,"href":"https:\/\/www.hediyepazar.com\/index.php?rest_route=%2Fwp%2Fv2%2Fproduct_cat&post=124970"},{"taxonomy":"product_tag","embeddable":true,"href":"https:\/\/www.hediyepazar.com\/index.php?rest_route=%2Fwp%2Fv2%2Fproduct_tag&post=124970"}],"curies":[{"name":"wp","href":"https:\/\/api.w.org\/{rel}","templated":true}]}}