{"id":124972,"date":"2026-05-06T16:52:39","date_gmt":"2026-05-06T19:52:39","guid":{"rendered":"https:\/\/www.hediyepazar.com\/?product=guclu-isikli-el-feneri-acil-durum-cekic-ve-pusula"},"modified":"2026-05-06T16:52:39","modified_gmt":"2026-05-06T19:52:39","slug":"guclu-isikli-el-feneri-acil-durum-cekic-ve-pusula","status":"publish","type":"product","link":"https:\/\/www.hediyepazar.com\/?product=guclu-isikli-el-feneri-acil-durum-cekic-ve-pusula","title":{"rendered":"G\u00fc\u00e7l\u00fc I\u015f\u0131kl\u0131 El Feneri Acil Durum \u00c7eki\u00e7 ve Pusula"},"content":{"rendered":"<p>\u00c7eki\u00e7 ve pusula entegreli bu el feneri, acil durumlarda ihtiya\u00e7 duyulan temel fonksiyonlar\u0131 bir araya getirir. Y\u00fcksek parlakl\u0131k sunan LED \u0131\u015f\u0131k karanl\u0131kta g\u00fc\u00e7l\u00fc ayd\u0131nlatma sa\u011flar. Yan \u0131\u015f\u0131k \u00f6zelli\u011fi ise yak\u0131n mesafe kullan\u0131mlar i\u00e7in idealdir.Acil durum cam k\u0131rma \u00e7ekici ile g\u00fcvenli\u011finizi destekler. Pusula, do\u011fa aktivitelerinde y\u00f6n bulmay\u0131 kolayla\u015ft\u0131r\u0131r. USB \u015farjl\u0131 yap\u0131s\u0131 sayesinde her yerde kolayca \u015farj edilebilir.Kompakt ve ergonomik tasar\u0131m\u0131 sayesinde \u00e7anta veya ara\u00e7ta rahatl\u0131kla ta\u015f\u0131nabilir. \u00c7ok y\u00f6nl\u00fc kullan\u0131m arayanlar i\u00e7in ideal bir \u00fcr\u00fcnd\u00fcr.<\/p>\n","protected":false},"excerpt":{"rendered":"<p>\u00c7eki\u00e7 ve pusula entegreli bu el feneri, acil durumlarda ihtiya\u00e7 duyulan temel fonksiyonlar\u0131 bir araya getirir. Y\u00fcksek parlakl\u0131k sunan LED \u0131\u015f\u0131k karanl\u0131kta g\u00fc\u00e7l\u00fc ayd\u0131nlatma sa\u011flar. Yan \u0131\u015f\u0131k \u00f6zelli\u011fi ise yak\u0131n mesafe kullan\u0131mlar i\u00e7in idealdir.Acil durum cam k\u0131rma \u00e7ekici ile g\u00fcvenli\u011finizi destekler. Pusula, do\u011fa aktivitelerinde y\u00f6n bulmay\u0131 kolayla\u015ft\u0131r\u0131r. USB \u015farjl\u0131 yap\u0131s\u0131 sayesinde her yerde kolayca \u015farj&#8230;<\/p>\n","protected":false},"featured_media":124971,"comment_status":"open","ping_status":"closed","template":"","meta":{"_kad_post_transparent":"","_kad_post_title":"","_kad_post_layout":"","_kad_post_sidebar_id":"","_kad_post_content_style":"","_kad_post_vertical_padding":"","_kad_post_feature":"","_kad_post_feature_position":"","_kad_post_header":false,"_kad_post_footer":false,"_kad_post_classname":""},"product_brand":[],"product_cat":[14977],"product_tag":[],"class_list":{"0":"post-124972","1":"product","2":"type-product","3":"status-publish","4":"has-post-thumbnail","6":"product_cat-kamp-lambasi-kamp-lambasi","8":"first","9":"instock","10":"purchasable","11":"product-type-simple","12":"entry","13":"content-bg","14":"loop-entry"},"_links":{"self":[{"href":"https:\/\/www.hediyepazar.com\/index.php?rest_route=\/wp\/v2\/product\/124972","targetHints":{"allow":["GET"]}}],"collection":[{"href":"https:\/\/www.hediyepazar.com\/index.php?rest_route=\/wp\/v2\/product"}],"about":[{"href":"https:\/\/www.hediyepazar.com\/index.php?rest_route=\/wp\/v2\/types\/product"}],"replies":[{"embeddable":true,"href":"https:\/\/www.hediyepazar.com\/index.php?rest_route=%2Fwp%2Fv2%2Fcomments&post=124972"}],"wp:featuredmedia":[{"embeddable":true,"href":"https:\/\/www.hediyepazar.com\/index.php?rest_route=\/wp\/v2\/media\/124971"}],"wp:attachment":[{"href":"https:\/\/www.hediyepazar.com\/index.php?rest_route=%2Fwp%2Fv2%2Fmedia&parent=124972"}],"wp:term":[{"taxonomy":"product_brand","embeddable":true,"href":"https:\/\/www.hediyepazar.com\/index.php?rest_route=%2Fwp%2Fv2%2Fproduct_brand&post=124972"},{"taxonomy":"product_cat","embeddable":true,"href":"https:\/\/www.hediyepazar.com\/index.php?rest_route=%2Fwp%2Fv2%2Fproduct_cat&post=124972"},{"taxonomy":"product_tag","embeddable":true,"href":"https:\/\/www.hediyepazar.com\/index.php?rest_route=%2Fwp%2Fv2%2Fproduct_tag&post=124972"}],"curies":[{"name":"wp","href":"https:\/\/api.w.org\/{rel}","templated":true}]}}