{"id":124974,"date":"2026-05-06T16:52:45","date_gmt":"2026-05-06T19:52:45","guid":{"rendered":"https:\/\/www.hediyepazar.com\/?product=cok-fonksiyonlu-acil-durum-feneri-yan-isikli-cekicli"},"modified":"2026-05-06T16:52:45","modified_gmt":"2026-05-06T19:52:45","slug":"cok-fonksiyonlu-acil-durum-feneri-yan-isikli-cekicli","status":"publish","type":"product","link":"https:\/\/www.hediyepazar.com\/?product=cok-fonksiyonlu-acil-durum-feneri-yan-isikli-cekicli","title":{"rendered":"\u00c7ok Fonksiyonlu Acil Durum Feneri Yan I\u015f\u0131kl\u0131 \u00c7eki\u00e7li"},"content":{"rendered":"<p>Bu acil durum feneri, \u00e7ok fonksiyonlu yap\u0131s\u0131yla hem g\u00fcnl\u00fck hem de \u00f6zel durumlar i\u00e7in tasarlanm\u0131\u015ft\u0131r. G\u00fc\u00e7l\u00fc LED \u0131\u015f\u0131k sistemi karanl\u0131k alanlarda net g\u00f6r\u00fc\u015f sa\u011flar. Yan \u0131\u015f\u0131k modu, geni\u015f alanlar\u0131 ayd\u0131nlatmak i\u00e7in idealdir.Acil durum \u00e7ekici, ara\u00e7 kazalar\u0131nda veya cam k\u0131r\u0131lmas\u0131 gereken anlarda hayati \u00f6nem ta\u015f\u0131r. Pusula \u00f6zelli\u011fi ile y\u00f6n\u00fcn\u00fcz\u00fc kolayca belirleyebilirsiniz. USB \u015farj edilebilir batarya sayesinde uzun s\u00fcreli ve ekonomik kullan\u0131m sunar.Dayan\u0131kl\u0131 malzemeden \u00fcretilmi\u015f olup d\u0131\u015f mek\u00e2n kullan\u0131m\u0131na uygundur. Kamp, ara\u00e7 ve ev i\u00e7in g\u00fcvenilir bir yard\u0131mc\u0131d\u0131r.<\/p>\n","protected":false},"excerpt":{"rendered":"<p>Bu acil durum feneri, \u00e7ok fonksiyonlu yap\u0131s\u0131yla hem g\u00fcnl\u00fck hem de \u00f6zel durumlar i\u00e7in tasarlanm\u0131\u015ft\u0131r. G\u00fc\u00e7l\u00fc LED \u0131\u015f\u0131k sistemi karanl\u0131k alanlarda net g\u00f6r\u00fc\u015f sa\u011flar. Yan \u0131\u015f\u0131k modu, geni\u015f alanlar\u0131 ayd\u0131nlatmak i\u00e7in idealdir.Acil durum \u00e7ekici, ara\u00e7 kazalar\u0131nda veya cam k\u0131r\u0131lmas\u0131 gereken anlarda hayati \u00f6nem ta\u015f\u0131r. Pusula \u00f6zelli\u011fi ile y\u00f6n\u00fcn\u00fcz\u00fc kolayca belirleyebilirsiniz. USB \u015farj edilebilir batarya sayesinde&#8230;<\/p>\n","protected":false},"featured_media":124973,"comment_status":"open","ping_status":"closed","template":"","meta":{"_kad_post_transparent":"","_kad_post_title":"","_kad_post_layout":"","_kad_post_sidebar_id":"","_kad_post_content_style":"","_kad_post_vertical_padding":"","_kad_post_feature":"","_kad_post_feature_position":"","_kad_post_header":false,"_kad_post_footer":false,"_kad_post_classname":""},"product_brand":[],"product_cat":[14977],"product_tag":[],"class_list":{"0":"post-124974","1":"product","2":"type-product","3":"status-publish","4":"has-post-thumbnail","6":"product_cat-kamp-lambasi-kamp-lambasi","8":"first","9":"instock","10":"purchasable","11":"product-type-simple","12":"entry","13":"content-bg","14":"loop-entry"},"_links":{"self":[{"href":"https:\/\/www.hediyepazar.com\/index.php?rest_route=\/wp\/v2\/product\/124974","targetHints":{"allow":["GET"]}}],"collection":[{"href":"https:\/\/www.hediyepazar.com\/index.php?rest_route=\/wp\/v2\/product"}],"about":[{"href":"https:\/\/www.hediyepazar.com\/index.php?rest_route=\/wp\/v2\/types\/product"}],"replies":[{"embeddable":true,"href":"https:\/\/www.hediyepazar.com\/index.php?rest_route=%2Fwp%2Fv2%2Fcomments&post=124974"}],"wp:featuredmedia":[{"embeddable":true,"href":"https:\/\/www.hediyepazar.com\/index.php?rest_route=\/wp\/v2\/media\/124973"}],"wp:attachment":[{"href":"https:\/\/www.hediyepazar.com\/index.php?rest_route=%2Fwp%2Fv2%2Fmedia&parent=124974"}],"wp:term":[{"taxonomy":"product_brand","embeddable":true,"href":"https:\/\/www.hediyepazar.com\/index.php?rest_route=%2Fwp%2Fv2%2Fproduct_brand&post=124974"},{"taxonomy":"product_cat","embeddable":true,"href":"https:\/\/www.hediyepazar.com\/index.php?rest_route=%2Fwp%2Fv2%2Fproduct_cat&post=124974"},{"taxonomy":"product_tag","embeddable":true,"href":"https:\/\/www.hediyepazar.com\/index.php?rest_route=%2Fwp%2Fv2%2Fproduct_tag&post=124974"}],"curies":[{"name":"wp","href":"https:\/\/api.w.org\/{rel}","templated":true}]}}