{"id":124976,"date":"2026-05-06T16:53:00","date_gmt":"2026-05-06T19:53:00","guid":{"rendered":"https:\/\/www.hediyepazar.com\/?product=usb-sarjli-cok-amacli-el-feneri-cekicli-pusulali"},"modified":"2026-05-06T16:53:00","modified_gmt":"2026-05-06T19:53:00","slug":"usb-sarjli-cok-amacli-el-feneri-cekicli-pusulali","status":"publish","type":"product","link":"https:\/\/www.hediyepazar.com\/?product=usb-sarjli-cok-amacli-el-feneri-cekicli-pusulali","title":{"rendered":"USB \u015earjl\u0131 \u00c7ok Ama\u00e7l\u0131 El Feneri \u00c7eki\u00e7li Pusulal\u0131"},"content":{"rendered":"<p>\u00c7eki\u00e7li pusulal\u0131 el feneri, beklenmedik durumlara kar\u015f\u0131 pratik \u00e7\u00f6z\u00fcmler sunan \u00e7ok ama\u00e7l\u0131 bir \u00fcr\u00fcnd\u00fcr. Ana fener modu g\u00fc\u00e7l\u00fc \u0131\u015f\u0131k \u00fcretirken, yan \u0131\u015f\u0131k \u00f6zelli\u011fi \u00e7al\u0131\u015fma lambas\u0131 olarak da kullan\u0131labilir.\u00dczerinde yer alan emniyet \u00e7ekici, cam k\u0131rma gerektiren durumlarda h\u0131zl\u0131 m\u00fcdahale imk\u00e2n\u0131 sunar. Dahili pusula, y\u00f6n tayinini kolayla\u015ft\u0131rarak kamp ve a\u00e7\u0131k hava aktivitelerinde g\u00fcvenli kullan\u0131m sa\u011flar.USB \u015farjl\u0131 olmas\u0131 sayesinde her ortamda kolayca \u015farj edilebilir. Kompakt boyutu ve hafif yap\u0131s\u0131 ile ta\u015f\u0131nmas\u0131 son derece pratiktir.<\/p>\n","protected":false},"excerpt":{"rendered":"<p>\u00c7eki\u00e7li pusulal\u0131 el feneri, beklenmedik durumlara kar\u015f\u0131 pratik \u00e7\u00f6z\u00fcmler sunan \u00e7ok ama\u00e7l\u0131 bir \u00fcr\u00fcnd\u00fcr. Ana fener modu g\u00fc\u00e7l\u00fc \u0131\u015f\u0131k \u00fcretirken, yan \u0131\u015f\u0131k \u00f6zelli\u011fi \u00e7al\u0131\u015fma lambas\u0131 olarak da kullan\u0131labilir.\u00dczerinde yer alan emniyet \u00e7ekici, cam k\u0131rma gerektiren durumlarda h\u0131zl\u0131 m\u00fcdahale imk\u00e2n\u0131 sunar. Dahili pusula, y\u00f6n tayinini kolayla\u015ft\u0131rarak kamp ve a\u00e7\u0131k hava aktivitelerinde g\u00fcvenli kullan\u0131m sa\u011flar.USB \u015farjl\u0131 olmas\u0131&#8230;<\/p>\n","protected":false},"featured_media":124975,"comment_status":"open","ping_status":"closed","template":"","meta":{"_kad_post_transparent":"","_kad_post_title":"","_kad_post_layout":"","_kad_post_sidebar_id":"","_kad_post_content_style":"","_kad_post_vertical_padding":"","_kad_post_feature":"","_kad_post_feature_position":"","_kad_post_header":false,"_kad_post_footer":false,"_kad_post_classname":""},"product_brand":[],"product_cat":[14977],"product_tag":[],"class_list":{"0":"post-124976","1":"product","2":"type-product","3":"status-publish","4":"has-post-thumbnail","6":"product_cat-kamp-lambasi-kamp-lambasi","8":"first","9":"instock","10":"purchasable","11":"product-type-simple","12":"entry","13":"content-bg","14":"loop-entry"},"_links":{"self":[{"href":"https:\/\/www.hediyepazar.com\/index.php?rest_route=\/wp\/v2\/product\/124976","targetHints":{"allow":["GET"]}}],"collection":[{"href":"https:\/\/www.hediyepazar.com\/index.php?rest_route=\/wp\/v2\/product"}],"about":[{"href":"https:\/\/www.hediyepazar.com\/index.php?rest_route=\/wp\/v2\/types\/product"}],"replies":[{"embeddable":true,"href":"https:\/\/www.hediyepazar.com\/index.php?rest_route=%2Fwp%2Fv2%2Fcomments&post=124976"}],"wp:featuredmedia":[{"embeddable":true,"href":"https:\/\/www.hediyepazar.com\/index.php?rest_route=\/wp\/v2\/media\/124975"}],"wp:attachment":[{"href":"https:\/\/www.hediyepazar.com\/index.php?rest_route=%2Fwp%2Fv2%2Fmedia&parent=124976"}],"wp:term":[{"taxonomy":"product_brand","embeddable":true,"href":"https:\/\/www.hediyepazar.com\/index.php?rest_route=%2Fwp%2Fv2%2Fproduct_brand&post=124976"},{"taxonomy":"product_cat","embeddable":true,"href":"https:\/\/www.hediyepazar.com\/index.php?rest_route=%2Fwp%2Fv2%2Fproduct_cat&post=124976"},{"taxonomy":"product_tag","embeddable":true,"href":"https:\/\/www.hediyepazar.com\/index.php?rest_route=%2Fwp%2Fv2%2Fproduct_tag&post=124976"}],"curies":[{"name":"wp","href":"https:\/\/api.w.org\/{rel}","templated":true}]}}