{"id":124982,"date":"2026-05-06T16:53:18","date_gmt":"2026-05-06T19:53:18","guid":{"rendered":"https:\/\/www.hediyepazar.com\/?product=outdoor-ve-acil-durum-icin-guclu-led-el-feneri"},"modified":"2026-05-06T16:53:18","modified_gmt":"2026-05-06T19:53:18","slug":"outdoor-ve-acil-durum-icin-guclu-led-el-feneri","status":"publish","type":"product","link":"https:\/\/www.hediyepazar.com\/?product=outdoor-ve-acil-durum-icin-guclu-led-el-feneri","title":{"rendered":"Outdoor ve Acil Durum \u0130\u00e7in G\u00fc\u00e7l\u00fc LED El Feneri"},"content":{"rendered":"<p>Bu LED el feneri, y\u00fcksek performansl\u0131 \u0131\u015f\u0131k \u00e7\u0131k\u0131\u015f\u0131 ile profesyonel ve g\u00fcnl\u00fck kullan\u0131m i\u00e7in uygundur. Ana \u0131\u015f\u0131k uzun mesafe ayd\u0131nlatma sa\u011flarken, yan COB LED geni\u015f alanlar\u0131 ayd\u0131nlatmak i\u00e7in idealdir.Kompakt yap\u0131s\u0131 sayesinde \u00e7anta veya ara\u00e7 i\u00e7erisinde kolayca ta\u015f\u0131nabilir. \u015earjl\u0131 olmas\u0131 sayesinde her zaman kullan\u0131ma haz\u0131rd\u0131r. Acil durumlar ve elektrik kesintilerinde g\u00fcvenilir bir yard\u0131mc\u0131d\u0131r.<\/p>\n","protected":false},"excerpt":{"rendered":"<p>Bu LED el feneri, y\u00fcksek performansl\u0131 \u0131\u015f\u0131k \u00e7\u0131k\u0131\u015f\u0131 ile profesyonel ve g\u00fcnl\u00fck kullan\u0131m i\u00e7in uygundur. Ana \u0131\u015f\u0131k uzun mesafe ayd\u0131nlatma sa\u011flarken, yan COB LED geni\u015f alanlar\u0131 ayd\u0131nlatmak i\u00e7in idealdir.Kompakt yap\u0131s\u0131 sayesinde \u00e7anta veya ara\u00e7 i\u00e7erisinde kolayca ta\u015f\u0131nabilir. \u015earjl\u0131 olmas\u0131 sayesinde her zaman kullan\u0131ma haz\u0131rd\u0131r. Acil durumlar ve elektrik kesintilerinde g\u00fcvenilir bir yard\u0131mc\u0131d\u0131r.<\/p>\n","protected":false},"featured_media":124981,"comment_status":"open","ping_status":"closed","template":"","meta":{"_kad_post_transparent":"","_kad_post_title":"","_kad_post_layout":"","_kad_post_sidebar_id":"","_kad_post_content_style":"","_kad_post_vertical_padding":"","_kad_post_feature":"","_kad_post_feature_position":"","_kad_post_header":false,"_kad_post_footer":false,"_kad_post_classname":""},"product_brand":[],"product_cat":[14977],"product_tag":[],"class_list":{"0":"post-124982","1":"product","2":"type-product","3":"status-publish","4":"has-post-thumbnail","6":"product_cat-kamp-lambasi-kamp-lambasi","8":"first","9":"instock","10":"purchasable","11":"product-type-simple","12":"entry","13":"content-bg","14":"loop-entry"},"_links":{"self":[{"href":"https:\/\/www.hediyepazar.com\/index.php?rest_route=\/wp\/v2\/product\/124982","targetHints":{"allow":["GET"]}}],"collection":[{"href":"https:\/\/www.hediyepazar.com\/index.php?rest_route=\/wp\/v2\/product"}],"about":[{"href":"https:\/\/www.hediyepazar.com\/index.php?rest_route=\/wp\/v2\/types\/product"}],"replies":[{"embeddable":true,"href":"https:\/\/www.hediyepazar.com\/index.php?rest_route=%2Fwp%2Fv2%2Fcomments&post=124982"}],"wp:featuredmedia":[{"embeddable":true,"href":"https:\/\/www.hediyepazar.com\/index.php?rest_route=\/wp\/v2\/media\/124981"}],"wp:attachment":[{"href":"https:\/\/www.hediyepazar.com\/index.php?rest_route=%2Fwp%2Fv2%2Fmedia&parent=124982"}],"wp:term":[{"taxonomy":"product_brand","embeddable":true,"href":"https:\/\/www.hediyepazar.com\/index.php?rest_route=%2Fwp%2Fv2%2Fproduct_brand&post=124982"},{"taxonomy":"product_cat","embeddable":true,"href":"https:\/\/www.hediyepazar.com\/index.php?rest_route=%2Fwp%2Fv2%2Fproduct_cat&post=124982"},{"taxonomy":"product_tag","embeddable":true,"href":"https:\/\/www.hediyepazar.com\/index.php?rest_route=%2Fwp%2Fv2%2Fproduct_tag&post=124982"}],"curies":[{"name":"wp","href":"https:\/\/api.w.org\/{rel}","templated":true}]}}