{"id":124986,"date":"2026-05-06T16:54:02","date_gmt":"2026-05-06T19:54:02","guid":{"rendered":"https:\/\/www.hediyepazar.com\/?product=guclu-led-el-feneri-sarj-edilebilir-cok-modlu"},"modified":"2026-05-06T16:54:02","modified_gmt":"2026-05-06T19:54:02","slug":"guclu-led-el-feneri-sarj-edilebilir-cok-modlu","status":"publish","type":"product","link":"https:\/\/www.hediyepazar.com\/?product=guclu-led-el-feneri-sarj-edilebilir-cok-modlu","title":{"rendered":"G\u00fc\u00e7l\u00fc LED El Feneri \u015earj Edilebilir \u00c7ok Modlu"},"content":{"rendered":"<p>\u015earjl\u0131 LED el feneri, g\u00fc\u00e7l\u00fc ana LED\u2019i ve yan COB \u0131\u015f\u0131\u011f\u0131 ile \u00e7ok y\u00f6nl\u00fc kullan\u0131m sunar. Yan ayd\u0131nlatma \u00f6zelli\u011fi, tamirat ve yak\u0131n mesafe ayd\u0131nlatmalar\u0131nda b\u00fcy\u00fck kolayl\u0131k sa\u011flar. Y\u00fcksek l\u00fcmen de\u011feri sayesinde karanl\u0131k alanlar\u0131 k\u0131sa s\u00fcrede ayd\u0131nlat\u0131r.Ergonomik g\u00f6vde tasar\u0131m\u0131 sayesinde elde rahat tutulur. Kamp, avc\u0131l\u0131k, bal\u0131k\u00e7\u0131l\u0131k ve ara\u00e7 i\u00e7i kullan\u0131mlar i\u00e7in uygundur. Uzun s\u00fcreli kullan\u0131m i\u00e7in tasarlanm\u0131\u015f dayan\u0131kl\u0131 bir \u00fcr\u00fcnd\u00fcr.<\/p>\n","protected":false},"excerpt":{"rendered":"<p>\u015earjl\u0131 LED el feneri, g\u00fc\u00e7l\u00fc ana LED\u2019i ve yan COB \u0131\u015f\u0131\u011f\u0131 ile \u00e7ok y\u00f6nl\u00fc kullan\u0131m sunar. Yan ayd\u0131nlatma \u00f6zelli\u011fi, tamirat ve yak\u0131n mesafe ayd\u0131nlatmalar\u0131nda b\u00fcy\u00fck kolayl\u0131k sa\u011flar. Y\u00fcksek l\u00fcmen de\u011feri sayesinde karanl\u0131k alanlar\u0131 k\u0131sa s\u00fcrede ayd\u0131nlat\u0131r.Ergonomik g\u00f6vde tasar\u0131m\u0131 sayesinde elde rahat tutulur. Kamp, avc\u0131l\u0131k, bal\u0131k\u00e7\u0131l\u0131k ve ara\u00e7 i\u00e7i kullan\u0131mlar i\u00e7in uygundur. Uzun s\u00fcreli kullan\u0131m i\u00e7in&#8230;<\/p>\n","protected":false},"featured_media":124985,"comment_status":"open","ping_status":"closed","template":"","meta":{"_kad_post_transparent":"","_kad_post_title":"","_kad_post_layout":"","_kad_post_sidebar_id":"","_kad_post_content_style":"","_kad_post_vertical_padding":"","_kad_post_feature":"","_kad_post_feature_position":"","_kad_post_header":false,"_kad_post_footer":false,"_kad_post_classname":""},"product_brand":[],"product_cat":[14977],"product_tag":[],"class_list":{"0":"post-124986","1":"product","2":"type-product","3":"status-publish","4":"has-post-thumbnail","6":"product_cat-kamp-lambasi-kamp-lambasi","8":"first","9":"instock","10":"purchasable","11":"product-type-simple","12":"entry","13":"content-bg","14":"loop-entry"},"_links":{"self":[{"href":"https:\/\/www.hediyepazar.com\/index.php?rest_route=\/wp\/v2\/product\/124986","targetHints":{"allow":["GET"]}}],"collection":[{"href":"https:\/\/www.hediyepazar.com\/index.php?rest_route=\/wp\/v2\/product"}],"about":[{"href":"https:\/\/www.hediyepazar.com\/index.php?rest_route=\/wp\/v2\/types\/product"}],"replies":[{"embeddable":true,"href":"https:\/\/www.hediyepazar.com\/index.php?rest_route=%2Fwp%2Fv2%2Fcomments&post=124986"}],"wp:featuredmedia":[{"embeddable":true,"href":"https:\/\/www.hediyepazar.com\/index.php?rest_route=\/wp\/v2\/media\/124985"}],"wp:attachment":[{"href":"https:\/\/www.hediyepazar.com\/index.php?rest_route=%2Fwp%2Fv2%2Fmedia&parent=124986"}],"wp:term":[{"taxonomy":"product_brand","embeddable":true,"href":"https:\/\/www.hediyepazar.com\/index.php?rest_route=%2Fwp%2Fv2%2Fproduct_brand&post=124986"},{"taxonomy":"product_cat","embeddable":true,"href":"https:\/\/www.hediyepazar.com\/index.php?rest_route=%2Fwp%2Fv2%2Fproduct_cat&post=124986"},{"taxonomy":"product_tag","embeddable":true,"href":"https:\/\/www.hediyepazar.com\/index.php?rest_route=%2Fwp%2Fv2%2Fproduct_tag&post=124986"}],"curies":[{"name":"wp","href":"https:\/\/api.w.org\/{rel}","templated":true}]}}