{"id":124990,"date":"2026-05-06T16:54:14","date_gmt":"2026-05-06T19:54:14","guid":{"rendered":"https:\/\/www.hediyepazar.com\/?product=sarjli-el-feneri-yuksek-isik-gucu-uzun-menzil"},"modified":"2026-05-06T16:54:14","modified_gmt":"2026-05-06T19:54:14","slug":"sarjli-el-feneri-yuksek-isik-gucu-uzun-menzil","status":"publish","type":"product","link":"https:\/\/www.hediyepazar.com\/?product=sarjli-el-feneri-yuksek-isik-gucu-uzun-menzil","title":{"rendered":"\u015earjl\u0131 El Feneri Y\u00fcksek I\u015f\u0131k G\u00fcc\u00fc Uzun Menzil"},"content":{"rendered":"<p>Y\u00fcksek \u0131\u015f\u0131k g\u00fcc\u00fc sunan bu \u015farjl\u0131 el feneri, karanl\u0131k ortamlarda maksimum g\u00f6r\u00fc\u015f sa\u011flamak i\u00e7in tasarlanm\u0131\u015ft\u0131r. G\u00fc\u00e7l\u00fc LED yap\u0131s\u0131 sayesinde uzun mesafeleri net \u015fekilde ayd\u0131nlat\u0131r. A\u00e7\u0131k alan kullan\u0131m\u0131, kamp, do\u011fa y\u00fcr\u00fcy\u00fc\u015fleri ve acil durumlar i\u00e7in ideal bir ayd\u0131nlatma \u00e7\u00f6z\u00fcm\u00fcd\u00fcr.\u015earj edilebilir yap\u0131s\u0131 sayesinde pil maliyetini ortadan kald\u0131r\u0131r. Dayan\u0131kl\u0131 g\u00f6vdesi, zorlu ko\u015fullarda g\u00fcvenle kullan\u0131m imkan\u0131 sunar. \u00c7ok modlu ayd\u0131nlatma se\u00e7enekleri ile ihtiyaca g\u00f6re \u0131\u015f\u0131k ayar\u0131 yap\u0131labilir.<\/p>\n","protected":false},"excerpt":{"rendered":"<p>Y\u00fcksek \u0131\u015f\u0131k g\u00fcc\u00fc sunan bu \u015farjl\u0131 el feneri, karanl\u0131k ortamlarda maksimum g\u00f6r\u00fc\u015f sa\u011flamak i\u00e7in tasarlanm\u0131\u015ft\u0131r. G\u00fc\u00e7l\u00fc LED yap\u0131s\u0131 sayesinde uzun mesafeleri net \u015fekilde ayd\u0131nlat\u0131r. A\u00e7\u0131k alan kullan\u0131m\u0131, kamp, do\u011fa y\u00fcr\u00fcy\u00fc\u015fleri ve acil durumlar i\u00e7in ideal bir ayd\u0131nlatma \u00e7\u00f6z\u00fcm\u00fcd\u00fcr.\u015earj edilebilir yap\u0131s\u0131 sayesinde pil maliyetini ortadan kald\u0131r\u0131r. Dayan\u0131kl\u0131 g\u00f6vdesi, zorlu ko\u015fullarda g\u00fcvenle kullan\u0131m imkan\u0131 sunar. \u00c7ok modlu&#8230;<\/p>\n","protected":false},"featured_media":124989,"comment_status":"open","ping_status":"closed","template":"","meta":{"_kad_post_transparent":"","_kad_post_title":"","_kad_post_layout":"","_kad_post_sidebar_id":"","_kad_post_content_style":"","_kad_post_vertical_padding":"","_kad_post_feature":"","_kad_post_feature_position":"","_kad_post_header":false,"_kad_post_footer":false,"_kad_post_classname":""},"product_brand":[],"product_cat":[14977],"product_tag":[],"class_list":{"0":"post-124990","1":"product","2":"type-product","3":"status-publish","4":"has-post-thumbnail","6":"product_cat-kamp-lambasi-kamp-lambasi","8":"first","9":"instock","10":"purchasable","11":"product-type-simple","12":"entry","13":"content-bg","14":"loop-entry"},"_links":{"self":[{"href":"https:\/\/www.hediyepazar.com\/index.php?rest_route=\/wp\/v2\/product\/124990","targetHints":{"allow":["GET"]}}],"collection":[{"href":"https:\/\/www.hediyepazar.com\/index.php?rest_route=\/wp\/v2\/product"}],"about":[{"href":"https:\/\/www.hediyepazar.com\/index.php?rest_route=\/wp\/v2\/types\/product"}],"replies":[{"embeddable":true,"href":"https:\/\/www.hediyepazar.com\/index.php?rest_route=%2Fwp%2Fv2%2Fcomments&post=124990"}],"wp:featuredmedia":[{"embeddable":true,"href":"https:\/\/www.hediyepazar.com\/index.php?rest_route=\/wp\/v2\/media\/124989"}],"wp:attachment":[{"href":"https:\/\/www.hediyepazar.com\/index.php?rest_route=%2Fwp%2Fv2%2Fmedia&parent=124990"}],"wp:term":[{"taxonomy":"product_brand","embeddable":true,"href":"https:\/\/www.hediyepazar.com\/index.php?rest_route=%2Fwp%2Fv2%2Fproduct_brand&post=124990"},{"taxonomy":"product_cat","embeddable":true,"href":"https:\/\/www.hediyepazar.com\/index.php?rest_route=%2Fwp%2Fv2%2Fproduct_cat&post=124990"},{"taxonomy":"product_tag","embeddable":true,"href":"https:\/\/www.hediyepazar.com\/index.php?rest_route=%2Fwp%2Fv2%2Fproduct_tag&post=124990"}],"curies":[{"name":"wp","href":"https:\/\/api.w.org\/{rel}","templated":true}]}}