{"id":124994,"date":"2026-05-06T16:55:27","date_gmt":"2026-05-06T19:55:27","guid":{"rendered":"https:\/\/www.hediyepazar.com\/?product=kendinden-yapiskanli-led-serit-televizyon-aydinlatmasi-2mt"},"modified":"2026-05-06T16:55:27","modified_gmt":"2026-05-06T19:55:27","slug":"kendinden-yapiskanli-led-serit-televizyon-aydinlatmasi-2mt","status":"publish","type":"product","link":"https:\/\/www.hediyepazar.com\/?product=kendinden-yapiskanli-led-serit-televizyon-aydinlatmasi-2mt","title":{"rendered":"Kendinden Yap\u0131\u015fkanl\u0131 LED \u015eerit Televizyon Ayd\u0131nlatmas\u0131 2mt"},"content":{"rendered":"<p>Bu LED \u015ferit ayd\u0131nlatma, 5V enerji tasarruflu \u00e7al\u0131\u015fma gerilimi ile g\u00fcvenli ve ekonomik bir kullan\u0131m sunar. CE ve RoHS sertifikal\u0131 yap\u0131s\u0131 sayesinde \u00e7ocuklar ve evcil hayvanlar i\u00e7in g\u00fcvenlidir. D\u00fc\u015f\u00fck \u0131s\u0131nma \u00f6zelli\u011fi ile uzun s\u00fcreli kullan\u0131mlarda bile risk olu\u015fturmaz.Televizyon arkas\u0131nda, raf altlar\u0131nda veya dekoratif alanlarda rahatl\u0131kla kullan\u0131labilir. Kolay montaj\u0131 sayesinde teknik bilgi gerektirmeden kurulabilir.<\/p>\n","protected":false},"excerpt":{"rendered":"<p>Bu LED \u015ferit ayd\u0131nlatma, 5V enerji tasarruflu \u00e7al\u0131\u015fma gerilimi ile g\u00fcvenli ve ekonomik bir kullan\u0131m sunar. CE ve RoHS sertifikal\u0131 yap\u0131s\u0131 sayesinde \u00e7ocuklar ve evcil hayvanlar i\u00e7in g\u00fcvenlidir. D\u00fc\u015f\u00fck \u0131s\u0131nma \u00f6zelli\u011fi ile uzun s\u00fcreli kullan\u0131mlarda bile risk olu\u015fturmaz.Televizyon arkas\u0131nda, raf altlar\u0131nda veya dekoratif alanlarda rahatl\u0131kla kullan\u0131labilir. Kolay montaj\u0131 sayesinde teknik bilgi gerektirmeden kurulabilir.<\/p>\n","protected":false},"featured_media":124993,"comment_status":"open","ping_status":"closed","template":"","meta":{"_kad_post_transparent":"","_kad_post_title":"","_kad_post_layout":"","_kad_post_sidebar_id":"","_kad_post_content_style":"","_kad_post_vertical_padding":"","_kad_post_feature":"","_kad_post_feature_position":"","_kad_post_header":false,"_kad_post_footer":false,"_kad_post_classname":""},"product_brand":[],"product_cat":[14933],"product_tag":[],"class_list":{"0":"post-124994","1":"product","2":"type-product","3":"status-publish","4":"has-post-thumbnail","6":"product_cat-led-isik-led-isik","8":"first","9":"instock","10":"purchasable","11":"product-type-simple","12":"entry","13":"content-bg","14":"loop-entry"},"_links":{"self":[{"href":"https:\/\/www.hediyepazar.com\/index.php?rest_route=\/wp\/v2\/product\/124994","targetHints":{"allow":["GET"]}}],"collection":[{"href":"https:\/\/www.hediyepazar.com\/index.php?rest_route=\/wp\/v2\/product"}],"about":[{"href":"https:\/\/www.hediyepazar.com\/index.php?rest_route=\/wp\/v2\/types\/product"}],"replies":[{"embeddable":true,"href":"https:\/\/www.hediyepazar.com\/index.php?rest_route=%2Fwp%2Fv2%2Fcomments&post=124994"}],"wp:featuredmedia":[{"embeddable":true,"href":"https:\/\/www.hediyepazar.com\/index.php?rest_route=\/wp\/v2\/media\/124993"}],"wp:attachment":[{"href":"https:\/\/www.hediyepazar.com\/index.php?rest_route=%2Fwp%2Fv2%2Fmedia&parent=124994"}],"wp:term":[{"taxonomy":"product_brand","embeddable":true,"href":"https:\/\/www.hediyepazar.com\/index.php?rest_route=%2Fwp%2Fv2%2Fproduct_brand&post=124994"},{"taxonomy":"product_cat","embeddable":true,"href":"https:\/\/www.hediyepazar.com\/index.php?rest_route=%2Fwp%2Fv2%2Fproduct_cat&post=124994"},{"taxonomy":"product_tag","embeddable":true,"href":"https:\/\/www.hediyepazar.com\/index.php?rest_route=%2Fwp%2Fv2%2Fproduct_tag&post=124994"}],"curies":[{"name":"wp","href":"https:\/\/api.w.org\/{rel}","templated":true}]}}