{"id":124996,"date":"2026-05-06T16:55:33","date_gmt":"2026-05-06T19:55:33","guid":{"rendered":"https:\/\/www.hediyepazar.com\/?product=uzaktan-kumandali-led-tv-arka-isik-seridi"},"modified":"2026-05-06T16:55:33","modified_gmt":"2026-05-06T19:55:33","slug":"uzaktan-kumandali-led-tv-arka-isik-seridi","status":"publish","type":"product","link":"https:\/\/www.hediyepazar.com\/?product=uzaktan-kumandali-led-tv-arka-isik-seridi","title":{"rendered":"Uzaktan Kumandal\u0131 LED TV Arka I\u015f\u0131k \u015eeridi"},"content":{"rendered":"<p>Uzaktan kumandal\u0131 LED TV arka ayd\u0131nlatma \u015feridi, kullan\u0131c\u0131ya tam kontrol imkan\u0131 sunar. RF kumanda sayesinde renk, mod ve parlakl\u0131k ayarlar\u0131 zahmetsizce yap\u0131labilir. Televizyon ile otomatik \u00e7al\u0131\u015fmad\u0131\u011f\u0131 durumlarda manuel a\u00e7ma kapama \u00f6zelli\u011fi ile pratik kullan\u0131m sa\u011flar.Kendinden yap\u0131\u015fkanl\u0131 bant ve destekleyici tokalar ile sa\u011flam montaj imkan\u0131 sunar. 2 metre uzunlu\u011fundaki LED \u015ferit, \u00e7o\u011fu televizyon modeli ile uyumludur. Modern ve estetik bir g\u00f6r\u00fcn\u00fcm kazand\u0131r\u0131r.<\/p>\n","protected":false},"excerpt":{"rendered":"<p>Uzaktan kumandal\u0131 LED TV arka ayd\u0131nlatma \u015feridi, kullan\u0131c\u0131ya tam kontrol imkan\u0131 sunar. RF kumanda sayesinde renk, mod ve parlakl\u0131k ayarlar\u0131 zahmetsizce yap\u0131labilir. Televizyon ile otomatik \u00e7al\u0131\u015fmad\u0131\u011f\u0131 durumlarda manuel a\u00e7ma kapama \u00f6zelli\u011fi ile pratik kullan\u0131m sa\u011flar.Kendinden yap\u0131\u015fkanl\u0131 bant ve destekleyici tokalar ile sa\u011flam montaj imkan\u0131 sunar. 2 metre uzunlu\u011fundaki LED \u015ferit, \u00e7o\u011fu televizyon modeli ile uyumludur&#8230;.<\/p>\n","protected":false},"featured_media":124995,"comment_status":"open","ping_status":"closed","template":"","meta":{"_kad_post_transparent":"","_kad_post_title":"","_kad_post_layout":"","_kad_post_sidebar_id":"","_kad_post_content_style":"","_kad_post_vertical_padding":"","_kad_post_feature":"","_kad_post_feature_position":"","_kad_post_header":false,"_kad_post_footer":false,"_kad_post_classname":""},"product_brand":[],"product_cat":[14933],"product_tag":[],"class_list":{"0":"post-124996","1":"product","2":"type-product","3":"status-publish","4":"has-post-thumbnail","6":"product_cat-led-isik-led-isik","8":"first","9":"instock","10":"purchasable","11":"product-type-simple","12":"entry","13":"content-bg","14":"loop-entry"},"_links":{"self":[{"href":"https:\/\/www.hediyepazar.com\/index.php?rest_route=\/wp\/v2\/product\/124996","targetHints":{"allow":["GET"]}}],"collection":[{"href":"https:\/\/www.hediyepazar.com\/index.php?rest_route=\/wp\/v2\/product"}],"about":[{"href":"https:\/\/www.hediyepazar.com\/index.php?rest_route=\/wp\/v2\/types\/product"}],"replies":[{"embeddable":true,"href":"https:\/\/www.hediyepazar.com\/index.php?rest_route=%2Fwp%2Fv2%2Fcomments&post=124996"}],"wp:featuredmedia":[{"embeddable":true,"href":"https:\/\/www.hediyepazar.com\/index.php?rest_route=\/wp\/v2\/media\/124995"}],"wp:attachment":[{"href":"https:\/\/www.hediyepazar.com\/index.php?rest_route=%2Fwp%2Fv2%2Fmedia&parent=124996"}],"wp:term":[{"taxonomy":"product_brand","embeddable":true,"href":"https:\/\/www.hediyepazar.com\/index.php?rest_route=%2Fwp%2Fv2%2Fproduct_brand&post=124996"},{"taxonomy":"product_cat","embeddable":true,"href":"https:\/\/www.hediyepazar.com\/index.php?rest_route=%2Fwp%2Fv2%2Fproduct_cat&post=124996"},{"taxonomy":"product_tag","embeddable":true,"href":"https:\/\/www.hediyepazar.com\/index.php?rest_route=%2Fwp%2Fv2%2Fproduct_tag&post=124996"}],"curies":[{"name":"wp","href":"https:\/\/api.w.org\/{rel}","templated":true}]}}