{"id":124998,"date":"2026-05-06T16:55:37","date_gmt":"2026-05-06T19:55:37","guid":{"rendered":"https:\/\/www.hediyepazar.com\/?product=muzikle-senkronize-led-serit-tv-aydinlatma"},"modified":"2026-05-06T16:55:37","modified_gmt":"2026-05-06T19:55:37","slug":"muzikle-senkronize-led-serit-tv-aydinlatma","status":"publish","type":"product","link":"https:\/\/www.hediyepazar.com\/?product=muzikle-senkronize-led-serit-tv-aydinlatma","title":{"rendered":"M\u00fczikle Senkronize LED \u015eerit TV Ayd\u0131nlatma"},"content":{"rendered":"<p>M\u00fczikle senkronize LED \u015ferit \u0131\u015f\u0131k, dahili y\u00fcksek hassasiyetli mikrofonu sayesinde ortam seslerini alg\u0131layarak renk ve \u0131\u015f\u0131k modlar\u0131n\u0131 ger\u00e7ek zamanl\u0131 olarak de\u011fi\u015ftirir. Film izlerken, m\u00fczik dinlerken veya oyun oynarken etkileyici bir atmosfer olu\u015fturur.RF uzaktan kumanda ile 8 farkl\u0131 renk, 4 atlama modu ve 4 m\u00fczik modu aras\u0131nda ge\u00e7i\u015f yap\u0131labilir. Parlakl\u0131k seviyesi ayarlanabilir yap\u0131dad\u0131r. TV arkas\u0131, masa arkas\u0131 ve dekoratif alanlarda kullan\u0131ma uygundur.<\/p>\n","protected":false},"excerpt":{"rendered":"<p>M\u00fczikle senkronize LED \u015ferit \u0131\u015f\u0131k, dahili y\u00fcksek hassasiyetli mikrofonu sayesinde ortam seslerini alg\u0131layarak renk ve \u0131\u015f\u0131k modlar\u0131n\u0131 ger\u00e7ek zamanl\u0131 olarak de\u011fi\u015ftirir. Film izlerken, m\u00fczik dinlerken veya oyun oynarken etkileyici bir atmosfer olu\u015fturur.RF uzaktan kumanda ile 8 farkl\u0131 renk, 4 atlama modu ve 4 m\u00fczik modu aras\u0131nda ge\u00e7i\u015f yap\u0131labilir. Parlakl\u0131k seviyesi ayarlanabilir yap\u0131dad\u0131r. TV arkas\u0131, masa&#8230;<\/p>\n","protected":false},"featured_media":124997,"comment_status":"open","ping_status":"closed","template":"","meta":{"_kad_post_transparent":"","_kad_post_title":"","_kad_post_layout":"","_kad_post_sidebar_id":"","_kad_post_content_style":"","_kad_post_vertical_padding":"","_kad_post_feature":"","_kad_post_feature_position":"","_kad_post_header":false,"_kad_post_footer":false,"_kad_post_classname":""},"product_brand":[],"product_cat":[14933],"product_tag":[],"class_list":{"0":"post-124998","1":"product","2":"type-product","3":"status-publish","4":"has-post-thumbnail","6":"product_cat-led-isik-led-isik","8":"first","9":"instock","10":"purchasable","11":"product-type-simple","12":"entry","13":"content-bg","14":"loop-entry"},"_links":{"self":[{"href":"https:\/\/www.hediyepazar.com\/index.php?rest_route=\/wp\/v2\/product\/124998","targetHints":{"allow":["GET"]}}],"collection":[{"href":"https:\/\/www.hediyepazar.com\/index.php?rest_route=\/wp\/v2\/product"}],"about":[{"href":"https:\/\/www.hediyepazar.com\/index.php?rest_route=\/wp\/v2\/types\/product"}],"replies":[{"embeddable":true,"href":"https:\/\/www.hediyepazar.com\/index.php?rest_route=%2Fwp%2Fv2%2Fcomments&post=124998"}],"wp:featuredmedia":[{"embeddable":true,"href":"https:\/\/www.hediyepazar.com\/index.php?rest_route=\/wp\/v2\/media\/124997"}],"wp:attachment":[{"href":"https:\/\/www.hediyepazar.com\/index.php?rest_route=%2Fwp%2Fv2%2Fmedia&parent=124998"}],"wp:term":[{"taxonomy":"product_brand","embeddable":true,"href":"https:\/\/www.hediyepazar.com\/index.php?rest_route=%2Fwp%2Fv2%2Fproduct_brand&post=124998"},{"taxonomy":"product_cat","embeddable":true,"href":"https:\/\/www.hediyepazar.com\/index.php?rest_route=%2Fwp%2Fv2%2Fproduct_cat&post=124998"},{"taxonomy":"product_tag","embeddable":true,"href":"https:\/\/www.hediyepazar.com\/index.php?rest_route=%2Fwp%2Fv2%2Fproduct_tag&post=124998"}],"curies":[{"name":"wp","href":"https:\/\/api.w.org\/{rel}","templated":true}]}}