{"id":125004,"date":"2026-05-06T16:56:57","date_gmt":"2026-05-06T19:56:57","guid":{"rendered":"https:\/\/www.hediyepazar.com\/?product=barbeku-ve-mangal-icin-tel-izgara-temizleyici-firca"},"modified":"2026-05-06T16:56:57","modified_gmt":"2026-05-06T19:56:57","slug":"barbeku-ve-mangal-icin-tel-izgara-temizleyici-firca","status":"publish","type":"product","link":"https:\/\/www.hediyepazar.com\/?product=barbeku-ve-mangal-icin-tel-izgara-temizleyici-firca","title":{"rendered":"Barbek\u00fc ve Mangal \u0130\u00e7in Tel Izgara Temizleyici F\u0131r\u00e7a"},"content":{"rendered":"<p>Paslanmaz \u00e7elik tel yap\u0131ya sahip bu \u0131zgara temizleme f\u0131r\u00e7as\u0131, y\u00fcksek s\u0131cakl\u0131klara dayan\u0131kl\u0131 olmas\u0131 sayesinde g\u00fcvenli kullan\u0131m sa\u011flar. Izgara y\u00fczeylerinde biriken kirleri derinlemesine temizleyerek hijyenik bir pi\u015firme alan\u0131 olu\u015fturur.Uzun sapl\u0131 tasar\u0131m\u0131 sayesinde temizlik s\u0131ras\u0131nda elinizi yakmadan rahat\u00e7a kullan\u0131m imkan\u0131 sunar. Mangal, barbek\u00fc, f\u0131r\u0131n ve ocak \u00fcst\u00fc \u0131zgaralarda \u00e7ok ama\u00e7l\u0131 olarak kullan\u0131labilir.<\/p>\n","protected":false},"excerpt":{"rendered":"<p>Paslanmaz \u00e7elik tel yap\u0131ya sahip bu \u0131zgara temizleme f\u0131r\u00e7as\u0131, y\u00fcksek s\u0131cakl\u0131klara dayan\u0131kl\u0131 olmas\u0131 sayesinde g\u00fcvenli kullan\u0131m sa\u011flar. Izgara y\u00fczeylerinde biriken kirleri derinlemesine temizleyerek hijyenik bir pi\u015firme alan\u0131 olu\u015fturur.Uzun sapl\u0131 tasar\u0131m\u0131 sayesinde temizlik s\u0131ras\u0131nda elinizi yakmadan rahat\u00e7a kullan\u0131m imkan\u0131 sunar. Mangal, barbek\u00fc, f\u0131r\u0131n ve ocak \u00fcst\u00fc \u0131zgaralarda \u00e7ok ama\u00e7l\u0131 olarak kullan\u0131labilir.<\/p>\n","protected":false},"featured_media":125003,"comment_status":"open","ping_status":"closed","template":"","meta":{"_kad_post_transparent":"","_kad_post_title":"","_kad_post_layout":"","_kad_post_sidebar_id":"","_kad_post_content_style":"","_kad_post_vertical_padding":"","_kad_post_feature":"","_kad_post_feature_position":"","_kad_post_header":false,"_kad_post_footer":false,"_kad_post_classname":""},"product_brand":[],"product_cat":[15068],"product_tag":[],"class_list":{"0":"post-125004","1":"product","2":"type-product","3":"status-publish","4":"has-post-thumbnail","6":"product_cat-pratik-mutfak-gerecleri-pratik-mutfak-gerecleri-2","8":"first","9":"instock","10":"purchasable","11":"product-type-simple","12":"entry","13":"content-bg","14":"loop-entry"},"_links":{"self":[{"href":"https:\/\/www.hediyepazar.com\/index.php?rest_route=\/wp\/v2\/product\/125004","targetHints":{"allow":["GET"]}}],"collection":[{"href":"https:\/\/www.hediyepazar.com\/index.php?rest_route=\/wp\/v2\/product"}],"about":[{"href":"https:\/\/www.hediyepazar.com\/index.php?rest_route=\/wp\/v2\/types\/product"}],"replies":[{"embeddable":true,"href":"https:\/\/www.hediyepazar.com\/index.php?rest_route=%2Fwp%2Fv2%2Fcomments&post=125004"}],"wp:featuredmedia":[{"embeddable":true,"href":"https:\/\/www.hediyepazar.com\/index.php?rest_route=\/wp\/v2\/media\/125003"}],"wp:attachment":[{"href":"https:\/\/www.hediyepazar.com\/index.php?rest_route=%2Fwp%2Fv2%2Fmedia&parent=125004"}],"wp:term":[{"taxonomy":"product_brand","embeddable":true,"href":"https:\/\/www.hediyepazar.com\/index.php?rest_route=%2Fwp%2Fv2%2Fproduct_brand&post=125004"},{"taxonomy":"product_cat","embeddable":true,"href":"https:\/\/www.hediyepazar.com\/index.php?rest_route=%2Fwp%2Fv2%2Fproduct_cat&post=125004"},{"taxonomy":"product_tag","embeddable":true,"href":"https:\/\/www.hediyepazar.com\/index.php?rest_route=%2Fwp%2Fv2%2Fproduct_tag&post=125004"}],"curies":[{"name":"wp","href":"https:\/\/api.w.org\/{rel}","templated":true}]}}