{"id":125006,"date":"2026-05-06T16:57:03","date_gmt":"2026-05-06T19:57:03","guid":{"rendered":"https:\/\/www.hediyepazar.com\/?product=mangal-izgara-temizleme-fircasi-pas-tutmaz-celik-telli"},"modified":"2026-05-06T16:57:03","modified_gmt":"2026-05-06T19:57:03","slug":"mangal-izgara-temizleme-fircasi-pas-tutmaz-celik-telli","status":"publish","type":"product","link":"https:\/\/www.hediyepazar.com\/?product=mangal-izgara-temizleme-fircasi-pas-tutmaz-celik-telli","title":{"rendered":"Mangal Izgara Temizleme F\u0131r\u00e7as\u0131 Pas Tutmaz \u00c7elik Telli"},"content":{"rendered":"<p>Tel \u0131zgara temizleme f\u0131r\u00e7as\u0131, mangal ve barbek\u00fc kullan\u0131c\u0131lar\u0131 i\u00e7in geli\u015ftirilmi\u015f pratik bir temizlik aparat\u0131d\u0131r. Paslanmaz \u00e7elik telleri sayesinde yanm\u0131\u015f et par\u00e7alar\u0131, ya\u011f kal\u0131nt\u0131lar\u0131 ve k\u00f6m\u00fcr izlerini y\u00fczeye zarar vermeden temizler.Hafif ve dengeli yap\u0131s\u0131 sayesinde kolay kullan\u0131m sunar. Mangal keyfinden sonra h\u0131zl\u0131 ve zahmetsiz temizlik isteyenler i\u00e7in ideal bir \u00e7\u00f6z\u00fcmd\u00fcr. Ev tipi ve ta\u015f\u0131nabilir barbek\u00fclerle uyumludur.<\/p>\n","protected":false},"excerpt":{"rendered":"<p>Tel \u0131zgara temizleme f\u0131r\u00e7as\u0131, mangal ve barbek\u00fc kullan\u0131c\u0131lar\u0131 i\u00e7in geli\u015ftirilmi\u015f pratik bir temizlik aparat\u0131d\u0131r. Paslanmaz \u00e7elik telleri sayesinde yanm\u0131\u015f et par\u00e7alar\u0131, ya\u011f kal\u0131nt\u0131lar\u0131 ve k\u00f6m\u00fcr izlerini y\u00fczeye zarar vermeden temizler.Hafif ve dengeli yap\u0131s\u0131 sayesinde kolay kullan\u0131m sunar. Mangal keyfinden sonra h\u0131zl\u0131 ve zahmetsiz temizlik isteyenler i\u00e7in ideal bir \u00e7\u00f6z\u00fcmd\u00fcr. Ev tipi ve ta\u015f\u0131nabilir barbek\u00fclerle uyumludur.<\/p>\n","protected":false},"featured_media":125005,"comment_status":"open","ping_status":"closed","template":"","meta":{"_kad_post_transparent":"","_kad_post_title":"","_kad_post_layout":"","_kad_post_sidebar_id":"","_kad_post_content_style":"","_kad_post_vertical_padding":"","_kad_post_feature":"","_kad_post_feature_position":"","_kad_post_header":false,"_kad_post_footer":false,"_kad_post_classname":""},"product_brand":[],"product_cat":[15068],"product_tag":[],"class_list":{"0":"post-125006","1":"product","2":"type-product","3":"status-publish","4":"has-post-thumbnail","6":"product_cat-pratik-mutfak-gerecleri-pratik-mutfak-gerecleri-2","8":"first","9":"instock","10":"purchasable","11":"product-type-simple","12":"entry","13":"content-bg","14":"loop-entry"},"_links":{"self":[{"href":"https:\/\/www.hediyepazar.com\/index.php?rest_route=\/wp\/v2\/product\/125006","targetHints":{"allow":["GET"]}}],"collection":[{"href":"https:\/\/www.hediyepazar.com\/index.php?rest_route=\/wp\/v2\/product"}],"about":[{"href":"https:\/\/www.hediyepazar.com\/index.php?rest_route=\/wp\/v2\/types\/product"}],"replies":[{"embeddable":true,"href":"https:\/\/www.hediyepazar.com\/index.php?rest_route=%2Fwp%2Fv2%2Fcomments&post=125006"}],"wp:featuredmedia":[{"embeddable":true,"href":"https:\/\/www.hediyepazar.com\/index.php?rest_route=\/wp\/v2\/media\/125005"}],"wp:attachment":[{"href":"https:\/\/www.hediyepazar.com\/index.php?rest_route=%2Fwp%2Fv2%2Fmedia&parent=125006"}],"wp:term":[{"taxonomy":"product_brand","embeddable":true,"href":"https:\/\/www.hediyepazar.com\/index.php?rest_route=%2Fwp%2Fv2%2Fproduct_brand&post=125006"},{"taxonomy":"product_cat","embeddable":true,"href":"https:\/\/www.hediyepazar.com\/index.php?rest_route=%2Fwp%2Fv2%2Fproduct_cat&post=125006"},{"taxonomy":"product_tag","embeddable":true,"href":"https:\/\/www.hediyepazar.com\/index.php?rest_route=%2Fwp%2Fv2%2Fproduct_tag&post=125006"}],"curies":[{"name":"wp","href":"https:\/\/api.w.org\/{rel}","templated":true}]}}