{"id":125008,"date":"2026-05-06T16:57:08","date_gmt":"2026-05-06T19:57:08","guid":{"rendered":"https:\/\/www.hediyepazar.com\/?product=tel-izgara-temizleme-fircasi-bbq-sonrasi-kolay-temizlik"},"modified":"2026-05-06T16:57:08","modified_gmt":"2026-05-06T19:57:08","slug":"tel-izgara-temizleme-fircasi-bbq-sonrasi-kolay-temizlik","status":"publish","type":"product","link":"https:\/\/www.hediyepazar.com\/?product=tel-izgara-temizleme-fircasi-bbq-sonrasi-kolay-temizlik","title":{"rendered":"Tel Izgara Temizleme F\u0131r\u00e7as\u0131 BBQ Sonras\u0131 Kolay Temizlik"},"content":{"rendered":"<p>BBQ sonras\u0131 temizlik art\u0131k \u00e7ok daha kolay. Paslanmaz \u00e7elik tel \u0131zgara temizleme f\u0131r\u00e7as\u0131, karbonla\u015fm\u0131\u015f yemek kal\u0131nt\u0131lar\u0131n\u0131 ve ya\u011f tabakalar\u0131n\u0131 etkili \u015fekilde temizler. G\u00fc\u00e7l\u00fc tel yap\u0131s\u0131 sayesinde fazla bask\u0131 uygulamadan maksimum temizlik sa\u011flar.Uzun sapl\u0131 ergonomik tasar\u0131m\u0131, elinizi \u0131s\u0131dan korurken konforlu bir tutu\u015f sunar. Bah\u00e7e mangallar\u0131, balkon barbek\u00fcleri ve kamp \u0131zgaralar\u0131 i\u00e7in idealdir. Pratik ve dayan\u0131kl\u0131 yap\u0131s\u0131yla uzun \u00f6m\u00fcrl\u00fc kullan\u0131m sunar.<\/p>\n","protected":false},"excerpt":{"rendered":"<p>BBQ sonras\u0131 temizlik art\u0131k \u00e7ok daha kolay. Paslanmaz \u00e7elik tel \u0131zgara temizleme f\u0131r\u00e7as\u0131, karbonla\u015fm\u0131\u015f yemek kal\u0131nt\u0131lar\u0131n\u0131 ve ya\u011f tabakalar\u0131n\u0131 etkili \u015fekilde temizler. G\u00fc\u00e7l\u00fc tel yap\u0131s\u0131 sayesinde fazla bask\u0131 uygulamadan maksimum temizlik sa\u011flar.Uzun sapl\u0131 ergonomik tasar\u0131m\u0131, elinizi \u0131s\u0131dan korurken konforlu bir tutu\u015f sunar. Bah\u00e7e mangallar\u0131, balkon barbek\u00fcleri ve kamp \u0131zgaralar\u0131 i\u00e7in idealdir. Pratik ve dayan\u0131kl\u0131 yap\u0131s\u0131yla&#8230;<\/p>\n","protected":false},"featured_media":125007,"comment_status":"open","ping_status":"closed","template":"","meta":{"_kad_post_transparent":"","_kad_post_title":"","_kad_post_layout":"","_kad_post_sidebar_id":"","_kad_post_content_style":"","_kad_post_vertical_padding":"","_kad_post_feature":"","_kad_post_feature_position":"","_kad_post_header":false,"_kad_post_footer":false,"_kad_post_classname":""},"product_brand":[],"product_cat":[15068],"product_tag":[],"class_list":{"0":"post-125008","1":"product","2":"type-product","3":"status-publish","4":"has-post-thumbnail","6":"product_cat-pratik-mutfak-gerecleri-pratik-mutfak-gerecleri-2","8":"first","9":"instock","10":"purchasable","11":"product-type-simple","12":"entry","13":"content-bg","14":"loop-entry"},"_links":{"self":[{"href":"https:\/\/www.hediyepazar.com\/index.php?rest_route=\/wp\/v2\/product\/125008","targetHints":{"allow":["GET"]}}],"collection":[{"href":"https:\/\/www.hediyepazar.com\/index.php?rest_route=\/wp\/v2\/product"}],"about":[{"href":"https:\/\/www.hediyepazar.com\/index.php?rest_route=\/wp\/v2\/types\/product"}],"replies":[{"embeddable":true,"href":"https:\/\/www.hediyepazar.com\/index.php?rest_route=%2Fwp%2Fv2%2Fcomments&post=125008"}],"wp:featuredmedia":[{"embeddable":true,"href":"https:\/\/www.hediyepazar.com\/index.php?rest_route=\/wp\/v2\/media\/125007"}],"wp:attachment":[{"href":"https:\/\/www.hediyepazar.com\/index.php?rest_route=%2Fwp%2Fv2%2Fmedia&parent=125008"}],"wp:term":[{"taxonomy":"product_brand","embeddable":true,"href":"https:\/\/www.hediyepazar.com\/index.php?rest_route=%2Fwp%2Fv2%2Fproduct_brand&post=125008"},{"taxonomy":"product_cat","embeddable":true,"href":"https:\/\/www.hediyepazar.com\/index.php?rest_route=%2Fwp%2Fv2%2Fproduct_cat&post=125008"},{"taxonomy":"product_tag","embeddable":true,"href":"https:\/\/www.hediyepazar.com\/index.php?rest_route=%2Fwp%2Fv2%2Fproduct_tag&post=125008"}],"curies":[{"name":"wp","href":"https:\/\/api.w.org\/{rel}","templated":true}]}}