{"id":125012,"date":"2026-05-06T16:57:18","date_gmt":"2026-05-06T19:57:18","guid":{"rendered":"https:\/\/www.hediyepazar.com\/?product=izgara-ve-barbeku-temizleme-fircasi-dayanikli-tasarim"},"modified":"2026-05-06T16:57:18","modified_gmt":"2026-05-06T19:57:18","slug":"izgara-ve-barbeku-temizleme-fircasi-dayanikli-tasarim","status":"publish","type":"product","link":"https:\/\/www.hediyepazar.com\/?product=izgara-ve-barbeku-temizleme-fircasi-dayanikli-tasarim","title":{"rendered":"Izgara ve Barbek\u00fc Temizleme F\u0131r\u00e7as\u0131 Dayan\u0131kl\u0131 Tasar\u0131m"},"content":{"rendered":"<p>Paslanmaz \u00e7elik telli \u0131zgara temizleme f\u0131r\u00e7as\u0131, g\u00fc\u00e7l\u00fc ve dayan\u0131kl\u0131 yap\u0131s\u0131 ile \u00f6ne \u00e7\u0131kar. Sert telleri sayesinde mangal ve barbek\u00fc y\u00fczeylerinde biriken kirleri kolayca temizler. Uzun sapl\u0131 yap\u0131s\u0131, temizlik s\u0131ras\u0131nda ekstra g\u00fcvenlik ve konfor sa\u011flar.Hem ev kullan\u0131c\u0131lar\u0131 hem de s\u0131k mangal yapanlar i\u00e7in uygundur. D\u00fczenli temizlik ile \u0131zgaran\u0131z\u0131n performans\u0131n\u0131 art\u0131r\u0131r ve daha sa\u011fl\u0131kl\u0131 pi\u015firme ortam\u0131 olu\u015fturur.<\/p>\n","protected":false},"excerpt":{"rendered":"<p>Paslanmaz \u00e7elik telli \u0131zgara temizleme f\u0131r\u00e7as\u0131, g\u00fc\u00e7l\u00fc ve dayan\u0131kl\u0131 yap\u0131s\u0131 ile \u00f6ne \u00e7\u0131kar. Sert telleri sayesinde mangal ve barbek\u00fc y\u00fczeylerinde biriken kirleri kolayca temizler. Uzun sapl\u0131 yap\u0131s\u0131, temizlik s\u0131ras\u0131nda ekstra g\u00fcvenlik ve konfor sa\u011flar.Hem ev kullan\u0131c\u0131lar\u0131 hem de s\u0131k mangal yapanlar i\u00e7in uygundur. D\u00fczenli temizlik ile \u0131zgaran\u0131z\u0131n performans\u0131n\u0131 art\u0131r\u0131r ve daha sa\u011fl\u0131kl\u0131 pi\u015firme ortam\u0131 olu\u015fturur.<\/p>\n","protected":false},"featured_media":125011,"comment_status":"open","ping_status":"closed","template":"","meta":{"_kad_post_transparent":"","_kad_post_title":"","_kad_post_layout":"","_kad_post_sidebar_id":"","_kad_post_content_style":"","_kad_post_vertical_padding":"","_kad_post_feature":"","_kad_post_feature_position":"","_kad_post_header":false,"_kad_post_footer":false,"_kad_post_classname":""},"product_brand":[],"product_cat":[15068],"product_tag":[],"class_list":{"0":"post-125012","1":"product","2":"type-product","3":"status-publish","4":"has-post-thumbnail","6":"product_cat-pratik-mutfak-gerecleri-pratik-mutfak-gerecleri-2","8":"first","9":"instock","10":"purchasable","11":"product-type-simple","12":"entry","13":"content-bg","14":"loop-entry"},"_links":{"self":[{"href":"https:\/\/www.hediyepazar.com\/index.php?rest_route=\/wp\/v2\/product\/125012","targetHints":{"allow":["GET"]}}],"collection":[{"href":"https:\/\/www.hediyepazar.com\/index.php?rest_route=\/wp\/v2\/product"}],"about":[{"href":"https:\/\/www.hediyepazar.com\/index.php?rest_route=\/wp\/v2\/types\/product"}],"replies":[{"embeddable":true,"href":"https:\/\/www.hediyepazar.com\/index.php?rest_route=%2Fwp%2Fv2%2Fcomments&post=125012"}],"wp:featuredmedia":[{"embeddable":true,"href":"https:\/\/www.hediyepazar.com\/index.php?rest_route=\/wp\/v2\/media\/125011"}],"wp:attachment":[{"href":"https:\/\/www.hediyepazar.com\/index.php?rest_route=%2Fwp%2Fv2%2Fmedia&parent=125012"}],"wp:term":[{"taxonomy":"product_brand","embeddable":true,"href":"https:\/\/www.hediyepazar.com\/index.php?rest_route=%2Fwp%2Fv2%2Fproduct_brand&post=125012"},{"taxonomy":"product_cat","embeddable":true,"href":"https:\/\/www.hediyepazar.com\/index.php?rest_route=%2Fwp%2Fv2%2Fproduct_cat&post=125012"},{"taxonomy":"product_tag","embeddable":true,"href":"https:\/\/www.hediyepazar.com\/index.php?rest_route=%2Fwp%2Fv2%2Fproduct_tag&post=125012"}],"curies":[{"name":"wp","href":"https:\/\/api.w.org\/{rel}","templated":true}]}}