{"id":125014,"date":"2026-05-06T16:59:20","date_gmt":"2026-05-06T19:59:20","guid":{"rendered":"https:\/\/www.hediyepazar.com\/?product=paslanmaz-celik-telli-mangal-temizlik-fircasi"},"modified":"2026-05-06T16:59:20","modified_gmt":"2026-05-06T19:59:20","slug":"paslanmaz-celik-telli-mangal-temizlik-fircasi","status":"publish","type":"product","link":"https:\/\/www.hediyepazar.com\/?product=paslanmaz-celik-telli-mangal-temizlik-fircasi","title":{"rendered":"Paslanmaz \u00c7elik Telli Mangal Temizlik F\u0131r\u00e7as\u0131"},"content":{"rendered":"<p>Uzun sapl\u0131 mangal \u0131zgara temizleme f\u0131r\u00e7as\u0131, y\u00fcksek \u0131s\u0131ya maruz kalan y\u00fczeyleri g\u00fcvenle temizlemenize yard\u0131mc\u0131 olur. Paslanmaz \u00e7elik telleri, yanm\u0131\u015f et par\u00e7alar\u0131 ve ya\u011f kal\u0131nt\u0131lar\u0131n\u0131 etkili \u015fekilde temizler.Ergonomik sap tasar\u0131m\u0131 sayesinde el yormadan kullan\u0131m sunar. Izgara y\u00fczeyine derinlemesine etki ederek hijyenik bir temizlik sa\u011flar. Mangal, barbek\u00fc ve grill y\u00fczeylerinde \u00e7ok ama\u00e7l\u0131 olarak kullan\u0131labilir.<\/p>\n","protected":false},"excerpt":{"rendered":"<p>Uzun sapl\u0131 mangal \u0131zgara temizleme f\u0131r\u00e7as\u0131, y\u00fcksek \u0131s\u0131ya maruz kalan y\u00fczeyleri g\u00fcvenle temizlemenize yard\u0131mc\u0131 olur. Paslanmaz \u00e7elik telleri, yanm\u0131\u015f et par\u00e7alar\u0131 ve ya\u011f kal\u0131nt\u0131lar\u0131n\u0131 etkili \u015fekilde temizler.Ergonomik sap tasar\u0131m\u0131 sayesinde el yormadan kullan\u0131m sunar. Izgara y\u00fczeyine derinlemesine etki ederek hijyenik bir temizlik sa\u011flar. Mangal, barbek\u00fc ve grill y\u00fczeylerinde \u00e7ok ama\u00e7l\u0131 olarak kullan\u0131labilir.<\/p>\n","protected":false},"featured_media":125013,"comment_status":"open","ping_status":"closed","template":"","meta":{"_kad_post_transparent":"","_kad_post_title":"","_kad_post_layout":"","_kad_post_sidebar_id":"","_kad_post_content_style":"","_kad_post_vertical_padding":"","_kad_post_feature":"","_kad_post_feature_position":"","_kad_post_header":false,"_kad_post_footer":false,"_kad_post_classname":""},"product_brand":[],"product_cat":[15068],"product_tag":[],"class_list":{"0":"post-125014","1":"product","2":"type-product","3":"status-publish","4":"has-post-thumbnail","6":"product_cat-pratik-mutfak-gerecleri-pratik-mutfak-gerecleri-2","8":"first","9":"instock","10":"purchasable","11":"product-type-simple","12":"entry","13":"content-bg","14":"loop-entry"},"_links":{"self":[{"href":"https:\/\/www.hediyepazar.com\/index.php?rest_route=\/wp\/v2\/product\/125014","targetHints":{"allow":["GET"]}}],"collection":[{"href":"https:\/\/www.hediyepazar.com\/index.php?rest_route=\/wp\/v2\/product"}],"about":[{"href":"https:\/\/www.hediyepazar.com\/index.php?rest_route=\/wp\/v2\/types\/product"}],"replies":[{"embeddable":true,"href":"https:\/\/www.hediyepazar.com\/index.php?rest_route=%2Fwp%2Fv2%2Fcomments&post=125014"}],"wp:featuredmedia":[{"embeddable":true,"href":"https:\/\/www.hediyepazar.com\/index.php?rest_route=\/wp\/v2\/media\/125013"}],"wp:attachment":[{"href":"https:\/\/www.hediyepazar.com\/index.php?rest_route=%2Fwp%2Fv2%2Fmedia&parent=125014"}],"wp:term":[{"taxonomy":"product_brand","embeddable":true,"href":"https:\/\/www.hediyepazar.com\/index.php?rest_route=%2Fwp%2Fv2%2Fproduct_brand&post=125014"},{"taxonomy":"product_cat","embeddable":true,"href":"https:\/\/www.hediyepazar.com\/index.php?rest_route=%2Fwp%2Fv2%2Fproduct_cat&post=125014"},{"taxonomy":"product_tag","embeddable":true,"href":"https:\/\/www.hediyepazar.com\/index.php?rest_route=%2Fwp%2Fv2%2Fproduct_tag&post=125014"}],"curies":[{"name":"wp","href":"https:\/\/api.w.org\/{rel}","templated":true}]}}