{"id":125016,"date":"2026-05-06T16:59:27","date_gmt":"2026-05-06T19:59:27","guid":{"rendered":"https:\/\/www.hediyepazar.com\/?product=grill-ve-mangal-izgara-temizlik-aparati"},"modified":"2026-05-06T16:59:27","modified_gmt":"2026-05-06T19:59:27","slug":"grill-ve-mangal-izgara-temizlik-aparati","status":"publish","type":"product","link":"https:\/\/www.hediyepazar.com\/?product=grill-ve-mangal-izgara-temizlik-aparati","title":{"rendered":"Grill ve Mangal Izgara Temizlik Aparat\u0131"},"content":{"rendered":"<p>Grill ve mangal kullan\u0131c\u0131lar\u0131 i\u00e7in geli\u015ftirilen bu \u0131zgara temizleme f\u0131r\u00e7as\u0131, pratik ve etkili bir temizlik deneyimi sunar. Paslanmaz \u00e7elik telli yap\u0131s\u0131, zorlu kal\u0131nt\u0131lar\u0131 kolayca s\u00f6kerken uzun sapl\u0131 tasar\u0131m\u0131 ile g\u00fcvenli kullan\u0131m sa\u011flar.Bah\u00e7e mangallar\u0131, balkon barbek\u00fcleri ve piknik \u0131zgaralar\u0131nda rahatl\u0131kla kullan\u0131labilir. Dayan\u0131kl\u0131 yap\u0131s\u0131 sayesinde s\u0131k kullan\u0131ma uygundur. Mangal keyfinden sonra h\u0131zl\u0131 ve zahmetsiz temizlik isteyenler i\u00e7in ideal bir temizlik aparat\u0131d\u0131r.<\/p>\n","protected":false},"excerpt":{"rendered":"<p>Grill ve mangal kullan\u0131c\u0131lar\u0131 i\u00e7in geli\u015ftirilen bu \u0131zgara temizleme f\u0131r\u00e7as\u0131, pratik ve etkili bir temizlik deneyimi sunar. Paslanmaz \u00e7elik telli yap\u0131s\u0131, zorlu kal\u0131nt\u0131lar\u0131 kolayca s\u00f6kerken uzun sapl\u0131 tasar\u0131m\u0131 ile g\u00fcvenli kullan\u0131m sa\u011flar.Bah\u00e7e mangallar\u0131, balkon barbek\u00fcleri ve piknik \u0131zgaralar\u0131nda rahatl\u0131kla kullan\u0131labilir. Dayan\u0131kl\u0131 yap\u0131s\u0131 sayesinde s\u0131k kullan\u0131ma uygundur. Mangal keyfinden sonra h\u0131zl\u0131 ve zahmetsiz temizlik isteyenler i\u00e7in&#8230;<\/p>\n","protected":false},"featured_media":125015,"comment_status":"open","ping_status":"closed","template":"","meta":{"_kad_post_transparent":"","_kad_post_title":"","_kad_post_layout":"","_kad_post_sidebar_id":"","_kad_post_content_style":"","_kad_post_vertical_padding":"","_kad_post_feature":"","_kad_post_feature_position":"","_kad_post_header":false,"_kad_post_footer":false,"_kad_post_classname":""},"product_brand":[],"product_cat":[15068],"product_tag":[],"class_list":{"0":"post-125016","1":"product","2":"type-product","3":"status-publish","4":"has-post-thumbnail","6":"product_cat-pratik-mutfak-gerecleri-pratik-mutfak-gerecleri-2","8":"first","9":"instock","10":"purchasable","11":"product-type-simple","12":"entry","13":"content-bg","14":"loop-entry"},"_links":{"self":[{"href":"https:\/\/www.hediyepazar.com\/index.php?rest_route=\/wp\/v2\/product\/125016","targetHints":{"allow":["GET"]}}],"collection":[{"href":"https:\/\/www.hediyepazar.com\/index.php?rest_route=\/wp\/v2\/product"}],"about":[{"href":"https:\/\/www.hediyepazar.com\/index.php?rest_route=\/wp\/v2\/types\/product"}],"replies":[{"embeddable":true,"href":"https:\/\/www.hediyepazar.com\/index.php?rest_route=%2Fwp%2Fv2%2Fcomments&post=125016"}],"wp:featuredmedia":[{"embeddable":true,"href":"https:\/\/www.hediyepazar.com\/index.php?rest_route=\/wp\/v2\/media\/125015"}],"wp:attachment":[{"href":"https:\/\/www.hediyepazar.com\/index.php?rest_route=%2Fwp%2Fv2%2Fmedia&parent=125016"}],"wp:term":[{"taxonomy":"product_brand","embeddable":true,"href":"https:\/\/www.hediyepazar.com\/index.php?rest_route=%2Fwp%2Fv2%2Fproduct_brand&post=125016"},{"taxonomy":"product_cat","embeddable":true,"href":"https:\/\/www.hediyepazar.com\/index.php?rest_route=%2Fwp%2Fv2%2Fproduct_cat&post=125016"},{"taxonomy":"product_tag","embeddable":true,"href":"https:\/\/www.hediyepazar.com\/index.php?rest_route=%2Fwp%2Fv2%2Fproduct_tag&post=125016"}],"curies":[{"name":"wp","href":"https:\/\/api.w.org\/{rel}","templated":true}]}}