{"id":125018,"date":"2026-05-06T16:59:33","date_gmt":"2026-05-06T19:59:33","guid":{"rendered":"https:\/\/www.hediyepazar.com\/?product=uzun-sapli-izgara-temizleme-fircasi-celik-telli"},"modified":"2026-05-06T16:59:33","modified_gmt":"2026-05-06T19:59:33","slug":"uzun-sapli-izgara-temizleme-fircasi-celik-telli","status":"publish","type":"product","link":"https:\/\/www.hediyepazar.com\/?product=uzun-sapli-izgara-temizleme-fircasi-celik-telli","title":{"rendered":"Uzun Sapl\u0131 Izgara Temizleme F\u0131r\u00e7as\u0131 \u00c7elik Telli"},"content":{"rendered":"<p>Izgara temizli\u011fini zahmetsiz hale getiren bu mangal temizleme f\u0131r\u00e7as\u0131, paslanmaz \u00e7elik telleri sayesinde y\u00fcksek dayan\u0131kl\u0131l\u0131k sunar. Yanm\u0131\u015f ya\u011f ve yiyecek art\u0131klar\u0131n\u0131 y\u00fczeye zarar vermeden temizler. G\u00fc\u00e7l\u00fc tel yap\u0131s\u0131, uzun s\u00fcreli kullan\u0131m i\u00e7in uygundur.Uzun sapl\u0131 tasar\u0131m\u0131 sayesinde temizlik s\u0131ras\u0131nda elinizi yakmadan konforlu bir kullan\u0131m sa\u011flar. Ev tipi mangallar, barbek\u00fcler ve grill y\u00fczeyleri i\u00e7in idealdir. D\u00fczenli kullan\u0131mda \u0131zgaran\u0131z\u0131n \u00f6mr\u00fcn\u00fc uzat\u0131r ve her kullan\u0131mdan sonra temiz bir y\u00fczey elde etmenize yard\u0131mc\u0131 olur.<\/p>\n","protected":false},"excerpt":{"rendered":"<p>Izgara temizli\u011fini zahmetsiz hale getiren bu mangal temizleme f\u0131r\u00e7as\u0131, paslanmaz \u00e7elik telleri sayesinde y\u00fcksek dayan\u0131kl\u0131l\u0131k sunar. Yanm\u0131\u015f ya\u011f ve yiyecek art\u0131klar\u0131n\u0131 y\u00fczeye zarar vermeden temizler. G\u00fc\u00e7l\u00fc tel yap\u0131s\u0131, uzun s\u00fcreli kullan\u0131m i\u00e7in uygundur.Uzun sapl\u0131 tasar\u0131m\u0131 sayesinde temizlik s\u0131ras\u0131nda elinizi yakmadan konforlu bir kullan\u0131m sa\u011flar. Ev tipi mangallar, barbek\u00fcler ve grill y\u00fczeyleri i\u00e7in idealdir. D\u00fczenli kullan\u0131mda&#8230;<\/p>\n","protected":false},"featured_media":125017,"comment_status":"open","ping_status":"closed","template":"","meta":{"_kad_post_transparent":"","_kad_post_title":"","_kad_post_layout":"","_kad_post_sidebar_id":"","_kad_post_content_style":"","_kad_post_vertical_padding":"","_kad_post_feature":"","_kad_post_feature_position":"","_kad_post_header":false,"_kad_post_footer":false,"_kad_post_classname":""},"product_brand":[],"product_cat":[15068],"product_tag":[],"class_list":{"0":"post-125018","1":"product","2":"type-product","3":"status-publish","4":"has-post-thumbnail","6":"product_cat-pratik-mutfak-gerecleri-pratik-mutfak-gerecleri-2","8":"first","9":"instock","10":"purchasable","11":"product-type-simple","12":"entry","13":"content-bg","14":"loop-entry"},"_links":{"self":[{"href":"https:\/\/www.hediyepazar.com\/index.php?rest_route=\/wp\/v2\/product\/125018","targetHints":{"allow":["GET"]}}],"collection":[{"href":"https:\/\/www.hediyepazar.com\/index.php?rest_route=\/wp\/v2\/product"}],"about":[{"href":"https:\/\/www.hediyepazar.com\/index.php?rest_route=\/wp\/v2\/types\/product"}],"replies":[{"embeddable":true,"href":"https:\/\/www.hediyepazar.com\/index.php?rest_route=%2Fwp%2Fv2%2Fcomments&post=125018"}],"wp:featuredmedia":[{"embeddable":true,"href":"https:\/\/www.hediyepazar.com\/index.php?rest_route=\/wp\/v2\/media\/125017"}],"wp:attachment":[{"href":"https:\/\/www.hediyepazar.com\/index.php?rest_route=%2Fwp%2Fv2%2Fmedia&parent=125018"}],"wp:term":[{"taxonomy":"product_brand","embeddable":true,"href":"https:\/\/www.hediyepazar.com\/index.php?rest_route=%2Fwp%2Fv2%2Fproduct_brand&post=125018"},{"taxonomy":"product_cat","embeddable":true,"href":"https:\/\/www.hediyepazar.com\/index.php?rest_route=%2Fwp%2Fv2%2Fproduct_cat&post=125018"},{"taxonomy":"product_tag","embeddable":true,"href":"https:\/\/www.hediyepazar.com\/index.php?rest_route=%2Fwp%2Fv2%2Fproduct_tag&post=125018"}],"curies":[{"name":"wp","href":"https:\/\/api.w.org\/{rel}","templated":true}]}}