{"id":125022,"date":"2026-05-06T16:59:59","date_gmt":"2026-05-06T19:59:59","guid":{"rendered":"https:\/\/www.hediyepazar.com\/?product=12v-led-ampul-anahtarli-kablolu-pratik-aydinlatma"},"modified":"2026-05-06T16:59:59","modified_gmt":"2026-05-06T19:59:59","slug":"12v-led-ampul-anahtarli-kablolu-pratik-aydinlatma","status":"publish","type":"product","link":"https:\/\/www.hediyepazar.com\/?product=12v-led-ampul-anahtarli-kablolu-pratik-aydinlatma","title":{"rendered":"12V LED Ampul Anahtarl\u0131 Kablolu Pratik Ayd\u0131nlatma"},"content":{"rendered":"<p>Anahtarl\u0131 12V LED ampul, kullan\u0131c\u0131 dostu tasar\u0131m\u0131 ile dikkat \u00e7eker. Kablo \u00fczerindeki a\u00e7ma kapama d\u00fc\u011fmesi sayesinde h\u0131zl\u0131 ve kontroll\u00fc kullan\u0131m sa\u011flar. Ak\u00fc ba\u011flant\u0131l\u0131 \u00e7al\u0131\u015fmas\u0131 sayesinde sabit elektrik gerektirmez.Enerji tasarruflu LED yap\u0131s\u0131 uzun \u00f6m\u00fcrl\u00fc kullan\u0131m sunar. Kamp alanlar\u0131, ara\u00e7 i\u00e7i ayd\u0131nlatma, garaj ve ge\u00e7ici \u00e7al\u0131\u015fma alanlar\u0131nda rahatl\u0131kla kullan\u0131labilir. Pratik, ekonomik ve dayan\u0131kl\u0131 bir LED ayd\u0131nlatma \u00e7\u00f6z\u00fcm\u00fcd\u00fcr.<\/p>\n","protected":false},"excerpt":{"rendered":"<p>Anahtarl\u0131 12V LED ampul, kullan\u0131c\u0131 dostu tasar\u0131m\u0131 ile dikkat \u00e7eker. Kablo \u00fczerindeki a\u00e7ma kapama d\u00fc\u011fmesi sayesinde h\u0131zl\u0131 ve kontroll\u00fc kullan\u0131m sa\u011flar. Ak\u00fc ba\u011flant\u0131l\u0131 \u00e7al\u0131\u015fmas\u0131 sayesinde sabit elektrik gerektirmez.Enerji tasarruflu LED yap\u0131s\u0131 uzun \u00f6m\u00fcrl\u00fc kullan\u0131m sunar. Kamp alanlar\u0131, ara\u00e7 i\u00e7i ayd\u0131nlatma, garaj ve ge\u00e7ici \u00e7al\u0131\u015fma alanlar\u0131nda rahatl\u0131kla kullan\u0131labilir. Pratik, ekonomik ve dayan\u0131kl\u0131 bir LED ayd\u0131nlatma \u00e7\u00f6z\u00fcm\u00fcd\u00fcr.<\/p>\n","protected":false},"featured_media":125021,"comment_status":"open","ping_status":"closed","template":"","meta":{"_kad_post_transparent":"","_kad_post_title":"","_kad_post_layout":"","_kad_post_sidebar_id":"","_kad_post_content_style":"","_kad_post_vertical_padding":"","_kad_post_feature":"","_kad_post_feature_position":"","_kad_post_header":false,"_kad_post_footer":false,"_kad_post_classname":""},"product_brand":[],"product_cat":[15053],"product_tag":[],"class_list":{"0":"post-125022","1":"product","2":"type-product","3":"status-publish","4":"has-post-thumbnail","6":"product_cat-oto-bakim-seti-oto-bakim-seti-2","8":"first","9":"instock","10":"purchasable","11":"product-type-simple","12":"entry","13":"content-bg","14":"loop-entry"},"_links":{"self":[{"href":"https:\/\/www.hediyepazar.com\/index.php?rest_route=\/wp\/v2\/product\/125022","targetHints":{"allow":["GET"]}}],"collection":[{"href":"https:\/\/www.hediyepazar.com\/index.php?rest_route=\/wp\/v2\/product"}],"about":[{"href":"https:\/\/www.hediyepazar.com\/index.php?rest_route=\/wp\/v2\/types\/product"}],"replies":[{"embeddable":true,"href":"https:\/\/www.hediyepazar.com\/index.php?rest_route=%2Fwp%2Fv2%2Fcomments&post=125022"}],"wp:featuredmedia":[{"embeddable":true,"href":"https:\/\/www.hediyepazar.com\/index.php?rest_route=\/wp\/v2\/media\/125021"}],"wp:attachment":[{"href":"https:\/\/www.hediyepazar.com\/index.php?rest_route=%2Fwp%2Fv2%2Fmedia&parent=125022"}],"wp:term":[{"taxonomy":"product_brand","embeddable":true,"href":"https:\/\/www.hediyepazar.com\/index.php?rest_route=%2Fwp%2Fv2%2Fproduct_brand&post=125022"},{"taxonomy":"product_cat","embeddable":true,"href":"https:\/\/www.hediyepazar.com\/index.php?rest_route=%2Fwp%2Fv2%2Fproduct_cat&post=125022"},{"taxonomy":"product_tag","embeddable":true,"href":"https:\/\/www.hediyepazar.com\/index.php?rest_route=%2Fwp%2Fv2%2Fproduct_tag&post=125022"}],"curies":[{"name":"wp","href":"https:\/\/api.w.org\/{rel}","templated":true}]}}