{"id":125024,"date":"2026-05-06T17:00:07","date_gmt":"2026-05-06T20:00:07","guid":{"rendered":"https:\/\/www.hediyepazar.com\/?product=akuden-calisan-12v-led-ampul-tasinabilir-kullanim"},"modified":"2026-05-06T17:00:07","modified_gmt":"2026-05-06T20:00:07","slug":"akuden-calisan-12v-led-ampul-tasinabilir-kullanim","status":"publish","type":"product","link":"https:\/\/www.hediyepazar.com\/?product=akuden-calisan-12v-led-ampul-tasinabilir-kullanim","title":{"rendered":"Ak\u00fcden \u00c7al\u0131\u015fan 12V LED Ampul Ta\u015f\u0131nabilir Kullan\u0131m"},"content":{"rendered":"<p>12V LED ampul, ak\u00fc destekli \u00e7al\u0131\u015fmas\u0131 sayesinde her ortamda kullan\u0131labilen pratik bir ayd\u0131nlatma \u00fcr\u00fcn\u00fcd\u00fcr. Elektrik prizine ihtiya\u00e7 duymadan \u00e7al\u0131\u015fmas\u0131, \u00fcr\u00fcn\u00fc \u00f6zellikle a\u00e7\u0131k alan kullan\u0131m\u0131 i\u00e7in ideal hale getirir. Timsah k\u0131ska\u00e7l\u0131 kablosu sa\u011flam ba\u011flant\u0131 sunar.Kompakt ve hafif yap\u0131s\u0131 sayesinde kolay ta\u015f\u0131n\u0131r. Kamp \u00e7antas\u0131nda, ara\u00e7 bagaj\u0131nda veya at\u00f6lyede rahatl\u0131kla saklanabilir. LED teknolojisi ile net ve dengeli bir \u0131\u015f\u0131k yayar. Acil durumlar, bak\u0131m ve onar\u0131m i\u015fleri i\u00e7in g\u00fcvenilir bir \u00e7\u00f6z\u00fcmd\u00fcr.<\/p>\n","protected":false},"excerpt":{"rendered":"<p>12V LED ampul, ak\u00fc destekli \u00e7al\u0131\u015fmas\u0131 sayesinde her ortamda kullan\u0131labilen pratik bir ayd\u0131nlatma \u00fcr\u00fcn\u00fcd\u00fcr. Elektrik prizine ihtiya\u00e7 duymadan \u00e7al\u0131\u015fmas\u0131, \u00fcr\u00fcn\u00fc \u00f6zellikle a\u00e7\u0131k alan kullan\u0131m\u0131 i\u00e7in ideal hale getirir. Timsah k\u0131ska\u00e7l\u0131 kablosu sa\u011flam ba\u011flant\u0131 sunar.Kompakt ve hafif yap\u0131s\u0131 sayesinde kolay ta\u015f\u0131n\u0131r. Kamp \u00e7antas\u0131nda, ara\u00e7 bagaj\u0131nda veya at\u00f6lyede rahatl\u0131kla saklanabilir. LED teknolojisi ile net ve dengeli bir&#8230;<\/p>\n","protected":false},"featured_media":125023,"comment_status":"open","ping_status":"closed","template":"","meta":{"_kad_post_transparent":"","_kad_post_title":"","_kad_post_layout":"","_kad_post_sidebar_id":"","_kad_post_content_style":"","_kad_post_vertical_padding":"","_kad_post_feature":"","_kad_post_feature_position":"","_kad_post_header":false,"_kad_post_footer":false,"_kad_post_classname":""},"product_brand":[],"product_cat":[15053],"product_tag":[],"class_list":{"0":"post-125024","1":"product","2":"type-product","3":"status-publish","4":"has-post-thumbnail","6":"product_cat-oto-bakim-seti-oto-bakim-seti-2","8":"first","9":"instock","10":"purchasable","11":"product-type-simple","12":"entry","13":"content-bg","14":"loop-entry"},"_links":{"self":[{"href":"https:\/\/www.hediyepazar.com\/index.php?rest_route=\/wp\/v2\/product\/125024","targetHints":{"allow":["GET"]}}],"collection":[{"href":"https:\/\/www.hediyepazar.com\/index.php?rest_route=\/wp\/v2\/product"}],"about":[{"href":"https:\/\/www.hediyepazar.com\/index.php?rest_route=\/wp\/v2\/types\/product"}],"replies":[{"embeddable":true,"href":"https:\/\/www.hediyepazar.com\/index.php?rest_route=%2Fwp%2Fv2%2Fcomments&post=125024"}],"wp:featuredmedia":[{"embeddable":true,"href":"https:\/\/www.hediyepazar.com\/index.php?rest_route=\/wp\/v2\/media\/125023"}],"wp:attachment":[{"href":"https:\/\/www.hediyepazar.com\/index.php?rest_route=%2Fwp%2Fv2%2Fmedia&parent=125024"}],"wp:term":[{"taxonomy":"product_brand","embeddable":true,"href":"https:\/\/www.hediyepazar.com\/index.php?rest_route=%2Fwp%2Fv2%2Fproduct_brand&post=125024"},{"taxonomy":"product_cat","embeddable":true,"href":"https:\/\/www.hediyepazar.com\/index.php?rest_route=%2Fwp%2Fv2%2Fproduct_cat&post=125024"},{"taxonomy":"product_tag","embeddable":true,"href":"https:\/\/www.hediyepazar.com\/index.php?rest_route=%2Fwp%2Fv2%2Fproduct_tag&post=125024"}],"curies":[{"name":"wp","href":"https:\/\/api.w.org\/{rel}","templated":true}]}}