{"id":125026,"date":"2026-05-06T17:00:15","date_gmt":"2026-05-06T20:00:15","guid":{"rendered":"https:\/\/www.hediyepazar.com\/?product=timsah-kiskacli-12v-led-ampul-kamp-ve-acil-durum-lambasi"},"modified":"2026-05-06T17:00:15","modified_gmt":"2026-05-06T20:00:15","slug":"timsah-kiskacli-12v-led-ampul-kamp-ve-acil-durum-lambasi","status":"publish","type":"product","link":"https:\/\/www.hediyepazar.com\/?product=timsah-kiskacli-12v-led-ampul-kamp-ve-acil-durum-lambasi","title":{"rendered":"Timsah K\u0131ska\u00e7l\u0131 12V LED Ampul Kamp ve Acil Durum Lambas\u0131"},"content":{"rendered":"<p>Bu 12V LED ampul, ta\u015f\u0131nabilirli\u011fi ve pratik kullan\u0131m\u0131 ile \u00f6ne \u00e7\u0131kar. Timsah k\u0131ska\u00e7l\u0131 kablosu sayesinde ara\u00e7 ak\u00fcs\u00fcne h\u0131zl\u0131 ba\u011flant\u0131 yap\u0131labilir. \u00d6zellikle kamp, karavan, off road ve acil durum senaryolar\u0131nda g\u00fcvenilir bir \u0131\u015f\u0131k kayna\u011f\u0131 olarak tercih edilir.LED ampul, d\u00fc\u015f\u00fck enerji t\u00fcketimi ile uzun s\u00fcreli kullan\u0131m sunar. Dayan\u0131kl\u0131 d\u0131\u015f g\u00f6vdesi darbelere kar\u015f\u0131 koruma sa\u011flar. Anahtarl\u0131 kablosu ile kontrol tamamen kullan\u0131c\u0131ya aittir. Ev d\u0131\u015f\u0131nda \u00e7al\u0131\u015fanlar, ustalar ve ara\u00e7 kullan\u0131c\u0131lar\u0131 i\u00e7in ideal bir yard\u0131mc\u0131 ayd\u0131nlatmad\u0131r.<\/p>\n","protected":false},"excerpt":{"rendered":"<p>Bu 12V LED ampul, ta\u015f\u0131nabilirli\u011fi ve pratik kullan\u0131m\u0131 ile \u00f6ne \u00e7\u0131kar. Timsah k\u0131ska\u00e7l\u0131 kablosu sayesinde ara\u00e7 ak\u00fcs\u00fcne h\u0131zl\u0131 ba\u011flant\u0131 yap\u0131labilir. \u00d6zellikle kamp, karavan, off road ve acil durum senaryolar\u0131nda g\u00fcvenilir bir \u0131\u015f\u0131k kayna\u011f\u0131 olarak tercih edilir.LED ampul, d\u00fc\u015f\u00fck enerji t\u00fcketimi ile uzun s\u00fcreli kullan\u0131m sunar. Dayan\u0131kl\u0131 d\u0131\u015f g\u00f6vdesi darbelere kar\u015f\u0131 koruma sa\u011flar. Anahtarl\u0131 kablosu ile&#8230;<\/p>\n","protected":false},"featured_media":125025,"comment_status":"open","ping_status":"closed","template":"","meta":{"_kad_post_transparent":"","_kad_post_title":"","_kad_post_layout":"","_kad_post_sidebar_id":"","_kad_post_content_style":"","_kad_post_vertical_padding":"","_kad_post_feature":"","_kad_post_feature_position":"","_kad_post_header":false,"_kad_post_footer":false,"_kad_post_classname":""},"product_brand":[],"product_cat":[15053],"product_tag":[],"class_list":{"0":"post-125026","1":"product","2":"type-product","3":"status-publish","4":"has-post-thumbnail","6":"product_cat-oto-bakim-seti-oto-bakim-seti-2","8":"first","9":"instock","10":"purchasable","11":"product-type-simple","12":"entry","13":"content-bg","14":"loop-entry"},"_links":{"self":[{"href":"https:\/\/www.hediyepazar.com\/index.php?rest_route=\/wp\/v2\/product\/125026","targetHints":{"allow":["GET"]}}],"collection":[{"href":"https:\/\/www.hediyepazar.com\/index.php?rest_route=\/wp\/v2\/product"}],"about":[{"href":"https:\/\/www.hediyepazar.com\/index.php?rest_route=\/wp\/v2\/types\/product"}],"replies":[{"embeddable":true,"href":"https:\/\/www.hediyepazar.com\/index.php?rest_route=%2Fwp%2Fv2%2Fcomments&post=125026"}],"wp:featuredmedia":[{"embeddable":true,"href":"https:\/\/www.hediyepazar.com\/index.php?rest_route=\/wp\/v2\/media\/125025"}],"wp:attachment":[{"href":"https:\/\/www.hediyepazar.com\/index.php?rest_route=%2Fwp%2Fv2%2Fmedia&parent=125026"}],"wp:term":[{"taxonomy":"product_brand","embeddable":true,"href":"https:\/\/www.hediyepazar.com\/index.php?rest_route=%2Fwp%2Fv2%2Fproduct_brand&post=125026"},{"taxonomy":"product_cat","embeddable":true,"href":"https:\/\/www.hediyepazar.com\/index.php?rest_route=%2Fwp%2Fv2%2Fproduct_cat&post=125026"},{"taxonomy":"product_tag","embeddable":true,"href":"https:\/\/www.hediyepazar.com\/index.php?rest_route=%2Fwp%2Fv2%2Fproduct_tag&post=125026"}],"curies":[{"name":"wp","href":"https:\/\/api.w.org\/{rel}","templated":true}]}}