{"id":125030,"date":"2026-05-06T17:01:00","date_gmt":"2026-05-06T20:01:00","guid":{"rendered":"https:\/\/www.hediyepazar.com\/?product=12v-led-ampul-timsah-kiskacli-tasinabilir-aydinlatma"},"modified":"2026-05-06T17:01:00","modified_gmt":"2026-05-06T20:01:00","slug":"12v-led-ampul-timsah-kiskacli-tasinabilir-aydinlatma","status":"publish","type":"product","link":"https:\/\/www.hediyepazar.com\/?product=12v-led-ampul-timsah-kiskacli-tasinabilir-aydinlatma","title":{"rendered":"12V LED Ampul Timsah K\u0131ska\u00e7l\u0131 Ta\u015f\u0131nabilir Ayd\u0131nlatma"},"content":{"rendered":"<p>12V LED ampul, pratik ve ta\u015f\u0131nabilir ayd\u0131nlatma ihtiyac\u0131 olan kullan\u0131c\u0131lar i\u00e7in geli\u015ftirilmi\u015ftir. Ak\u00fc ba\u011flant\u0131s\u0131 ile \u00e7al\u0131\u015fan yap\u0131s\u0131 sayesinde elektrik olmayan ortamlarda g\u00fcvenle kullan\u0131labilir. Timsah k\u0131ska\u00e7l\u0131 kablosu sayesinde ara\u00e7 ak\u00fcs\u00fcne, 12V bataryalara veya uygun g\u00fc\u00e7 kaynaklar\u0131na kolayca ba\u011flan\u0131r. A\u00e7ma kapama anahtar\u0131, kullan\u0131m s\u0131ras\u0131nda kontrol kolayl\u0131\u011f\u0131 sa\u011flar.Enerji tasarruflu LED teknolojisi sayesinde d\u00fc\u015f\u00fck enerji t\u00fcketimi ile y\u00fcksek \u0131\u015f\u0131k verimi sunar. Kamp, ara\u00e7 i\u00e7i kullan\u0131m, tamirat, at\u00f6lye \u00e7al\u0131\u015fmalar\u0131 ve acil durumlarda ideal bir ayd\u0131nlatma \u00e7\u00f6z\u00fcm\u00fcd\u00fcr. Dayan\u0131kl\u0131 plastik g\u00f6vdesi uzun \u00f6m\u00fcrl\u00fc kullan\u0131m sa\u011flar. Ta\u015f\u0131nabilir yap\u0131s\u0131 sayesinde \u00e7anta i\u00e7inde rahatl\u0131kla ta\u015f\u0131nabilir ve her ortamda h\u0131zl\u0131ca kullan\u0131labilir.<\/p>\n","protected":false},"excerpt":{"rendered":"<p>12V LED ampul, pratik ve ta\u015f\u0131nabilir ayd\u0131nlatma ihtiyac\u0131 olan kullan\u0131c\u0131lar i\u00e7in geli\u015ftirilmi\u015ftir. Ak\u00fc ba\u011flant\u0131s\u0131 ile \u00e7al\u0131\u015fan yap\u0131s\u0131 sayesinde elektrik olmayan ortamlarda g\u00fcvenle kullan\u0131labilir. Timsah k\u0131ska\u00e7l\u0131 kablosu sayesinde ara\u00e7 ak\u00fcs\u00fcne, 12V bataryalara veya uygun g\u00fc\u00e7 kaynaklar\u0131na kolayca ba\u011flan\u0131r. A\u00e7ma kapama anahtar\u0131, kullan\u0131m s\u0131ras\u0131nda kontrol kolayl\u0131\u011f\u0131 sa\u011flar.Enerji tasarruflu LED teknolojisi sayesinde d\u00fc\u015f\u00fck enerji t\u00fcketimi ile y\u00fcksek \u0131\u015f\u0131k&#8230;<\/p>\n","protected":false},"featured_media":125029,"comment_status":"open","ping_status":"closed","template":"","meta":{"_kad_post_transparent":"","_kad_post_title":"","_kad_post_layout":"","_kad_post_sidebar_id":"","_kad_post_content_style":"","_kad_post_vertical_padding":"","_kad_post_feature":"","_kad_post_feature_position":"","_kad_post_header":false,"_kad_post_footer":false,"_kad_post_classname":""},"product_brand":[],"product_cat":[15053],"product_tag":[],"class_list":{"0":"post-125030","1":"product","2":"type-product","3":"status-publish","4":"has-post-thumbnail","6":"product_cat-oto-bakim-seti-oto-bakim-seti-2","8":"first","9":"instock","10":"purchasable","11":"product-type-simple","12":"entry","13":"content-bg","14":"loop-entry"},"_links":{"self":[{"href":"https:\/\/www.hediyepazar.com\/index.php?rest_route=\/wp\/v2\/product\/125030","targetHints":{"allow":["GET"]}}],"collection":[{"href":"https:\/\/www.hediyepazar.com\/index.php?rest_route=\/wp\/v2\/product"}],"about":[{"href":"https:\/\/www.hediyepazar.com\/index.php?rest_route=\/wp\/v2\/types\/product"}],"replies":[{"embeddable":true,"href":"https:\/\/www.hediyepazar.com\/index.php?rest_route=%2Fwp%2Fv2%2Fcomments&post=125030"}],"wp:featuredmedia":[{"embeddable":true,"href":"https:\/\/www.hediyepazar.com\/index.php?rest_route=\/wp\/v2\/media\/125029"}],"wp:attachment":[{"href":"https:\/\/www.hediyepazar.com\/index.php?rest_route=%2Fwp%2Fv2%2Fmedia&parent=125030"}],"wp:term":[{"taxonomy":"product_brand","embeddable":true,"href":"https:\/\/www.hediyepazar.com\/index.php?rest_route=%2Fwp%2Fv2%2Fproduct_brand&post=125030"},{"taxonomy":"product_cat","embeddable":true,"href":"https:\/\/www.hediyepazar.com\/index.php?rest_route=%2Fwp%2Fv2%2Fproduct_cat&post=125030"},{"taxonomy":"product_tag","embeddable":true,"href":"https:\/\/www.hediyepazar.com\/index.php?rest_route=%2Fwp%2Fv2%2Fproduct_tag&post=125030"}],"curies":[{"name":"wp","href":"https:\/\/api.w.org\/{rel}","templated":true}]}}