{"id":125032,"date":"2026-05-06T17:01:05","date_gmt":"2026-05-06T20:01:05","guid":{"rendered":"https:\/\/www.hediyepazar.com\/?product=pw10-powerbank-temassiz"},"modified":"2026-05-06T17:01:05","modified_gmt":"2026-05-06T20:01:05","slug":"pw10-powerbank-temassiz","status":"publish","type":"product","link":"https:\/\/www.hediyepazar.com\/?product=pw10-powerbank-temassiz","title":{"rendered":"PW10 POWERBANK TEMASSIZ"},"content":{"rendered":"<p>10000mAh kapasiteye sahip bu powerbank, uzun s\u00fcreli kullan\u0131m i\u00e7in ideal bir enerji kayna\u011f\u0131 sunar.- Kablolu ve kablosuz ba\u011flant\u0131 se\u00e7enekleriyle, cihazlar\u0131n\u0131z\u0131 h\u0131zl\u0131 ve kolay bir \u015fekilde \u015farj edebilirsiniz.- Dahili USB Micro TYPE-C Lighting portu sayesinde, modern cihazlar\u0131n\u0131z i\u00e7in h\u0131zl\u0131 \u015farj imkan\u0131 sa\u011flar.- 3 ve \u00fczeri ba\u011flant\u0131 noktas\u0131 say\u0131s\u0131 ile birden fazla cihaz\u0131 ayn\u0131 anda \u015farj etme olana\u011f\u0131 tan\u0131r.- 2 y\u0131l ithalat\u00e7\u0131 garantisi ile g\u00fcvenilir kullan\u0131m ve sat\u0131n alma sonras\u0131 destek sunar.- H\u0131zl\u0131 \u015farj \u00f6zelli\u011fi sayesinde zaman kaybetmeden cihazlar\u0131n\u0131z\u0131 \u015farj edebilirsiniz.<\/p>\n","protected":false},"excerpt":{"rendered":"<p>10000mAh kapasiteye sahip bu powerbank, uzun s\u00fcreli kullan\u0131m i\u00e7in ideal bir enerji kayna\u011f\u0131 sunar.- Kablolu ve kablosuz ba\u011flant\u0131 se\u00e7enekleriyle, cihazlar\u0131n\u0131z\u0131 h\u0131zl\u0131 ve kolay bir \u015fekilde \u015farj edebilirsiniz.- Dahili USB Micro TYPE-C Lighting portu sayesinde, modern cihazlar\u0131n\u0131z i\u00e7in h\u0131zl\u0131 \u015farj imkan\u0131 sa\u011flar.- 3 ve \u00fczeri ba\u011flant\u0131 noktas\u0131 say\u0131s\u0131 ile birden fazla cihaz\u0131 ayn\u0131 anda \u015farj etme&#8230;<\/p>\n","protected":false},"featured_media":125031,"comment_status":"open","ping_status":"closed","template":"","meta":{"_kad_post_transparent":"","_kad_post_title":"","_kad_post_layout":"","_kad_post_sidebar_id":"","_kad_post_content_style":"","_kad_post_vertical_padding":"","_kad_post_feature":"","_kad_post_feature_position":"","_kad_post_header":false,"_kad_post_footer":false,"_kad_post_classname":""},"product_brand":[],"product_cat":[14937],"product_tag":[],"class_list":{"0":"post-125032","1":"product","2":"type-product","3":"status-publish","4":"has-post-thumbnail","6":"product_cat-powerbank-powerbank-2","8":"first","9":"instock","10":"purchasable","11":"product-type-simple","12":"entry","13":"content-bg","14":"loop-entry"},"_links":{"self":[{"href":"https:\/\/www.hediyepazar.com\/index.php?rest_route=\/wp\/v2\/product\/125032","targetHints":{"allow":["GET"]}}],"collection":[{"href":"https:\/\/www.hediyepazar.com\/index.php?rest_route=\/wp\/v2\/product"}],"about":[{"href":"https:\/\/www.hediyepazar.com\/index.php?rest_route=\/wp\/v2\/types\/product"}],"replies":[{"embeddable":true,"href":"https:\/\/www.hediyepazar.com\/index.php?rest_route=%2Fwp%2Fv2%2Fcomments&post=125032"}],"wp:featuredmedia":[{"embeddable":true,"href":"https:\/\/www.hediyepazar.com\/index.php?rest_route=\/wp\/v2\/media\/125031"}],"wp:attachment":[{"href":"https:\/\/www.hediyepazar.com\/index.php?rest_route=%2Fwp%2Fv2%2Fmedia&parent=125032"}],"wp:term":[{"taxonomy":"product_brand","embeddable":true,"href":"https:\/\/www.hediyepazar.com\/index.php?rest_route=%2Fwp%2Fv2%2Fproduct_brand&post=125032"},{"taxonomy":"product_cat","embeddable":true,"href":"https:\/\/www.hediyepazar.com\/index.php?rest_route=%2Fwp%2Fv2%2Fproduct_cat&post=125032"},{"taxonomy":"product_tag","embeddable":true,"href":"https:\/\/www.hediyepazar.com\/index.php?rest_route=%2Fwp%2Fv2%2Fproduct_tag&post=125032"}],"curies":[{"name":"wp","href":"https:\/\/api.w.org\/{rel}","templated":true}]}}