{"id":125036,"date":"2026-05-06T17:01:19","date_gmt":"2026-05-06T20:01:19","guid":{"rendered":"https:\/\/www.hediyepazar.com\/?product=enerjik-gece-etkinlikleri-icin-led-isikli-gozluk"},"modified":"2026-05-06T17:01:19","modified_gmt":"2026-05-06T20:01:19","slug":"enerjik-gece-etkinlikleri-icin-led-isikli-gozluk","status":"publish","type":"product","link":"https:\/\/www.hediyepazar.com\/?product=enerjik-gece-etkinlikleri-icin-led-isikli-gozluk","title":{"rendered":"Enerjik Gece Etkinlikleri \u0130\u00e7in LED I\u015f\u0131kl\u0131 G\u00f6zl\u00fck"},"content":{"rendered":"<p>LED \u0131\u015f\u0131kl\u0131 g\u00f6zl\u00fck, gece e\u011flencelerinin vazge\u00e7ilmez aksesuarlar\u0131ndan biridir. Renkli LED detaylar\u0131 sayesinde bulundu\u011funuz ortamda enerjik ve dinamik bir g\u00f6r\u00fcn\u00fcm olu\u015fturur. E\u011flencenin ruhunu yans\u0131tan tasar\u0131m\u0131yla dikkat \u00e7eker.Karanl\u0131k ortamlarda \u0131\u015f\u0131k efektleri \u00f6n plana \u00e7\u0131karak g\u00f6rsel bir \u015f\u00f6len sunar. Parti, konser ve festival gibi organizasyonlarda e\u011flencenin temposunu y\u00fckseltir. Foto\u011fraf \u00e7ekimlerinde e\u011flenceli ve renkli kareler yakalaman\u0131za yard\u0131mc\u0131 olur.Hafif ve kullan\u0131m\u0131 kolay yap\u0131s\u0131 sayesinde rahat bir deneyim sunar. Uzun s\u00fcreli kullan\u0131mlarda konfor sa\u011flar ve hareket \u00f6zg\u00fcrl\u00fc\u011f\u00fcn\u00fc k\u0131s\u0131tlamaz.Kutlama ve etkinliklerde tamamlay\u0131c\u0131 bir aksesuar olarak tercih edilir. E\u011flenceli tasar\u0131m\u0131yla anlar\u0131 daha keyifli hale getirir.<\/p>\n","protected":false},"excerpt":{"rendered":"<p>LED \u0131\u015f\u0131kl\u0131 g\u00f6zl\u00fck, gece e\u011flencelerinin vazge\u00e7ilmez aksesuarlar\u0131ndan biridir. Renkli LED detaylar\u0131 sayesinde bulundu\u011funuz ortamda enerjik ve dinamik bir g\u00f6r\u00fcn\u00fcm olu\u015fturur. E\u011flencenin ruhunu yans\u0131tan tasar\u0131m\u0131yla dikkat \u00e7eker.Karanl\u0131k ortamlarda \u0131\u015f\u0131k efektleri \u00f6n plana \u00e7\u0131karak g\u00f6rsel bir \u015f\u00f6len sunar. Parti, konser ve festival gibi organizasyonlarda e\u011flencenin temposunu y\u00fckseltir. Foto\u011fraf \u00e7ekimlerinde e\u011flenceli ve renkli kareler yakalaman\u0131za yard\u0131mc\u0131 olur.Hafif ve&#8230;<\/p>\n","protected":false},"featured_media":125035,"comment_status":"open","ping_status":"closed","template":"","meta":{"_kad_post_transparent":"","_kad_post_title":"","_kad_post_layout":"","_kad_post_sidebar_id":"","_kad_post_content_style":"","_kad_post_vertical_padding":"","_kad_post_feature":"","_kad_post_feature_position":"","_kad_post_header":false,"_kad_post_footer":false,"_kad_post_classname":""},"product_brand":[],"product_cat":[15040],"product_tag":[],"class_list":{"0":"post-125036","1":"product","2":"type-product","3":"status-publish","4":"has-post-thumbnail","6":"product_cat-parti-maskesi-ve-gozlugu-parti-maskesi-ve-gozlugu","8":"first","9":"instock","10":"purchasable","11":"product-type-simple","12":"entry","13":"content-bg","14":"loop-entry"},"_links":{"self":[{"href":"https:\/\/www.hediyepazar.com\/index.php?rest_route=\/wp\/v2\/product\/125036","targetHints":{"allow":["GET"]}}],"collection":[{"href":"https:\/\/www.hediyepazar.com\/index.php?rest_route=\/wp\/v2\/product"}],"about":[{"href":"https:\/\/www.hediyepazar.com\/index.php?rest_route=\/wp\/v2\/types\/product"}],"replies":[{"embeddable":true,"href":"https:\/\/www.hediyepazar.com\/index.php?rest_route=%2Fwp%2Fv2%2Fcomments&post=125036"}],"wp:featuredmedia":[{"embeddable":true,"href":"https:\/\/www.hediyepazar.com\/index.php?rest_route=\/wp\/v2\/media\/125035"}],"wp:attachment":[{"href":"https:\/\/www.hediyepazar.com\/index.php?rest_route=%2Fwp%2Fv2%2Fmedia&parent=125036"}],"wp:term":[{"taxonomy":"product_brand","embeddable":true,"href":"https:\/\/www.hediyepazar.com\/index.php?rest_route=%2Fwp%2Fv2%2Fproduct_brand&post=125036"},{"taxonomy":"product_cat","embeddable":true,"href":"https:\/\/www.hediyepazar.com\/index.php?rest_route=%2Fwp%2Fv2%2Fproduct_cat&post=125036"},{"taxonomy":"product_tag","embeddable":true,"href":"https:\/\/www.hediyepazar.com\/index.php?rest_route=%2Fwp%2Fv2%2Fproduct_tag&post=125036"}],"curies":[{"name":"wp","href":"https:\/\/api.w.org\/{rel}","templated":true}]}}