{"id":125038,"date":"2026-05-06T17:01:59","date_gmt":"2026-05-06T20:01:59","guid":{"rendered":"https:\/\/www.hediyepazar.com\/?product=isikli-tasarimli-led-gozluk-eglence-aksesuari"},"modified":"2026-05-06T17:01:59","modified_gmt":"2026-05-06T20:01:59","slug":"isikli-tasarimli-led-gozluk-eglence-aksesuari","status":"publish","type":"product","link":"https:\/\/www.hediyepazar.com\/?product=isikli-tasarimli-led-gozluk-eglence-aksesuari","title":{"rendered":"I\u015f\u0131kl\u0131 Tasar\u0131ml\u0131 LED G\u00f6zl\u00fck E\u011flence Aksesuar\u0131"},"content":{"rendered":"<p>LED \u0131\u015f\u0131kl\u0131 parti g\u00f6zl\u00fc\u011f\u00fc, e\u011flence dolu anlara g\u00f6rsel bir hareket kazand\u0131rmak i\u00e7in tasarlanm\u0131\u015ft\u0131r. Renkli \u0131\u015f\u0131k detaylar\u0131, gece etkinliklerinde fark edilmenizi sa\u011flar ve enerjik bir stil olu\u015fturur. E\u011flencenin temposuna uyum sa\u011flayarak ortama canl\u0131l\u0131k katar.Lo\u015f mekanlarda LED \u0131\u015f\u0131klar\u0131n etkisi daha g\u00fc\u00e7l\u00fc hissedilir. Konser ve festival alanlar\u0131nda dikkat \u00e7ekici bir g\u00f6r\u00fcn\u00fcm sunar. Foto\u011fraf ve video \u00e7ekimlerinde e\u011flenceli kareler elde edilmesine katk\u0131 sa\u011flar.Ergonomik ve hafif yap\u0131s\u0131 sayesinde konforlu bir kullan\u0131m sunar. Uzun s\u00fcre tak\u0131ld\u0131\u011f\u0131nda bile rahatl\u0131\u011f\u0131n\u0131 korur. Pratik tasar\u0131m\u0131 ile her ya\u015ftan kullan\u0131c\u0131 i\u00e7in uygundur.\u00d6zel kutlamalar, temal\u0131 partiler ve sosyal organizasyonlarda e\u011flenceyi tamamlayan bir aksesuard\u0131r. Ortam\u0131n enerjisini y\u00fckselten renkli bir detayd\u0131r.<\/p>\n","protected":false},"excerpt":{"rendered":"<p>LED \u0131\u015f\u0131kl\u0131 parti g\u00f6zl\u00fc\u011f\u00fc, e\u011flence dolu anlara g\u00f6rsel bir hareket kazand\u0131rmak i\u00e7in tasarlanm\u0131\u015ft\u0131r. Renkli \u0131\u015f\u0131k detaylar\u0131, gece etkinliklerinde fark edilmenizi sa\u011flar ve enerjik bir stil olu\u015fturur. E\u011flencenin temposuna uyum sa\u011flayarak ortama canl\u0131l\u0131k katar.Lo\u015f mekanlarda LED \u0131\u015f\u0131klar\u0131n etkisi daha g\u00fc\u00e7l\u00fc hissedilir. Konser ve festival alanlar\u0131nda dikkat \u00e7ekici bir g\u00f6r\u00fcn\u00fcm sunar. Foto\u011fraf ve video \u00e7ekimlerinde e\u011flenceli kareler&#8230;<\/p>\n","protected":false},"featured_media":125037,"comment_status":"open","ping_status":"closed","template":"","meta":{"_kad_post_transparent":"","_kad_post_title":"","_kad_post_layout":"","_kad_post_sidebar_id":"","_kad_post_content_style":"","_kad_post_vertical_padding":"","_kad_post_feature":"","_kad_post_feature_position":"","_kad_post_header":false,"_kad_post_footer":false,"_kad_post_classname":""},"product_brand":[],"product_cat":[15040],"product_tag":[],"class_list":{"0":"post-125038","1":"product","2":"type-product","3":"status-publish","4":"has-post-thumbnail","6":"product_cat-parti-maskesi-ve-gozlugu-parti-maskesi-ve-gozlugu","8":"first","9":"instock","10":"purchasable","11":"product-type-simple","12":"entry","13":"content-bg","14":"loop-entry"},"_links":{"self":[{"href":"https:\/\/www.hediyepazar.com\/index.php?rest_route=\/wp\/v2\/product\/125038","targetHints":{"allow":["GET"]}}],"collection":[{"href":"https:\/\/www.hediyepazar.com\/index.php?rest_route=\/wp\/v2\/product"}],"about":[{"href":"https:\/\/www.hediyepazar.com\/index.php?rest_route=\/wp\/v2\/types\/product"}],"replies":[{"embeddable":true,"href":"https:\/\/www.hediyepazar.com\/index.php?rest_route=%2Fwp%2Fv2%2Fcomments&post=125038"}],"wp:featuredmedia":[{"embeddable":true,"href":"https:\/\/www.hediyepazar.com\/index.php?rest_route=\/wp\/v2\/media\/125037"}],"wp:attachment":[{"href":"https:\/\/www.hediyepazar.com\/index.php?rest_route=%2Fwp%2Fv2%2Fmedia&parent=125038"}],"wp:term":[{"taxonomy":"product_brand","embeddable":true,"href":"https:\/\/www.hediyepazar.com\/index.php?rest_route=%2Fwp%2Fv2%2Fproduct_brand&post=125038"},{"taxonomy":"product_cat","embeddable":true,"href":"https:\/\/www.hediyepazar.com\/index.php?rest_route=%2Fwp%2Fv2%2Fproduct_cat&post=125038"},{"taxonomy":"product_tag","embeddable":true,"href":"https:\/\/www.hediyepazar.com\/index.php?rest_route=%2Fwp%2Fv2%2Fproduct_tag&post=125038"}],"curies":[{"name":"wp","href":"https:\/\/api.w.org\/{rel}","templated":true}]}}