{"id":125066,"date":"2026-05-06T17:04:21","date_gmt":"2026-05-06T20:04:21","guid":{"rendered":"https:\/\/www.hediyepazar.com\/?product=enerji-tasarruflu-sarjli-led-ampul-30w-beyaz-isik"},"modified":"2026-05-06T17:04:21","modified_gmt":"2026-05-06T20:04:21","slug":"enerji-tasarruflu-sarjli-led-ampul-30w-beyaz-isik","status":"publish","type":"product","link":"https:\/\/www.hediyepazar.com\/?product=enerji-tasarruflu-sarjli-led-ampul-30w-beyaz-isik","title":{"rendered":"Enerji Tasarruflu \u015earjl\u0131 LED Ampul 30W Beyaz I\u015f\u0131k"},"content":{"rendered":"<p>\u015earjl\u0131 LED ampul, ya\u015fam alanlar\u0131nda hem konforu hem de g\u00fcveni bir arada sunmak isteyenler i\u00e7in ideal bir ayd\u0131nlatma \u00e7\u00f6z\u00fcm\u00fcd\u00fcr. 30 Watt g\u00fc\u00e7 t\u00fcketimiyle yeterli ve dengeli bir \u0131\u015f\u0131k sa\u011flarken, enerji tasarruflu yap\u0131s\u0131 sayesinde uzun vadede elektrik kullan\u0131m\u0131n\u0131 daha verimli hale getirir. Beyaz \u0131\u015f\u0131k rengi, ortam\u0131n daha temiz, d\u00fczenli ve ferah g\u00f6r\u00fcnmesine katk\u0131 sa\u011flar.Elektrik kesintilerinde otomatik olarak devreye giren \u015farjl\u0131 sistemi sayesinde ani karanl\u0131klarla kar\u015f\u0131la\u015fma riskini ortadan kald\u0131r\u0131r. Bu \u00f6zellik, \u00f6zellikle gece saatlerinde ya\u015fanabilecek kesintilerde hem g\u00fcvenli hem de rahat bir kullan\u0131m sunar. G\u00fcnl\u00fck ya\u015fam\u0131n ak\u0131\u015f\u0131n\u0131 kesintiye u\u011fratmadan ayd\u0131nlatmaya devam eder.LED teknolojisiyle \u00fcretilmi\u015f olmas\u0131, \u00fcr\u00fcne uzun \u00f6m\u00fcrl\u00fc bir yap\u0131 kazand\u0131r\u0131r. Is\u0131nma yapmadan \u00e7al\u0131\u015fmas\u0131 sayesinde g\u00fcvenli bir kullan\u0131m deneyimi sunar. Dayan\u0131kl\u0131 yap\u0131s\u0131, s\u0131k kullan\u0131ma uygun olacak \u015fekilde tasarlanm\u0131\u015ft\u0131r ve zamanla performans kayb\u0131 ya\u015famaz.Standart E27 duy uyumu sayesinde evlerde ve i\u015f yerlerinde bulunan ayd\u0131nlatma armat\u00fcrleriyle kolayca kullan\u0131labilir. Kurulum gerektirmeyen pratik yap\u0131s\u0131, \u00fcr\u00fcn\u00fc herkes i\u00e7in eri\u015filebilir hale getirir. Salon, mutfak, yatak odas\u0131, ofis veya depo gibi pek \u00e7ok alanda rahatl\u0131kla tercih edilebilir.Enerji tasarrufuna katk\u0131 sa\u011flayan bu \u015farjl\u0131 LED ampul, hem ekonomik hem de i\u015flevsel bir ayd\u0131nlatma alternatifi sunar. G\u00fcnl\u00fck kullan\u0131mda konfor, acil durumlarda ise g\u00fcven sa\u011flayan \u00e7ok y\u00f6nl\u00fc bir \u00fcr\u00fcnd\u00fcr.<\/p>\n","protected":false},"excerpt":{"rendered":"<p>\u015earjl\u0131 LED ampul, ya\u015fam alanlar\u0131nda hem konforu hem de g\u00fcveni bir arada sunmak isteyenler i\u00e7in ideal bir ayd\u0131nlatma \u00e7\u00f6z\u00fcm\u00fcd\u00fcr. 30 Watt g\u00fc\u00e7 t\u00fcketimiyle yeterli ve dengeli bir \u0131\u015f\u0131k sa\u011flarken, enerji tasarruflu yap\u0131s\u0131 sayesinde uzun vadede elektrik kullan\u0131m\u0131n\u0131 daha verimli hale getirir. Beyaz \u0131\u015f\u0131k rengi, ortam\u0131n daha temiz, d\u00fczenli ve ferah g\u00f6r\u00fcnmesine katk\u0131 sa\u011flar.Elektrik kesintilerinde otomatik&#8230;<\/p>\n","protected":false},"featured_media":125065,"comment_status":"open","ping_status":"closed","template":"","meta":{"_kad_post_transparent":"","_kad_post_title":"","_kad_post_layout":"","_kad_post_sidebar_id":"","_kad_post_content_style":"","_kad_post_vertical_padding":"","_kad_post_feature":"","_kad_post_feature_position":"","_kad_post_header":false,"_kad_post_footer":false,"_kad_post_classname":""},"product_brand":[],"product_cat":[14933],"product_tag":[],"class_list":{"0":"post-125066","1":"product","2":"type-product","3":"status-publish","4":"has-post-thumbnail","6":"product_cat-led-isik-led-isik","8":"first","9":"instock","10":"purchasable","11":"product-type-simple","12":"entry","13":"content-bg","14":"loop-entry"},"_links":{"self":[{"href":"https:\/\/www.hediyepazar.com\/index.php?rest_route=\/wp\/v2\/product\/125066","targetHints":{"allow":["GET"]}}],"collection":[{"href":"https:\/\/www.hediyepazar.com\/index.php?rest_route=\/wp\/v2\/product"}],"about":[{"href":"https:\/\/www.hediyepazar.com\/index.php?rest_route=\/wp\/v2\/types\/product"}],"replies":[{"embeddable":true,"href":"https:\/\/www.hediyepazar.com\/index.php?rest_route=%2Fwp%2Fv2%2Fcomments&post=125066"}],"wp:featuredmedia":[{"embeddable":true,"href":"https:\/\/www.hediyepazar.com\/index.php?rest_route=\/wp\/v2\/media\/125065"}],"wp:attachment":[{"href":"https:\/\/www.hediyepazar.com\/index.php?rest_route=%2Fwp%2Fv2%2Fmedia&parent=125066"}],"wp:term":[{"taxonomy":"product_brand","embeddable":true,"href":"https:\/\/www.hediyepazar.com\/index.php?rest_route=%2Fwp%2Fv2%2Fproduct_brand&post=125066"},{"taxonomy":"product_cat","embeddable":true,"href":"https:\/\/www.hediyepazar.com\/index.php?rest_route=%2Fwp%2Fv2%2Fproduct_cat&post=125066"},{"taxonomy":"product_tag","embeddable":true,"href":"https:\/\/www.hediyepazar.com\/index.php?rest_route=%2Fwp%2Fv2%2Fproduct_tag&post=125066"}],"curies":[{"name":"wp","href":"https:\/\/api.w.org\/{rel}","templated":true}]}}