{"id":125074,"date":"2026-05-06T17:06:18","date_gmt":"2026-05-06T20:06:18","guid":{"rendered":"https:\/\/www.hediyepazar.com\/?product=sensorlu-sokak-tipi-lamba-gunluk-kullanim-icin-ideal"},"modified":"2026-05-06T17:06:18","modified_gmt":"2026-05-06T20:06:18","slug":"sensorlu-sokak-tipi-lamba-gunluk-kullanim-icin-ideal","status":"publish","type":"product","link":"https:\/\/www.hediyepazar.com\/?product=sensorlu-sokak-tipi-lamba-gunluk-kullanim-icin-ideal","title":{"rendered":"Sens\u00f6rl\u00fc Sokak Tipi Lamba G\u00fcnl\u00fck Kullan\u0131m \u0130\u00e7in \u0130deal"},"content":{"rendered":"<p>Bu sens\u00f6rl\u00fc sokak tipi d\u0131\u015f mekan lambas\u0131, geni\u015f alanlarda etkili ayd\u0131nlatma sa\u011flamak i\u00e7in ideal bir tercihtir. Hareket alg\u0131layan yap\u0131s\u0131, yaln\u0131zca ihtiya\u00e7 an\u0131nda \u0131\u015f\u0131k vererek kontroll\u00fc bir kullan\u0131m sunar.Kullan\u0131c\u0131 dostu tasar\u0131m\u0131 sayesinde kurulduktan sonra ekstra ayar gerektirmez. G\u00fcnl\u00fck ya\u015famda g\u00fcvenli\u011fi art\u0131r\u0131r ve karanl\u0131k alanlarda g\u00f6r\u00fcn\u00fcrl\u00fc\u011f\u00fc destekler.Ev \u00e7evresi, bah\u00e7e ve bina giri\u015flerinde rahatl\u0131kla kullan\u0131labilir. Dayan\u0131kl\u0131 yap\u0131s\u0131 ve pratik kullan\u0131m\u0131yla uzun s\u00fcreli memnuniyet sunar.<\/p>\n","protected":false},"excerpt":{"rendered":"<p>Bu sens\u00f6rl\u00fc sokak tipi d\u0131\u015f mekan lambas\u0131, geni\u015f alanlarda etkili ayd\u0131nlatma sa\u011flamak i\u00e7in ideal bir tercihtir. Hareket alg\u0131layan yap\u0131s\u0131, yaln\u0131zca ihtiya\u00e7 an\u0131nda \u0131\u015f\u0131k vererek kontroll\u00fc bir kullan\u0131m sunar.Kullan\u0131c\u0131 dostu tasar\u0131m\u0131 sayesinde kurulduktan sonra ekstra ayar gerektirmez. G\u00fcnl\u00fck ya\u015famda g\u00fcvenli\u011fi art\u0131r\u0131r ve karanl\u0131k alanlarda g\u00f6r\u00fcn\u00fcrl\u00fc\u011f\u00fc destekler.Ev \u00e7evresi, bah\u00e7e ve bina giri\u015flerinde rahatl\u0131kla kullan\u0131labilir. Dayan\u0131kl\u0131 yap\u0131s\u0131 ve&#8230;<\/p>\n","protected":false},"featured_media":125073,"comment_status":"open","ping_status":"closed","template":"","meta":{"_kad_post_transparent":"","_kad_post_title":"","_kad_post_layout":"","_kad_post_sidebar_id":"","_kad_post_content_style":"","_kad_post_vertical_padding":"","_kad_post_feature":"","_kad_post_feature_position":"","_kad_post_header":false,"_kad_post_footer":false,"_kad_post_classname":""},"product_brand":[],"product_cat":[14946],"product_tag":[],"class_list":{"0":"post-125074","1":"product","2":"type-product","3":"status-publish","4":"has-post-thumbnail","6":"product_cat-bahce-aydinlatmasi-bahce-aydinlatmasi","8":"first","9":"instock","10":"purchasable","11":"product-type-simple","12":"entry","13":"content-bg","14":"loop-entry"},"_links":{"self":[{"href":"https:\/\/www.hediyepazar.com\/index.php?rest_route=\/wp\/v2\/product\/125074","targetHints":{"allow":["GET"]}}],"collection":[{"href":"https:\/\/www.hediyepazar.com\/index.php?rest_route=\/wp\/v2\/product"}],"about":[{"href":"https:\/\/www.hediyepazar.com\/index.php?rest_route=\/wp\/v2\/types\/product"}],"replies":[{"embeddable":true,"href":"https:\/\/www.hediyepazar.com\/index.php?rest_route=%2Fwp%2Fv2%2Fcomments&post=125074"}],"wp:featuredmedia":[{"embeddable":true,"href":"https:\/\/www.hediyepazar.com\/index.php?rest_route=\/wp\/v2\/media\/125073"}],"wp:attachment":[{"href":"https:\/\/www.hediyepazar.com\/index.php?rest_route=%2Fwp%2Fv2%2Fmedia&parent=125074"}],"wp:term":[{"taxonomy":"product_brand","embeddable":true,"href":"https:\/\/www.hediyepazar.com\/index.php?rest_route=%2Fwp%2Fv2%2Fproduct_brand&post=125074"},{"taxonomy":"product_cat","embeddable":true,"href":"https:\/\/www.hediyepazar.com\/index.php?rest_route=%2Fwp%2Fv2%2Fproduct_cat&post=125074"},{"taxonomy":"product_tag","embeddable":true,"href":"https:\/\/www.hediyepazar.com\/index.php?rest_route=%2Fwp%2Fv2%2Fproduct_tag&post=125074"}],"curies":[{"name":"wp","href":"https:\/\/api.w.org\/{rel}","templated":true}]}}