{"id":125076,"date":"2026-05-06T17:07:15","date_gmt":"2026-05-06T20:07:15","guid":{"rendered":"https:\/\/www.hediyepazar.com\/?product=dis-mekan-sensorlu-aydinlatma-modern-ve-kullanici-dostu"},"modified":"2026-05-06T17:07:15","modified_gmt":"2026-05-06T20:07:15","slug":"dis-mekan-sensorlu-aydinlatma-modern-ve-kullanici-dostu","status":"publish","type":"product","link":"https:\/\/www.hediyepazar.com\/?product=dis-mekan-sensorlu-aydinlatma-modern-ve-kullanici-dostu","title":{"rendered":"D\u0131\u015f Mekan Sens\u00f6rl\u00fc Ayd\u0131nlatma Modern ve Kullan\u0131c\u0131 Dostu"},"content":{"rendered":"<p>D\u0131\u015f mekanlar i\u00e7in geli\u015ftirilen bu hareket sens\u00f6rl\u00fc lamba, ya\u015fam alanlar\u0131nda konforu art\u0131r\u0131r. Otomatik \u00e7al\u0131\u015fmas\u0131 sayesinde kullan\u0131c\u0131 m\u00fcdahalesine gerek kalmadan etkili ayd\u0131nlatma sa\u011flar.Gece saatlerinde giri\u015f-\u00e7\u0131k\u0131\u015f yap\u0131lan alanlarda g\u00fcven hissini g\u00fc\u00e7lendirir. Bah\u00e7e, bina \u00f6n\u00fc ve site i\u00e7i alanlarda d\u00fczenli bir ayd\u0131nlatma sunar. Sens\u00f6rl\u00fc yap\u0131s\u0131 sayesinde ihtiya\u00e7 duyulan anlarda devreye girer.Minimal ve modern tasar\u0131m\u0131yla d\u0131\u015f cephelerde \u015f\u0131k bir duru\u015f sergiler. Pratik kullan\u0131m\u0131 sayesinde g\u00fcnl\u00fck ya\u015fam\u0131 kolayla\u015ft\u0131ran bir ayd\u0131nlatma \u00e7\u00f6z\u00fcm\u00fcd\u00fcr.<\/p>\n","protected":false},"excerpt":{"rendered":"<p>D\u0131\u015f mekanlar i\u00e7in geli\u015ftirilen bu hareket sens\u00f6rl\u00fc lamba, ya\u015fam alanlar\u0131nda konforu art\u0131r\u0131r. Otomatik \u00e7al\u0131\u015fmas\u0131 sayesinde kullan\u0131c\u0131 m\u00fcdahalesine gerek kalmadan etkili ayd\u0131nlatma sa\u011flar.Gece saatlerinde giri\u015f-\u00e7\u0131k\u0131\u015f yap\u0131lan alanlarda g\u00fcven hissini g\u00fc\u00e7lendirir. Bah\u00e7e, bina \u00f6n\u00fc ve site i\u00e7i alanlarda d\u00fczenli bir ayd\u0131nlatma sunar. Sens\u00f6rl\u00fc yap\u0131s\u0131 sayesinde ihtiya\u00e7 duyulan anlarda devreye girer.Minimal ve modern tasar\u0131m\u0131yla d\u0131\u015f cephelerde \u015f\u0131k bir&#8230;<\/p>\n","protected":false},"featured_media":125075,"comment_status":"open","ping_status":"closed","template":"","meta":{"_kad_post_transparent":"","_kad_post_title":"","_kad_post_layout":"","_kad_post_sidebar_id":"","_kad_post_content_style":"","_kad_post_vertical_padding":"","_kad_post_feature":"","_kad_post_feature_position":"","_kad_post_header":false,"_kad_post_footer":false,"_kad_post_classname":""},"product_brand":[],"product_cat":[14946],"product_tag":[],"class_list":{"0":"post-125076","1":"product","2":"type-product","3":"status-publish","4":"has-post-thumbnail","6":"product_cat-bahce-aydinlatmasi-bahce-aydinlatmasi","8":"first","9":"instock","10":"purchasable","11":"product-type-simple","12":"entry","13":"content-bg","14":"loop-entry"},"_links":{"self":[{"href":"https:\/\/www.hediyepazar.com\/index.php?rest_route=\/wp\/v2\/product\/125076","targetHints":{"allow":["GET"]}}],"collection":[{"href":"https:\/\/www.hediyepazar.com\/index.php?rest_route=\/wp\/v2\/product"}],"about":[{"href":"https:\/\/www.hediyepazar.com\/index.php?rest_route=\/wp\/v2\/types\/product"}],"replies":[{"embeddable":true,"href":"https:\/\/www.hediyepazar.com\/index.php?rest_route=%2Fwp%2Fv2%2Fcomments&post=125076"}],"wp:featuredmedia":[{"embeddable":true,"href":"https:\/\/www.hediyepazar.com\/index.php?rest_route=\/wp\/v2\/media\/125075"}],"wp:attachment":[{"href":"https:\/\/www.hediyepazar.com\/index.php?rest_route=%2Fwp%2Fv2%2Fmedia&parent=125076"}],"wp:term":[{"taxonomy":"product_brand","embeddable":true,"href":"https:\/\/www.hediyepazar.com\/index.php?rest_route=%2Fwp%2Fv2%2Fproduct_brand&post=125076"},{"taxonomy":"product_cat","embeddable":true,"href":"https:\/\/www.hediyepazar.com\/index.php?rest_route=%2Fwp%2Fv2%2Fproduct_cat&post=125076"},{"taxonomy":"product_tag","embeddable":true,"href":"https:\/\/www.hediyepazar.com\/index.php?rest_route=%2Fwp%2Fv2%2Fproduct_tag&post=125076"}],"curies":[{"name":"wp","href":"https:\/\/api.w.org\/{rel}","templated":true}]}}