{"id":125078,"date":"2026-05-06T17:07:20","date_gmt":"2026-05-06T20:07:20","guid":{"rendered":"https:\/\/www.hediyepazar.com\/?product=sensorlu-bahce-ve-duvar-lambasi-zahmetsiz-cozum"},"modified":"2026-05-06T17:07:20","modified_gmt":"2026-05-06T20:07:20","slug":"sensorlu-bahce-ve-duvar-lambasi-zahmetsiz-cozum","status":"publish","type":"product","link":"https:\/\/www.hediyepazar.com\/?product=sensorlu-bahce-ve-duvar-lambasi-zahmetsiz-cozum","title":{"rendered":"Sens\u00f6rl\u00fc Bah\u00e7e ve Duvar Lambas\u0131 Zahmetsiz \u00c7\u00f6z\u00fcm"},"content":{"rendered":"<p>Bu sens\u00f6rl\u00fc d\u0131\u015f mekan ayd\u0131nlatmas\u0131, kullan\u0131c\u0131 dostu yap\u0131s\u0131yla \u00f6ne \u00e7\u0131kar. Hareket alg\u0131land\u0131\u011f\u0131nda otomatik olarak \u00e7al\u0131\u015fmas\u0131, \u00f6zellikle karanl\u0131k alanlarda g\u00fcvenli bir deneyim sunar. Elle a\u00e7ma kapama ihtiyac\u0131n\u0131 ortadan kald\u0131r\u0131r.G\u00fcnl\u00fck kullan\u0131mda pratiklik sa\u011flar ve zamandan tasarruf ettirir. Evin d\u0131\u015f alanlar\u0131nda d\u00fczenli bir ayd\u0131nlatma d\u00fczeni olu\u015fturur. \u00d6zellikle giri\u015f alanlar\u0131 ve y\u00fcr\u00fcy\u00fc\u015f yollar\u0131 i\u00e7in ideal bir \u00e7\u00f6z\u00fcmd\u00fcr.\u015e\u0131k tasar\u0131m\u0131 sayesinde bulundu\u011fu alana uyum sa\u011flar. Hem fonksiyonel hem estetik bir d\u0131\u015f mekan ayd\u0131nlatmas\u0131 arayanlar i\u00e7in uygun bir tercihtir.<\/p>\n","protected":false},"excerpt":{"rendered":"<p>Bu sens\u00f6rl\u00fc d\u0131\u015f mekan ayd\u0131nlatmas\u0131, kullan\u0131c\u0131 dostu yap\u0131s\u0131yla \u00f6ne \u00e7\u0131kar. Hareket alg\u0131land\u0131\u011f\u0131nda otomatik olarak \u00e7al\u0131\u015fmas\u0131, \u00f6zellikle karanl\u0131k alanlarda g\u00fcvenli bir deneyim sunar. Elle a\u00e7ma kapama ihtiyac\u0131n\u0131 ortadan kald\u0131r\u0131r.G\u00fcnl\u00fck kullan\u0131mda pratiklik sa\u011flar ve zamandan tasarruf ettirir. Evin d\u0131\u015f alanlar\u0131nda d\u00fczenli bir ayd\u0131nlatma d\u00fczeni olu\u015fturur. \u00d6zellikle giri\u015f alanlar\u0131 ve y\u00fcr\u00fcy\u00fc\u015f yollar\u0131 i\u00e7in ideal bir \u00e7\u00f6z\u00fcmd\u00fcr.\u015e\u0131k tasar\u0131m\u0131 sayesinde&#8230;<\/p>\n","protected":false},"featured_media":125077,"comment_status":"open","ping_status":"closed","template":"","meta":{"_kad_post_transparent":"","_kad_post_title":"","_kad_post_layout":"","_kad_post_sidebar_id":"","_kad_post_content_style":"","_kad_post_vertical_padding":"","_kad_post_feature":"","_kad_post_feature_position":"","_kad_post_header":false,"_kad_post_footer":false,"_kad_post_classname":""},"product_brand":[],"product_cat":[14946],"product_tag":[],"class_list":{"0":"post-125078","1":"product","2":"type-product","3":"status-publish","4":"has-post-thumbnail","6":"product_cat-bahce-aydinlatmasi-bahce-aydinlatmasi","8":"first","9":"instock","10":"purchasable","11":"product-type-simple","12":"entry","13":"content-bg","14":"loop-entry"},"_links":{"self":[{"href":"https:\/\/www.hediyepazar.com\/index.php?rest_route=\/wp\/v2\/product\/125078","targetHints":{"allow":["GET"]}}],"collection":[{"href":"https:\/\/www.hediyepazar.com\/index.php?rest_route=\/wp\/v2\/product"}],"about":[{"href":"https:\/\/www.hediyepazar.com\/index.php?rest_route=\/wp\/v2\/types\/product"}],"replies":[{"embeddable":true,"href":"https:\/\/www.hediyepazar.com\/index.php?rest_route=%2Fwp%2Fv2%2Fcomments&post=125078"}],"wp:featuredmedia":[{"embeddable":true,"href":"https:\/\/www.hediyepazar.com\/index.php?rest_route=\/wp\/v2\/media\/125077"}],"wp:attachment":[{"href":"https:\/\/www.hediyepazar.com\/index.php?rest_route=%2Fwp%2Fv2%2Fmedia&parent=125078"}],"wp:term":[{"taxonomy":"product_brand","embeddable":true,"href":"https:\/\/www.hediyepazar.com\/index.php?rest_route=%2Fwp%2Fv2%2Fproduct_brand&post=125078"},{"taxonomy":"product_cat","embeddable":true,"href":"https:\/\/www.hediyepazar.com\/index.php?rest_route=%2Fwp%2Fv2%2Fproduct_cat&post=125078"},{"taxonomy":"product_tag","embeddable":true,"href":"https:\/\/www.hediyepazar.com\/index.php?rest_route=%2Fwp%2Fv2%2Fproduct_tag&post=125078"}],"curies":[{"name":"wp","href":"https:\/\/api.w.org\/{rel}","templated":true}]}}