{"id":125082,"date":"2026-05-06T17:07:31","date_gmt":"2026-05-06T20:07:31","guid":{"rendered":"https:\/\/www.hediyepazar.com\/?product=sensorlu-dis-mekan-aydinlatmasi-pratik-ve-guvenli-kullanim"},"modified":"2026-05-06T17:07:31","modified_gmt":"2026-05-06T20:07:31","slug":"sensorlu-dis-mekan-aydinlatmasi-pratik-ve-guvenli-kullanim","status":"publish","type":"product","link":"https:\/\/www.hediyepazar.com\/?product=sensorlu-dis-mekan-aydinlatmasi-pratik-ve-guvenli-kullanim","title":{"rendered":"Sens\u00f6rl\u00fc D\u0131\u015f Mekan Ayd\u0131nlatmas\u0131 Pratik ve G\u00fcvenli Kullan\u0131m"},"content":{"rendered":"<p>Bu sens\u00f6rl\u00fc d\u0131\u015f mekan ayd\u0131nlatmas\u0131, g\u00fcnl\u00fck ya\u015famda g\u00fcvenlik ve konforu bir arada sunmak isteyenler i\u00e7in ideal bir \u00e7\u00f6z\u00fcmd\u00fcr. Hareket alg\u0131layan yap\u0131s\u0131 sayesinde ihtiya\u00e7 duyuldu\u011funda otomatik olarak devreye girer ve alan\u0131 etkili \u015fekilde ayd\u0131nlat\u0131r. Bu \u00f6zellik, \u00f6zellikle gece saatlerinde giri\u015f-\u00e7\u0131k\u0131\u015f yap\u0131lan alanlarda b\u00fcy\u00fck kolayl\u0131k sa\u011flar.Kullan\u0131m\u0131 son derece pratiktir. Karma\u015f\u0131k ayarlara veya s\u00fcrekli kontrol etmeye gerek kalmadan \u00e7al\u0131\u015f\u0131r. Bu sayede hem ev \u00e7evresinde hem de i\u015f yerlerinde zahmetsiz bir ayd\u0131nlatma deneyimi sunar. Duvar, bah\u00e7e, bina giri\u015fi ve benzeri alanlarda rahatl\u0131kla tercih edilebilir.Sens\u00f6rl\u00fc \u00e7al\u0131\u015fma prensibi, kullan\u0131c\u0131ya hem konfor hem de g\u00fcven hissi kazand\u0131r\u0131r. Kap\u0131 \u00f6n\u00fc, garaj giri\u015fi veya bah\u00e7e gibi alanlarda beklenmedik durumlara kar\u015f\u0131 an\u0131nda \u0131\u015f\u0131k sa\u011flayarak fark\u0131ndal\u0131\u011f\u0131 art\u0131r\u0131r. G\u00fcnl\u00fck ya\u015fam\u0131 kolayla\u015ft\u0131ran bu yap\u0131, kullan\u0131c\u0131lar\u0131n \u00fcr\u00fcn\u00fc aktif olarak y\u00f6netmesini gerektirmez.Modern tasar\u0131m\u0131 sayesinde d\u0131\u015f mekanlarla uyumlu bir g\u00f6r\u00fcn\u00fcm sunar. Bulundu\u011fu alanda d\u00fczenli ve profesyonel bir ayd\u0131nlatma hissi olu\u015fturur. Hem bireysel kullan\u0131m hem de apartman, site ve i\u015f yerleri i\u00e7in uygundur. Pratik, g\u00fcven veren ve zahmetsiz bir d\u0131\u015f mekan ayd\u0131nlatma \u00e7\u00f6z\u00fcm\u00fcd\u00fcr.<\/p>\n","protected":false},"excerpt":{"rendered":"<p>Bu sens\u00f6rl\u00fc d\u0131\u015f mekan ayd\u0131nlatmas\u0131, g\u00fcnl\u00fck ya\u015famda g\u00fcvenlik ve konforu bir arada sunmak isteyenler i\u00e7in ideal bir \u00e7\u00f6z\u00fcmd\u00fcr. Hareket alg\u0131layan yap\u0131s\u0131 sayesinde ihtiya\u00e7 duyuldu\u011funda otomatik olarak devreye girer ve alan\u0131 etkili \u015fekilde ayd\u0131nlat\u0131r. Bu \u00f6zellik, \u00f6zellikle gece saatlerinde giri\u015f-\u00e7\u0131k\u0131\u015f yap\u0131lan alanlarda b\u00fcy\u00fck kolayl\u0131k sa\u011flar.Kullan\u0131m\u0131 son derece pratiktir. Karma\u015f\u0131k ayarlara veya s\u00fcrekli kontrol etmeye gerek kalmadan&#8230;<\/p>\n","protected":false},"featured_media":125081,"comment_status":"open","ping_status":"closed","template":"","meta":{"_kad_post_transparent":"","_kad_post_title":"","_kad_post_layout":"","_kad_post_sidebar_id":"","_kad_post_content_style":"","_kad_post_vertical_padding":"","_kad_post_feature":"","_kad_post_feature_position":"","_kad_post_header":false,"_kad_post_footer":false,"_kad_post_classname":""},"product_brand":[],"product_cat":[14946],"product_tag":[],"class_list":{"0":"post-125082","1":"product","2":"type-product","3":"status-publish","4":"has-post-thumbnail","6":"product_cat-bahce-aydinlatmasi-bahce-aydinlatmasi","8":"first","9":"instock","10":"purchasable","11":"product-type-simple","12":"entry","13":"content-bg","14":"loop-entry"},"_links":{"self":[{"href":"https:\/\/www.hediyepazar.com\/index.php?rest_route=\/wp\/v2\/product\/125082","targetHints":{"allow":["GET"]}}],"collection":[{"href":"https:\/\/www.hediyepazar.com\/index.php?rest_route=\/wp\/v2\/product"}],"about":[{"href":"https:\/\/www.hediyepazar.com\/index.php?rest_route=\/wp\/v2\/types\/product"}],"replies":[{"embeddable":true,"href":"https:\/\/www.hediyepazar.com\/index.php?rest_route=%2Fwp%2Fv2%2Fcomments&post=125082"}],"wp:featuredmedia":[{"embeddable":true,"href":"https:\/\/www.hediyepazar.com\/index.php?rest_route=\/wp\/v2\/media\/125081"}],"wp:attachment":[{"href":"https:\/\/www.hediyepazar.com\/index.php?rest_route=%2Fwp%2Fv2%2Fmedia&parent=125082"}],"wp:term":[{"taxonomy":"product_brand","embeddable":true,"href":"https:\/\/www.hediyepazar.com\/index.php?rest_route=%2Fwp%2Fv2%2Fproduct_brand&post=125082"},{"taxonomy":"product_cat","embeddable":true,"href":"https:\/\/www.hediyepazar.com\/index.php?rest_route=%2Fwp%2Fv2%2Fproduct_cat&post=125082"},{"taxonomy":"product_tag","embeddable":true,"href":"https:\/\/www.hediyepazar.com\/index.php?rest_route=%2Fwp%2Fv2%2Fproduct_tag&post=125082"}],"curies":[{"name":"wp","href":"https:\/\/api.w.org\/{rel}","templated":true}]}}