{"id":125084,"date":"2026-05-06T17:07:35","date_gmt":"2026-05-06T20:07:35","guid":{"rendered":"https:\/\/www.hediyepazar.com\/?product=kablosuz-kapi-zili-duzenli-ve-konforlu-yasam-alanlari-icin"},"modified":"2026-05-06T17:07:35","modified_gmt":"2026-05-06T20:07:35","slug":"kablosuz-kapi-zili-duzenli-ve-konforlu-yasam-alanlari-icin","status":"publish","type":"product","link":"https:\/\/www.hediyepazar.com\/?product=kablosuz-kapi-zili-duzenli-ve-konforlu-yasam-alanlari-icin","title":{"rendered":"Kablosuz Kap\u0131 Zili D\u00fczenli ve Konforlu Ya\u015fam Alanlar\u0131 \u0130\u00e7in"},"content":{"rendered":"<p>Bu kablosuz kap\u0131 zili, g\u00fcnl\u00fck ya\u015famda k\u00fc\u00e7\u00fck ama \u00f6nemli bir ihtiyaca pratik bir \u00e7\u00f6z\u00fcm sunar. Karma\u015f\u0131k sistemlerden uzak, sade ve kullan\u0131c\u0131 dostu bir tasar\u0131ma sahiptir.Kurulum a\u015famas\u0131nda kablo ya da tesisat gerektirmemesi, \u00fcr\u00fcn\u00fc her ortamda kullan\u0131labilir hale getirir. Ev, ofis, d\u00fckk\u00e2n ve yazl\u0131k gibi alanlarda rahatl\u0131kla tercih edilebilir.Ziyaret\u00e7ileri net bir \u015fekilde haber veren ses seviyesi sayesinde g\u00fcvenli ve d\u00fczenli bir kullan\u0131m sunar. 32 melodilik zil se\u00e7ene\u011fi ile her zevke uygun bir ses tercih edilebilir.\u015e\u0131k tasar\u0131m\u0131 sayesinde kap\u0131 giri\u015flerinde g\u00f6ze ho\u015f gelen bir g\u00f6r\u00fcn\u00fcm sunar. K\u00fc\u00e7\u00fck yap\u0131s\u0131 alan tasarrufu sa\u011flar.Kullan\u0131m kolayl\u0131\u011f\u0131 ve i\u015flevselli\u011fi bir araya getiren bu \u00fcr\u00fcn, g\u00fcnl\u00fck ya\u015fam\u0131 daha konforlu hale getirir.<\/p>\n","protected":false},"excerpt":{"rendered":"<p>Bu kablosuz kap\u0131 zili, g\u00fcnl\u00fck ya\u015famda k\u00fc\u00e7\u00fck ama \u00f6nemli bir ihtiyaca pratik bir \u00e7\u00f6z\u00fcm sunar. Karma\u015f\u0131k sistemlerden uzak, sade ve kullan\u0131c\u0131 dostu bir tasar\u0131ma sahiptir.Kurulum a\u015famas\u0131nda kablo ya da tesisat gerektirmemesi, \u00fcr\u00fcn\u00fc her ortamda kullan\u0131labilir hale getirir. Ev, ofis, d\u00fckk\u00e2n ve yazl\u0131k gibi alanlarda rahatl\u0131kla tercih edilebilir.Ziyaret\u00e7ileri net bir \u015fekilde haber veren ses seviyesi sayesinde&#8230;<\/p>\n","protected":false},"featured_media":125083,"comment_status":"open","ping_status":"closed","template":"","meta":{"_kad_post_transparent":"","_kad_post_title":"","_kad_post_layout":"","_kad_post_sidebar_id":"","_kad_post_content_style":"","_kad_post_vertical_padding":"","_kad_post_feature":"","_kad_post_feature_position":"","_kad_post_header":false,"_kad_post_footer":false,"_kad_post_classname":""},"product_brand":[],"product_cat":[15072],"product_tag":[],"class_list":{"0":"post-125084","1":"product","2":"type-product","3":"status-publish","4":"has-post-thumbnail","6":"product_cat-kapi-kilit-kapi-kilit","8":"first","9":"instock","10":"purchasable","11":"product-type-simple","12":"entry","13":"content-bg","14":"loop-entry"},"_links":{"self":[{"href":"https:\/\/www.hediyepazar.com\/index.php?rest_route=\/wp\/v2\/product\/125084","targetHints":{"allow":["GET"]}}],"collection":[{"href":"https:\/\/www.hediyepazar.com\/index.php?rest_route=\/wp\/v2\/product"}],"about":[{"href":"https:\/\/www.hediyepazar.com\/index.php?rest_route=\/wp\/v2\/types\/product"}],"replies":[{"embeddable":true,"href":"https:\/\/www.hediyepazar.com\/index.php?rest_route=%2Fwp%2Fv2%2Fcomments&post=125084"}],"wp:featuredmedia":[{"embeddable":true,"href":"https:\/\/www.hediyepazar.com\/index.php?rest_route=\/wp\/v2\/media\/125083"}],"wp:attachment":[{"href":"https:\/\/www.hediyepazar.com\/index.php?rest_route=%2Fwp%2Fv2%2Fmedia&parent=125084"}],"wp:term":[{"taxonomy":"product_brand","embeddable":true,"href":"https:\/\/www.hediyepazar.com\/index.php?rest_route=%2Fwp%2Fv2%2Fproduct_brand&post=125084"},{"taxonomy":"product_cat","embeddable":true,"href":"https:\/\/www.hediyepazar.com\/index.php?rest_route=%2Fwp%2Fv2%2Fproduct_cat&post=125084"},{"taxonomy":"product_tag","embeddable":true,"href":"https:\/\/www.hediyepazar.com\/index.php?rest_route=%2Fwp%2Fv2%2Fproduct_tag&post=125084"}],"curies":[{"name":"wp","href":"https:\/\/api.w.org\/{rel}","templated":true}]}}