{"id":125086,"date":"2026-05-06T17:08:16","date_gmt":"2026-05-06T20:08:16","guid":{"rendered":"https:\/\/www.hediyepazar.com\/?product=kolay-kullanimli-kablosuz-kapi-zili-sik-ve-sade-tasarim"},"modified":"2026-05-06T17:08:16","modified_gmt":"2026-05-06T20:08:16","slug":"kolay-kullanimli-kablosuz-kapi-zili-sik-ve-sade-tasarim","status":"publish","type":"product","link":"https:\/\/www.hediyepazar.com\/?product=kolay-kullanimli-kablosuz-kapi-zili-sik-ve-sade-tasarim","title":{"rendered":"Kolay Kullan\u0131ml\u0131 Kablosuz Kap\u0131 Zili \u015e\u0131k ve Sade Tasar\u0131m"},"content":{"rendered":"<p>Pratik \u00e7\u00f6z\u00fcmler arayanlar i\u00e7in geli\u015ftirilen bu kablosuz kap\u0131 zili, sade tasar\u0131m\u0131 ve kolay kullan\u0131m\u0131yla \u00f6ne \u00e7\u0131kar. Kablo gerektirmeyen yap\u0131s\u0131 sayesinde zamandan ve emekten tasarruf sa\u011flar.Kurulumu olduk\u00e7a basittir ve herhangi bir teknik bilgi gerektirmez. Evde, i\u015f yerinde veya farkl\u0131 ya\u015fam alanlar\u0131nda rahatl\u0131kla kullan\u0131labilir. Duvara veya uygun bir y\u00fczeye k\u0131sa s\u00fcrede monte edilebilir.Net ve duyulur ses seviyesi, ziyaret\u00e7ilerinizi ka\u00e7\u0131rmadan fark etmenizi sa\u011flar. G\u00fcnl\u00fck kullan\u0131mda g\u00fcvenilir performans sunarak ya\u015fam alanlar\u0131nda d\u00fczen ve konfor olu\u015fturur.32 farkl\u0131 melodi se\u00e7ene\u011fi, \u00fcr\u00fcn\u00fc ki\u015fiselle\u015ftirilebilir hale getirir. Kullan\u0131c\u0131lar ortam\u0131n ihtiyac\u0131na g\u00f6re zil sesini diledi\u011fi gibi de\u011fi\u015ftirebilir.Modern ve \u015f\u0131k g\u00f6r\u00fcn\u00fcm\u00fc sayesinde kap\u0131 giri\u015flerinde estetik bir duru\u015f sergiler. Hem ev hem ticari alanlar i\u00e7in uygundur. Fonksiyonelli\u011fi ve pratikli\u011fi bir arada sunar.<\/p>\n","protected":false},"excerpt":{"rendered":"<p>Pratik \u00e7\u00f6z\u00fcmler arayanlar i\u00e7in geli\u015ftirilen bu kablosuz kap\u0131 zili, sade tasar\u0131m\u0131 ve kolay kullan\u0131m\u0131yla \u00f6ne \u00e7\u0131kar. Kablo gerektirmeyen yap\u0131s\u0131 sayesinde zamandan ve emekten tasarruf sa\u011flar.Kurulumu olduk\u00e7a basittir ve herhangi bir teknik bilgi gerektirmez. Evde, i\u015f yerinde veya farkl\u0131 ya\u015fam alanlar\u0131nda rahatl\u0131kla kullan\u0131labilir. Duvara veya uygun bir y\u00fczeye k\u0131sa s\u00fcrede monte edilebilir.Net ve duyulur ses seviyesi,&#8230;<\/p>\n","protected":false},"featured_media":125085,"comment_status":"open","ping_status":"closed","template":"","meta":{"_kad_post_transparent":"","_kad_post_title":"","_kad_post_layout":"","_kad_post_sidebar_id":"","_kad_post_content_style":"","_kad_post_vertical_padding":"","_kad_post_feature":"","_kad_post_feature_position":"","_kad_post_header":false,"_kad_post_footer":false,"_kad_post_classname":""},"product_brand":[],"product_cat":[15072],"product_tag":[],"class_list":{"0":"post-125086","1":"product","2":"type-product","3":"status-publish","4":"has-post-thumbnail","6":"product_cat-kapi-kilit-kapi-kilit","8":"first","9":"instock","10":"purchasable","11":"product-type-simple","12":"entry","13":"content-bg","14":"loop-entry"},"_links":{"self":[{"href":"https:\/\/www.hediyepazar.com\/index.php?rest_route=\/wp\/v2\/product\/125086","targetHints":{"allow":["GET"]}}],"collection":[{"href":"https:\/\/www.hediyepazar.com\/index.php?rest_route=\/wp\/v2\/product"}],"about":[{"href":"https:\/\/www.hediyepazar.com\/index.php?rest_route=\/wp\/v2\/types\/product"}],"replies":[{"embeddable":true,"href":"https:\/\/www.hediyepazar.com\/index.php?rest_route=%2Fwp%2Fv2%2Fcomments&post=125086"}],"wp:featuredmedia":[{"embeddable":true,"href":"https:\/\/www.hediyepazar.com\/index.php?rest_route=\/wp\/v2\/media\/125085"}],"wp:attachment":[{"href":"https:\/\/www.hediyepazar.com\/index.php?rest_route=%2Fwp%2Fv2%2Fmedia&parent=125086"}],"wp:term":[{"taxonomy":"product_brand","embeddable":true,"href":"https:\/\/www.hediyepazar.com\/index.php?rest_route=%2Fwp%2Fv2%2Fproduct_brand&post=125086"},{"taxonomy":"product_cat","embeddable":true,"href":"https:\/\/www.hediyepazar.com\/index.php?rest_route=%2Fwp%2Fv2%2Fproduct_cat&post=125086"},{"taxonomy":"product_tag","embeddable":true,"href":"https:\/\/www.hediyepazar.com\/index.php?rest_route=%2Fwp%2Fv2%2Fproduct_tag&post=125086"}],"curies":[{"name":"wp","href":"https:\/\/api.w.org\/{rel}","templated":true}]}}