{"id":125088,"date":"2026-05-06T17:08:22","date_gmt":"2026-05-06T20:08:22","guid":{"rendered":"https:\/\/www.hediyepazar.com\/?product=kablosuz-kapi-zili-ev-ve-ofis-icin-konforlu-cozum"},"modified":"2026-05-06T17:08:22","modified_gmt":"2026-05-06T20:08:22","slug":"kablosuz-kapi-zili-ev-ve-ofis-icin-konforlu-cozum","status":"publish","type":"product","link":"https:\/\/www.hediyepazar.com\/?product=kablosuz-kapi-zili-ev-ve-ofis-icin-konforlu-cozum","title":{"rendered":"Kablosuz Kap\u0131 Zili Ev ve Ofis \u0130\u00e7in Konforlu \u00c7\u00f6z\u00fcm"},"content":{"rendered":"<p>Bu kablosuz kap\u0131 zili, kullan\u0131m kolayl\u0131\u011f\u0131 \u00f6n planda tutularak tasarlanm\u0131\u015ft\u0131r. Karma\u015f\u0131k kurulum s\u00fcre\u00e7lerinden uzak, herkesin rahatl\u0131kla kullanabilece\u011fi pratik bir yap\u0131ya sahiptir. Kablo gerektirmeyen sistemi sayesinde evinizin d\u00fczenini bozmaz.Kurulumdan sonra sabit ve g\u00fcvenilir performans sunar. Kap\u0131 giri\u015flerinde net ses ile uyar\u0131 vererek ziyaret\u00e7ilerinizi an\u0131nda fark etmenizi sa\u011flar. Bu \u00f6zellik, \u00f6zellikle yo\u011fun ev ve i\u015f ortamlar\u0131nda b\u00fcy\u00fck avantaj sa\u011flar.Minimal ve sade tasar\u0131m\u0131 sayesinde farkl\u0131 dekorasyon stilleriyle uyum sa\u011flar. Kap\u0131 giri\u015flerinde g\u00f6ze batmaz, aksine d\u00fczenli ve modern bir g\u00f6r\u00fcn\u00fcm kazand\u0131r\u0131r. Kompakt yap\u0131s\u0131 sayesinde dar alanlarda bile rahatl\u0131kla kullan\u0131labilir.32 melodilik zil se\u00e7ene\u011fi, her ortam i\u00e7in uygun bir ses tercihi yapman\u0131za olanak tan\u0131r. Ev i\u00e7in daha sakin melodiler, ofis ve d\u00fckk\u00e2nlar i\u00e7in daha dikkat \u00e7ekici se\u00e7enekler tercih edilebilir.Kablosuz kullan\u0131m avantaj\u0131 sayesinde \u00fcr\u00fcn\u00fc farkl\u0131 alanlarda de\u011ferlendirmek m\u00fcmk\u00fcnd\u00fcr. Ta\u015f\u0131nabilir yap\u0131s\u0131, ge\u00e7ici kullan\u0131m ihtiya\u00e7lar\u0131 i\u00e7in de uygun hale getirir.G\u00fcnl\u00fck hayat\u0131 kolayla\u015ft\u0131ran bu kap\u0131 zili, pratikli\u011fi ve modern tasar\u0131m\u0131yla kullan\u0131c\u0131 deneyimini \u00fcst seviyeye ta\u015f\u0131r.<\/p>\n","protected":false},"excerpt":{"rendered":"<p>Bu kablosuz kap\u0131 zili, kullan\u0131m kolayl\u0131\u011f\u0131 \u00f6n planda tutularak tasarlanm\u0131\u015ft\u0131r. Karma\u015f\u0131k kurulum s\u00fcre\u00e7lerinden uzak, herkesin rahatl\u0131kla kullanabilece\u011fi pratik bir yap\u0131ya sahiptir. Kablo gerektirmeyen sistemi sayesinde evinizin d\u00fczenini bozmaz.Kurulumdan sonra sabit ve g\u00fcvenilir performans sunar. Kap\u0131 giri\u015flerinde net ses ile uyar\u0131 vererek ziyaret\u00e7ilerinizi an\u0131nda fark etmenizi sa\u011flar. Bu \u00f6zellik, \u00f6zellikle yo\u011fun ev ve i\u015f ortamlar\u0131nda b\u00fcy\u00fck&#8230;<\/p>\n","protected":false},"featured_media":125087,"comment_status":"open","ping_status":"closed","template":"","meta":{"_kad_post_transparent":"","_kad_post_title":"","_kad_post_layout":"","_kad_post_sidebar_id":"","_kad_post_content_style":"","_kad_post_vertical_padding":"","_kad_post_feature":"","_kad_post_feature_position":"","_kad_post_header":false,"_kad_post_footer":false,"_kad_post_classname":""},"product_brand":[],"product_cat":[15072],"product_tag":[],"class_list":{"0":"post-125088","1":"product","2":"type-product","3":"status-publish","4":"has-post-thumbnail","6":"product_cat-kapi-kilit-kapi-kilit","8":"first","9":"instock","10":"purchasable","11":"product-type-simple","12":"entry","13":"content-bg","14":"loop-entry"},"_links":{"self":[{"href":"https:\/\/www.hediyepazar.com\/index.php?rest_route=\/wp\/v2\/product\/125088","targetHints":{"allow":["GET"]}}],"collection":[{"href":"https:\/\/www.hediyepazar.com\/index.php?rest_route=\/wp\/v2\/product"}],"about":[{"href":"https:\/\/www.hediyepazar.com\/index.php?rest_route=\/wp\/v2\/types\/product"}],"replies":[{"embeddable":true,"href":"https:\/\/www.hediyepazar.com\/index.php?rest_route=%2Fwp%2Fv2%2Fcomments&post=125088"}],"wp:featuredmedia":[{"embeddable":true,"href":"https:\/\/www.hediyepazar.com\/index.php?rest_route=\/wp\/v2\/media\/125087"}],"wp:attachment":[{"href":"https:\/\/www.hediyepazar.com\/index.php?rest_route=%2Fwp%2Fv2%2Fmedia&parent=125088"}],"wp:term":[{"taxonomy":"product_brand","embeddable":true,"href":"https:\/\/www.hediyepazar.com\/index.php?rest_route=%2Fwp%2Fv2%2Fproduct_brand&post=125088"},{"taxonomy":"product_cat","embeddable":true,"href":"https:\/\/www.hediyepazar.com\/index.php?rest_route=%2Fwp%2Fv2%2Fproduct_cat&post=125088"},{"taxonomy":"product_tag","embeddable":true,"href":"https:\/\/www.hediyepazar.com\/index.php?rest_route=%2Fwp%2Fv2%2Fproduct_tag&post=125088"}],"curies":[{"name":"wp","href":"https:\/\/api.w.org\/{rel}","templated":true}]}}