{"id":125090,"date":"2026-05-06T17:08:28","date_gmt":"2026-05-06T20:08:28","guid":{"rendered":"https:\/\/www.hediyepazar.com\/?product=wireless-kapi-zili-pratik-ve-zahmetsiz-gunluk-kullanim"},"modified":"2026-05-06T17:08:28","modified_gmt":"2026-05-06T20:08:28","slug":"wireless-kapi-zili-pratik-ve-zahmetsiz-gunluk-kullanim","status":"publish","type":"product","link":"https:\/\/www.hediyepazar.com\/?product=wireless-kapi-zili-pratik-ve-zahmetsiz-gunluk-kullanim","title":{"rendered":"Wireless Kap\u0131 Zili Pratik ve Zahmetsiz G\u00fcnl\u00fck Kullan\u0131m"},"content":{"rendered":"<p>Modern ya\u015fam\u0131n temposuna ayak uyduran bu kablosuz kap\u0131 zili, kullan\u0131c\u0131ya zahmetsiz ve sorunsuz bir deneyim sunmak i\u00e7in tasarlanm\u0131\u015ft\u0131r. Kabloya ihtiya\u00e7 duymayan yap\u0131s\u0131 sayesinde hem estetik hem de fonksiyonel bir \u00e7\u00f6z\u00fcm sa\u011flar.\u00dcr\u00fcn, kuruldu\u011fu andan itibaren g\u00fcvenilir \u015fekilde \u00e7al\u0131\u015f\u0131r ve ziyaret\u00e7ilerinizi net bir \u015fekilde haber verir. Kurulum s\u0131ras\u0131nda ek ekipman ya da teknik destek gerektirmemesi, herkesin rahatl\u0131kla kullanabilmesini sa\u011flar. Bu da \u00fcr\u00fcn\u00fc her ya\u015f grubundan kullan\u0131c\u0131 i\u00e7in uygun hale getirir.Kompakt tasar\u0131m\u0131 sayesinde kap\u0131 giri\u015flerinde yer kaplamaz. Evlerde, ofislerde, d\u00fckk\u00e2nlarda ve yazl\u0131klarda rahatl\u0131kla tercih edilebilir. Kablosuz yap\u0131s\u0131, kullan\u0131m alan\u0131n\u0131 geni\u015fleterek farkl\u0131 mek\u00e2nlarda esnek konumland\u0131rma imk\u00e2n\u0131 sunar.32 farkl\u0131 zil sesi se\u00e7ene\u011fi, ortam\u0131n ihtiyac\u0131na g\u00f6re en uygun melodiyi se\u00e7me \u00f6zg\u00fcrl\u00fc\u011f\u00fc sa\u011flar. Bu \u00f6zellik, \u00fcr\u00fcn\u00fc s\u0131radan kap\u0131 zillerinden ay\u0131rarak daha keyifli ve ki\u015fiselle\u015ftirilebilir bir deneyim sunar.G\u00fcnl\u00fck kullan\u0131mda pratikli\u011fiyle \u00f6ne \u00e7\u0131kan bu kap\u0131 zili, yo\u011fun ya\u015fam temposunda kullan\u0131c\u0131ya zaman kazand\u0131r\u0131r. Ziyaret\u00e7ileri ka\u00e7\u0131rmamak, evde veya i\u015f yerinde d\u00fczeni sa\u011flamak i\u00e7in etkili bir yard\u0131mc\u0131d\u0131r.Hem fonksiyonel hem de estetik bir \u00e7\u00f6z\u00fcm sunan bu \u00fcr\u00fcn, uzun s\u00fcreli kullan\u0131m i\u00e7in ideal bir tercih olarak \u00f6ne \u00e7\u0131kar.<\/p>\n","protected":false},"excerpt":{"rendered":"<p>Modern ya\u015fam\u0131n temposuna ayak uyduran bu kablosuz kap\u0131 zili, kullan\u0131c\u0131ya zahmetsiz ve sorunsuz bir deneyim sunmak i\u00e7in tasarlanm\u0131\u015ft\u0131r. Kabloya ihtiya\u00e7 duymayan yap\u0131s\u0131 sayesinde hem estetik hem de fonksiyonel bir \u00e7\u00f6z\u00fcm sa\u011flar.\u00dcr\u00fcn, kuruldu\u011fu andan itibaren g\u00fcvenilir \u015fekilde \u00e7al\u0131\u015f\u0131r ve ziyaret\u00e7ilerinizi net bir \u015fekilde haber verir. Kurulum s\u0131ras\u0131nda ek ekipman ya da teknik destek gerektirmemesi, herkesin rahatl\u0131kla&#8230;<\/p>\n","protected":false},"featured_media":125089,"comment_status":"open","ping_status":"closed","template":"","meta":{"_kad_post_transparent":"","_kad_post_title":"","_kad_post_layout":"","_kad_post_sidebar_id":"","_kad_post_content_style":"","_kad_post_vertical_padding":"","_kad_post_feature":"","_kad_post_feature_position":"","_kad_post_header":false,"_kad_post_footer":false,"_kad_post_classname":""},"product_brand":[],"product_cat":[15072],"product_tag":[],"class_list":{"0":"post-125090","1":"product","2":"type-product","3":"status-publish","4":"has-post-thumbnail","6":"product_cat-kapi-kilit-kapi-kilit","8":"first","9":"instock","10":"purchasable","11":"product-type-simple","12":"entry","13":"content-bg","14":"loop-entry"},"_links":{"self":[{"href":"https:\/\/www.hediyepazar.com\/index.php?rest_route=\/wp\/v2\/product\/125090","targetHints":{"allow":["GET"]}}],"collection":[{"href":"https:\/\/www.hediyepazar.com\/index.php?rest_route=\/wp\/v2\/product"}],"about":[{"href":"https:\/\/www.hediyepazar.com\/index.php?rest_route=\/wp\/v2\/types\/product"}],"replies":[{"embeddable":true,"href":"https:\/\/www.hediyepazar.com\/index.php?rest_route=%2Fwp%2Fv2%2Fcomments&post=125090"}],"wp:featuredmedia":[{"embeddable":true,"href":"https:\/\/www.hediyepazar.com\/index.php?rest_route=\/wp\/v2\/media\/125089"}],"wp:attachment":[{"href":"https:\/\/www.hediyepazar.com\/index.php?rest_route=%2Fwp%2Fv2%2Fmedia&parent=125090"}],"wp:term":[{"taxonomy":"product_brand","embeddable":true,"href":"https:\/\/www.hediyepazar.com\/index.php?rest_route=%2Fwp%2Fv2%2Fproduct_brand&post=125090"},{"taxonomy":"product_cat","embeddable":true,"href":"https:\/\/www.hediyepazar.com\/index.php?rest_route=%2Fwp%2Fv2%2Fproduct_cat&post=125090"},{"taxonomy":"product_tag","embeddable":true,"href":"https:\/\/www.hediyepazar.com\/index.php?rest_route=%2Fwp%2Fv2%2Fproduct_tag&post=125090"}],"curies":[{"name":"wp","href":"https:\/\/api.w.org\/{rel}","templated":true}]}}