{"id":125096,"date":"2026-05-06T17:09:09","date_gmt":"2026-05-06T20:09:09","guid":{"rendered":"https:\/\/www.hediyepazar.com\/?product=cok-amacli-ayakli-lastik-pompasi-yuksek-hassasiyetli"},"modified":"2026-05-06T17:09:09","modified_gmt":"2026-05-06T20:09:09","slug":"cok-amacli-ayakli-lastik-pompasi-yuksek-hassasiyetli","status":"publish","type":"product","link":"https:\/\/www.hediyepazar.com\/?product=cok-amacli-ayakli-lastik-pompasi-yuksek-hassasiyetli","title":{"rendered":"\u00c7ok Ama\u00e7l\u0131 Ayakl\u0131 Lastik Pompas\u0131 Y\u00fcksek Hassasiyetli"},"content":{"rendered":"<p>El hava pompalar\u0131na g\u00f6re \u00e7ok daha konforlu olan bu ayak basmal\u0131 hava pompas\u0131, daha az g\u00fc\u00e7le daha h\u0131zl\u0131 \u015fi\u015firme sa\u011flar. Pedall\u0131 sistemi sayesinde yorulmadan kullan\u0131m imk\u00e2n\u0131 sunar.\u00dcr\u00fcn; bisikletler, motosikletler, bebek arabalar\u0131, tekerlekli sandalyeler, toplar ve \u015fi\u015fme oyuncaklar i\u00e7in geni\u015f bir kullan\u0131m alan\u0131na sahiptir. Tek bir pompa ile bir\u00e7ok ihtiyac\u0131n\u0131z\u0131 kar\u015f\u0131layabilirsiniz.Sa\u011flam hortum ba\u011flant\u0131s\u0131 ve dayan\u0131kl\u0131 yap\u0131s\u0131, uzun s\u00fcreli ve g\u00fcvenli kullan\u0131m sa\u011flar. G\u00fcnl\u00fck kullan\u0131m ve acil durumlar i\u00e7in idealdir.<\/p>\n","protected":false},"excerpt":{"rendered":"<p>El hava pompalar\u0131na g\u00f6re \u00e7ok daha konforlu olan bu ayak basmal\u0131 hava pompas\u0131, daha az g\u00fc\u00e7le daha h\u0131zl\u0131 \u015fi\u015firme sa\u011flar. Pedall\u0131 sistemi sayesinde yorulmadan kullan\u0131m imk\u00e2n\u0131 sunar.\u00dcr\u00fcn; bisikletler, motosikletler, bebek arabalar\u0131, tekerlekli sandalyeler, toplar ve \u015fi\u015fme oyuncaklar i\u00e7in geni\u015f bir kullan\u0131m alan\u0131na sahiptir. Tek bir pompa ile bir\u00e7ok ihtiyac\u0131n\u0131z\u0131 kar\u015f\u0131layabilirsiniz.Sa\u011flam hortum ba\u011flant\u0131s\u0131 ve dayan\u0131kl\u0131 yap\u0131s\u0131,&#8230;<\/p>\n","protected":false},"featured_media":125095,"comment_status":"open","ping_status":"closed","template":"","meta":{"_kad_post_transparent":"","_kad_post_title":"","_kad_post_layout":"","_kad_post_sidebar_id":"","_kad_post_content_style":"","_kad_post_vertical_padding":"","_kad_post_feature":"","_kad_post_feature_position":"","_kad_post_header":false,"_kad_post_footer":false,"_kad_post_classname":""},"product_brand":[],"product_cat":[15053],"product_tag":[],"class_list":{"0":"post-125096","1":"product","2":"type-product","3":"status-publish","4":"has-post-thumbnail","6":"product_cat-oto-bakim-seti-oto-bakim-seti-2","8":"first","9":"instock","10":"purchasable","11":"product-type-simple","12":"entry","13":"content-bg","14":"loop-entry"},"_links":{"self":[{"href":"https:\/\/www.hediyepazar.com\/index.php?rest_route=\/wp\/v2\/product\/125096","targetHints":{"allow":["GET"]}}],"collection":[{"href":"https:\/\/www.hediyepazar.com\/index.php?rest_route=\/wp\/v2\/product"}],"about":[{"href":"https:\/\/www.hediyepazar.com\/index.php?rest_route=\/wp\/v2\/types\/product"}],"replies":[{"embeddable":true,"href":"https:\/\/www.hediyepazar.com\/index.php?rest_route=%2Fwp%2Fv2%2Fcomments&post=125096"}],"wp:featuredmedia":[{"embeddable":true,"href":"https:\/\/www.hediyepazar.com\/index.php?rest_route=\/wp\/v2\/media\/125095"}],"wp:attachment":[{"href":"https:\/\/www.hediyepazar.com\/index.php?rest_route=%2Fwp%2Fv2%2Fmedia&parent=125096"}],"wp:term":[{"taxonomy":"product_brand","embeddable":true,"href":"https:\/\/www.hediyepazar.com\/index.php?rest_route=%2Fwp%2Fv2%2Fproduct_brand&post=125096"},{"taxonomy":"product_cat","embeddable":true,"href":"https:\/\/www.hediyepazar.com\/index.php?rest_route=%2Fwp%2Fv2%2Fproduct_cat&post=125096"},{"taxonomy":"product_tag","embeddable":true,"href":"https:\/\/www.hediyepazar.com\/index.php?rest_route=%2Fwp%2Fv2%2Fproduct_tag&post=125096"}],"curies":[{"name":"wp","href":"https:\/\/api.w.org\/{rel}","templated":true}]}}