{"id":125100,"date":"2026-05-06T17:09:23","date_gmt":"2026-05-06T20:09:23","guid":{"rendered":"https:\/\/www.hediyepazar.com\/?product=kaymaz-pedalli-ayakli-hava-pompasi-tum-supap-uyumlu"},"modified":"2026-05-06T17:09:23","modified_gmt":"2026-05-06T20:09:23","slug":"kaymaz-pedalli-ayakli-hava-pompasi-tum-supap-uyumlu","status":"publish","type":"product","link":"https:\/\/www.hediyepazar.com\/?product=kaymaz-pedalli-ayakli-hava-pompasi-tum-supap-uyumlu","title":{"rendered":"Kaymaz Pedall\u0131 Ayakl\u0131 Hava Pompas\u0131 T\u00fcm Supap Uyumlu"},"content":{"rendered":"<p>\u00c7ok ama\u00e7l\u0131 ayakl\u0131 hava pompas\u0131, tek bir \u00fcr\u00fcnle birden fazla ihtiyac\u0131 kar\u015f\u0131lamak i\u00e7in tasarlanm\u0131\u015ft\u0131r. Farkl\u0131 supap tipleriyle uyumlu yap\u0131s\u0131 sayesinde bisiklet, motosiklet, spor toplar\u0131 ve \u015fi\u015fme \u00fcr\u00fcnlerde g\u00fcvenle kullan\u0131labilir.Di\u015fli hava borusu ba\u011flant\u0131s\u0131, hortumun sa\u011flam \u015fekilde sabitlenmesini sa\u011flar ve kolayca s\u00f6k\u00fcl\u00fcp tak\u0131labilir. So\u011fuk k\u0131\u015f aylar\u0131nda donmaya kar\u015f\u0131 dayan\u0131kl\u0131 yap\u0131s\u0131 sayesinde d\u00f6rt mevsim kullan\u0131m sunar.Ayakla bas\u0131larak \u00e7al\u0131\u015ft\u0131r\u0131lan mekanizmas\u0131, el pompalar\u0131na g\u00f6re \u00e7ok daha pratiktir. Ev, garaj, kamp ve a\u00e7\u0131k alan kullan\u0131m\u0131 i\u00e7in idealdir.<\/p>\n","protected":false},"excerpt":{"rendered":"<p>\u00c7ok ama\u00e7l\u0131 ayakl\u0131 hava pompas\u0131, tek bir \u00fcr\u00fcnle birden fazla ihtiyac\u0131 kar\u015f\u0131lamak i\u00e7in tasarlanm\u0131\u015ft\u0131r. Farkl\u0131 supap tipleriyle uyumlu yap\u0131s\u0131 sayesinde bisiklet, motosiklet, spor toplar\u0131 ve \u015fi\u015fme \u00fcr\u00fcnlerde g\u00fcvenle kullan\u0131labilir.Di\u015fli hava borusu ba\u011flant\u0131s\u0131, hortumun sa\u011flam \u015fekilde sabitlenmesini sa\u011flar ve kolayca s\u00f6k\u00fcl\u00fcp tak\u0131labilir. So\u011fuk k\u0131\u015f aylar\u0131nda donmaya kar\u015f\u0131 dayan\u0131kl\u0131 yap\u0131s\u0131 sayesinde d\u00f6rt mevsim kullan\u0131m sunar.Ayakla bas\u0131larak \u00e7al\u0131\u015ft\u0131r\u0131lan&#8230;<\/p>\n","protected":false},"featured_media":125099,"comment_status":"open","ping_status":"closed","template":"","meta":{"_kad_post_transparent":"","_kad_post_title":"","_kad_post_layout":"","_kad_post_sidebar_id":"","_kad_post_content_style":"","_kad_post_vertical_padding":"","_kad_post_feature":"","_kad_post_feature_position":"","_kad_post_header":false,"_kad_post_footer":false,"_kad_post_classname":""},"product_brand":[],"product_cat":[15053],"product_tag":[],"class_list":{"0":"post-125100","1":"product","2":"type-product","3":"status-publish","4":"has-post-thumbnail","6":"product_cat-oto-bakim-seti-oto-bakim-seti-2","8":"first","9":"instock","10":"purchasable","11":"product-type-simple","12":"entry","13":"content-bg","14":"loop-entry"},"_links":{"self":[{"href":"https:\/\/www.hediyepazar.com\/index.php?rest_route=\/wp\/v2\/product\/125100","targetHints":{"allow":["GET"]}}],"collection":[{"href":"https:\/\/www.hediyepazar.com\/index.php?rest_route=\/wp\/v2\/product"}],"about":[{"href":"https:\/\/www.hediyepazar.com\/index.php?rest_route=\/wp\/v2\/types\/product"}],"replies":[{"embeddable":true,"href":"https:\/\/www.hediyepazar.com\/index.php?rest_route=%2Fwp%2Fv2%2Fcomments&post=125100"}],"wp:featuredmedia":[{"embeddable":true,"href":"https:\/\/www.hediyepazar.com\/index.php?rest_route=\/wp\/v2\/media\/125099"}],"wp:attachment":[{"href":"https:\/\/www.hediyepazar.com\/index.php?rest_route=%2Fwp%2Fv2%2Fmedia&parent=125100"}],"wp:term":[{"taxonomy":"product_brand","embeddable":true,"href":"https:\/\/www.hediyepazar.com\/index.php?rest_route=%2Fwp%2Fv2%2Fproduct_brand&post=125100"},{"taxonomy":"product_cat","embeddable":true,"href":"https:\/\/www.hediyepazar.com\/index.php?rest_route=%2Fwp%2Fv2%2Fproduct_cat&post=125100"},{"taxonomy":"product_tag","embeddable":true,"href":"https:\/\/www.hediyepazar.com\/index.php?rest_route=%2Fwp%2Fv2%2Fproduct_tag&post=125100"}],"curies":[{"name":"wp","href":"https:\/\/api.w.org\/{rel}","templated":true}]}}