{"id":125114,"date":"2026-05-06T17:13:05","date_gmt":"2026-05-06T20:13:05","guid":{"rendered":"https:\/\/www.hediyepazar.com\/?product=sarjli-tiftik-temizleme-makinesi-kablosuz-pratik-kullanim"},"modified":"2026-05-06T17:13:05","modified_gmt":"2026-05-06T20:13:05","slug":"sarjli-tiftik-temizleme-makinesi-kablosuz-pratik-kullanim","status":"publish","type":"product","link":"https:\/\/www.hediyepazar.com\/?product=sarjli-tiftik-temizleme-makinesi-kablosuz-pratik-kullanim","title":{"rendered":"\u015earjl\u0131 Tiftik Temizleme Makinesi Kablosuz Pratik Kullan\u0131m"},"content":{"rendered":"<p>\u015earjl\u0131 tiftik temizleme makinesi, giysi ve ev tekstillerinde olu\u015fan t\u00fcylenme ve p\u00fcr\u00fczleri zahmetsizce gidermek i\u00e7in tasarlanm\u0131\u015ft\u0131r. \u00c7\u0131kar\u0131labilir tiftik haznesi sayesinde s\u0131k s\u0131k bo\u015faltma ihtiyac\u0131 olmadan kesintisiz kullan\u0131m sunar. Bu yap\u0131, \u00f6zellikle geni\u015f y\u00fczeylerde yap\u0131lan temizliklerde b\u00fcy\u00fck kolayl\u0131k sa\u011flar.Kablosuz kullan\u0131m imk\u00e2n\u0131 sunan dahili pili, hareket \u00f6zg\u00fcrl\u00fc\u011f\u00fc sa\u011flayarak \u00fcr\u00fcn\u00fc evin her alan\u0131nda rahat\u00e7a kullanman\u0131za yard\u0131mc\u0131 olur. Uzun \u00f6m\u00fcrl\u00fc pil performans\u0131, tek \u015farjla birden fazla giysi veya tekstil \u00fcr\u00fcn\u00fcn\u00fcn temizlenmesine olanak tan\u0131r. Pratik \u015farj edilebilir yap\u0131s\u0131 sayesinde g\u00fcnl\u00fck kullan\u0131mda konfor sunar.Dayan\u0131kl\u0131 ABS malzemeden \u00fcretilmi\u015f g\u00f6vdesi, d\u00fczenli ve uzun s\u00fcreli kullan\u0131mlar i\u00e7in idealdir. Sa\u011flam yap\u0131s\u0131, cihaz\u0131n g\u00fcvenle kullan\u0131lmas\u0131n\u0131 destekler. Geni\u015f ba\u015fl\u0131k tasar\u0131m\u0131, daha fazla kuma\u015f\u0131 daha k\u0131sa s\u00fcrede temizleyerek zaman tasarrufu sa\u011flar.Tiftik temizleme makinesi; kazak, jumper, battaniye, koltuk d\u00f6\u015femesi ve perdelerde olu\u015fan t\u00fcy, tiftik ve p\u00fcr\u00fczleri kuma\u015fa zarar vermeden temizler. Yenilenmi\u015f ve bak\u0131ml\u0131 bir g\u00f6r\u00fcn\u00fcm elde edilmesine yard\u0131mc\u0131 olur. G\u00fcnl\u00fck kuma\u015f bak\u0131m rutininizi kolayla\u015ft\u0131ran bu \u00fcr\u00fcn, evde pratik ve etkili bir yard\u0131mc\u0131d\u0131r.<\/p>\n","protected":false},"excerpt":{"rendered":"<p>\u015earjl\u0131 tiftik temizleme makinesi, giysi ve ev tekstillerinde olu\u015fan t\u00fcylenme ve p\u00fcr\u00fczleri zahmetsizce gidermek i\u00e7in tasarlanm\u0131\u015ft\u0131r. \u00c7\u0131kar\u0131labilir tiftik haznesi sayesinde s\u0131k s\u0131k bo\u015faltma ihtiyac\u0131 olmadan kesintisiz kullan\u0131m sunar. Bu yap\u0131, \u00f6zellikle geni\u015f y\u00fczeylerde yap\u0131lan temizliklerde b\u00fcy\u00fck kolayl\u0131k sa\u011flar.Kablosuz kullan\u0131m imk\u00e2n\u0131 sunan dahili pili, hareket \u00f6zg\u00fcrl\u00fc\u011f\u00fc sa\u011flayarak \u00fcr\u00fcn\u00fc evin her alan\u0131nda rahat\u00e7a kullanman\u0131za yard\u0131mc\u0131 olur. Uzun&#8230;<\/p>\n","protected":false},"featured_media":125113,"comment_status":"open","ping_status":"closed","template":"","meta":{"_kad_post_transparent":"","_kad_post_title":"","_kad_post_layout":"","_kad_post_sidebar_id":"","_kad_post_content_style":"","_kad_post_vertical_padding":"","_kad_post_feature":"","_kad_post_feature_position":"","_kad_post_header":false,"_kad_post_footer":false,"_kad_post_classname":""},"product_brand":[],"product_cat":[15006],"product_tag":[],"class_list":{"0":"post-125114","1":"product","2":"type-product","3":"status-publish","4":"has-post-thumbnail","6":"product_cat-tuy-toplayici-tuy-toplayici","8":"first","9":"instock","10":"purchasable","11":"product-type-simple","12":"entry","13":"content-bg","14":"loop-entry"},"_links":{"self":[{"href":"https:\/\/www.hediyepazar.com\/index.php?rest_route=\/wp\/v2\/product\/125114","targetHints":{"allow":["GET"]}}],"collection":[{"href":"https:\/\/www.hediyepazar.com\/index.php?rest_route=\/wp\/v2\/product"}],"about":[{"href":"https:\/\/www.hediyepazar.com\/index.php?rest_route=\/wp\/v2\/types\/product"}],"replies":[{"embeddable":true,"href":"https:\/\/www.hediyepazar.com\/index.php?rest_route=%2Fwp%2Fv2%2Fcomments&post=125114"}],"wp:featuredmedia":[{"embeddable":true,"href":"https:\/\/www.hediyepazar.com\/index.php?rest_route=\/wp\/v2\/media\/125113"}],"wp:attachment":[{"href":"https:\/\/www.hediyepazar.com\/index.php?rest_route=%2Fwp%2Fv2%2Fmedia&parent=125114"}],"wp:term":[{"taxonomy":"product_brand","embeddable":true,"href":"https:\/\/www.hediyepazar.com\/index.php?rest_route=%2Fwp%2Fv2%2Fproduct_brand&post=125114"},{"taxonomy":"product_cat","embeddable":true,"href":"https:\/\/www.hediyepazar.com\/index.php?rest_route=%2Fwp%2Fv2%2Fproduct_cat&post=125114"},{"taxonomy":"product_tag","embeddable":true,"href":"https:\/\/www.hediyepazar.com\/index.php?rest_route=%2Fwp%2Fv2%2Fproduct_tag&post=125114"}],"curies":[{"name":"wp","href":"https:\/\/api.w.org\/{rel}","templated":true}]}}