{"id":125146,"date":"2026-05-06T17:17:32","date_gmt":"2026-05-06T20:17:32","guid":{"rendered":"https:\/\/www.hediyepazar.com\/?product=s-link-sl-ks60-utp-cat6-keystone-jack3u-90-derece1923"},"modified":"2026-05-06T17:17:32","modified_gmt":"2026-05-06T20:17:32","slug":"s-link-sl-ks60-utp-cat6-keystone-jack3u-90-derece1923","status":"publish","type":"product","link":"https:\/\/www.hediyepazar.com\/?product=s-link-sl-ks60-utp-cat6-keystone-jack3u-90-derece1923","title":{"rendered":"S-LINK SL-KS60 UTP CAT6 Keystone Jack3U 90 Derece(1923)"},"content":{"rendered":"<p>A\u00e7\u0131klamaUTP CAT6 Keystone JackMarkaS-linkModelSL-KS60Konnekt\u00f6rRJ45\/8P8C Di\u015fi &#8211; 110 IDCRenkBeyazA\u011f\u0131rl\u0131k8grBoyut31mm x 19mm x 20mmKullan\u0131m Alan\u0131UTP Kablolama\/NetworkPacket \u0130\u00e7eri\u011fi1 Adet Keystone JackTipiUTP CAT6 Kestone Jack3U 90 Derece<\/p>\n","protected":false},"excerpt":{"rendered":"<p>A\u00e7\u0131klamaUTP CAT6 Keystone JackMarkaS-linkModelSL-KS60Konnekt\u00f6rRJ45\/8P8C Di\u015fi &#8211; 110 IDCRenkBeyazA\u011f\u0131rl\u0131k8grBoyut31mm x 19mm x 20mmKullan\u0131m Alan\u0131UTP Kablolama\/NetworkPacket \u0130\u00e7eri\u011fi1 Adet Keystone JackTipiUTP CAT6 Kestone Jack3U 90 Derece<\/p>\n","protected":false},"featured_media":125145,"comment_status":"open","ping_status":"closed","template":"","meta":{"_kad_post_transparent":"","_kad_post_title":"","_kad_post_layout":"","_kad_post_sidebar_id":"","_kad_post_content_style":"","_kad_post_vertical_padding":"","_kad_post_feature":"","_kad_post_feature_position":"","_kad_post_header":false,"_kad_post_footer":false,"_kad_post_classname":""},"product_brand":[],"product_cat":[14603],"product_tag":[],"class_list":{"0":"post-125146","1":"product","2":"type-product","3":"status-publish","4":"has-post-thumbnail","6":"product_cat-ag-urunleri-bilgisayar-tablet-elektronik-ag-urunleri","8":"first","9":"instock","10":"purchasable","11":"product-type-simple","12":"entry","13":"content-bg","14":"loop-entry"},"_links":{"self":[{"href":"https:\/\/www.hediyepazar.com\/index.php?rest_route=\/wp\/v2\/product\/125146","targetHints":{"allow":["GET"]}}],"collection":[{"href":"https:\/\/www.hediyepazar.com\/index.php?rest_route=\/wp\/v2\/product"}],"about":[{"href":"https:\/\/www.hediyepazar.com\/index.php?rest_route=\/wp\/v2\/types\/product"}],"replies":[{"embeddable":true,"href":"https:\/\/www.hediyepazar.com\/index.php?rest_route=%2Fwp%2Fv2%2Fcomments&post=125146"}],"wp:featuredmedia":[{"embeddable":true,"href":"https:\/\/www.hediyepazar.com\/index.php?rest_route=\/wp\/v2\/media\/125145"}],"wp:attachment":[{"href":"https:\/\/www.hediyepazar.com\/index.php?rest_route=%2Fwp%2Fv2%2Fmedia&parent=125146"}],"wp:term":[{"taxonomy":"product_brand","embeddable":true,"href":"https:\/\/www.hediyepazar.com\/index.php?rest_route=%2Fwp%2Fv2%2Fproduct_brand&post=125146"},{"taxonomy":"product_cat","embeddable":true,"href":"https:\/\/www.hediyepazar.com\/index.php?rest_route=%2Fwp%2Fv2%2Fproduct_cat&post=125146"},{"taxonomy":"product_tag","embeddable":true,"href":"https:\/\/www.hediyepazar.com\/index.php?rest_route=%2Fwp%2Fv2%2Fproduct_tag&post=125146"}],"curies":[{"name":"wp","href":"https:\/\/api.w.org\/{rel}","templated":true}]}}