{"id":125158,"date":"2026-05-06T17:18:17","date_gmt":"2026-05-06T20:18:17","guid":{"rendered":"https:\/\/www.hediyepazar.com\/?product=everest-tk-25-12-40-tv-duvar-aski-aparati1923"},"modified":"2026-05-06T17:18:17","modified_gmt":"2026-05-06T20:18:17","slug":"everest-tk-25-12-40-tv-duvar-aski-aparati1923","status":"publish","type":"product","link":"https:\/\/www.hediyepazar.com\/?product=everest-tk-25-12-40-tv-duvar-aski-aparati1923","title":{"rendered":"EVEREST TK-25 12&quot;- 40&quot; TV Duvar Ask\u0131 Aparat\u0131(1923)"},"content":{"rendered":"<p>\u00a0Teknik \u00d6zellikler\u00a0\u00d6zellikDe\u011ferA\u00e7\u0131klamaAsk\u0131 Aparat\u0131In\u00e722-42MarkaEverestModelTK-25 STARK\u00d6zellikLcd-Led TV<\/p>\n","protected":false},"excerpt":{"rendered":"<p>\u00a0Teknik \u00d6zellikler\u00a0\u00d6zellikDe\u011ferA\u00e7\u0131klamaAsk\u0131 Aparat\u0131In\u00e722-42MarkaEverestModelTK-25 STARK\u00d6zellikLcd-Led TV<\/p>\n","protected":false},"featured_media":125157,"comment_status":"open","ping_status":"closed","template":"","meta":{"_kad_post_transparent":"","_kad_post_title":"","_kad_post_layout":"","_kad_post_sidebar_id":"","_kad_post_content_style":"","_kad_post_vertical_padding":"","_kad_post_feature":"","_kad_post_feature_position":"","_kad_post_header":false,"_kad_post_footer":false,"_kad_post_classname":""},"product_brand":[],"product_cat":[15192],"product_tag":[],"class_list":{"0":"post-125158","1":"product","2":"type-product","3":"status-publish","4":"has-post-thumbnail","6":"product_cat-tv-aski-aparatlari-tv-ses-konsol-aksesuarlari-elektronik-tv-aski-aparatlari","8":"first","9":"instock","10":"purchasable","11":"product-type-simple","12":"entry","13":"content-bg","14":"loop-entry"},"_links":{"self":[{"href":"https:\/\/www.hediyepazar.com\/index.php?rest_route=\/wp\/v2\/product\/125158","targetHints":{"allow":["GET"]}}],"collection":[{"href":"https:\/\/www.hediyepazar.com\/index.php?rest_route=\/wp\/v2\/product"}],"about":[{"href":"https:\/\/www.hediyepazar.com\/index.php?rest_route=\/wp\/v2\/types\/product"}],"replies":[{"embeddable":true,"href":"https:\/\/www.hediyepazar.com\/index.php?rest_route=%2Fwp%2Fv2%2Fcomments&post=125158"}],"wp:featuredmedia":[{"embeddable":true,"href":"https:\/\/www.hediyepazar.com\/index.php?rest_route=\/wp\/v2\/media\/125157"}],"wp:attachment":[{"href":"https:\/\/www.hediyepazar.com\/index.php?rest_route=%2Fwp%2Fv2%2Fmedia&parent=125158"}],"wp:term":[{"taxonomy":"product_brand","embeddable":true,"href":"https:\/\/www.hediyepazar.com\/index.php?rest_route=%2Fwp%2Fv2%2Fproduct_brand&post=125158"},{"taxonomy":"product_cat","embeddable":true,"href":"https:\/\/www.hediyepazar.com\/index.php?rest_route=%2Fwp%2Fv2%2Fproduct_cat&post=125158"},{"taxonomy":"product_tag","embeddable":true,"href":"https:\/\/www.hediyepazar.com\/index.php?rest_route=%2Fwp%2Fv2%2Fproduct_tag&post=125158"}],"curies":[{"name":"wp","href":"https:\/\/api.w.org\/{rel}","templated":true}]}}