{"id":125178,"date":"2026-05-06T17:22:16","date_gmt":"2026-05-06T20:22:16","guid":{"rendered":"https:\/\/www.hediyepazar.com\/?product=everest-efn-482-metal-kanat-masaustu-usb-vantilator1923"},"modified":"2026-05-06T17:22:16","modified_gmt":"2026-05-06T20:22:16","slug":"everest-efn-482-metal-kanat-masaustu-usb-vantilator1923","status":"publish","type":"product","link":"https:\/\/www.hediyepazar.com\/?product=everest-efn-482-metal-kanat-masaustu-usb-vantilator1923","title":{"rendered":"EVEREST EFN-482 Metal Kanat Masa\u00fcst\u00fc USB Vantilat\u00f6r(1923)"},"content":{"rendered":"<p>A\u00e7\u0131klamaUsb FanMarkaEverestModelEFN-482\u00d6zellikMasa\u00fcst\u00fc Metal Siyah\u00d6zellik1Ultra -Sessiz Tasar\u0131m\u00d6zellik2360\u00b0 Yukar\u0131 A\u015fa\u011f\u0131 Ayarlanabilir.\u00d6zellik3Motor DC teknik az g\u00fc\u00e7 ile yap\u0131lm\u0131\u015ft\u0131r.\u00d6zellik4Metal Yap\u0131,Dayan\u0131kl\u0131\u00d6zellik5K\u00fc\u00e7\u00fck oda,ak\u0131ll\u0131 \u015fekil,serin ve yumu\u015fak r\u00fczgar olu\u015fturur<\/p>\n","protected":false},"excerpt":{"rendered":"<p>A\u00e7\u0131klamaUsb FanMarkaEverestModelEFN-482\u00d6zellikMasa\u00fcst\u00fc Metal Siyah\u00d6zellik1Ultra -Sessiz Tasar\u0131m\u00d6zellik2360\u00b0 Yukar\u0131 A\u015fa\u011f\u0131 Ayarlanabilir.\u00d6zellik3Motor DC teknik az g\u00fc\u00e7 ile yap\u0131lm\u0131\u015ft\u0131r.\u00d6zellik4Metal Yap\u0131,Dayan\u0131kl\u0131\u00d6zellik5K\u00fc\u00e7\u00fck oda,ak\u0131ll\u0131 \u015fekil,serin ve yumu\u015fak r\u00fczgar olu\u015fturur<\/p>\n","protected":false},"featured_media":125177,"comment_status":"open","ping_status":"closed","template":"","meta":{"_kad_post_transparent":"","_kad_post_title":"","_kad_post_layout":"","_kad_post_sidebar_id":"","_kad_post_content_style":"","_kad_post_vertical_padding":"","_kad_post_feature":"","_kad_post_feature_position":"","_kad_post_header":false,"_kad_post_footer":false,"_kad_post_classname":""},"product_brand":[],"product_cat":[15194],"product_tag":[],"class_list":{"0":"post-125178","1":"product","2":"type-product","3":"status-publish","4":"has-post-thumbnail","6":"product_cat-sogutucular-sogutucular","8":"first","9":"instock","10":"purchasable","11":"product-type-simple","12":"entry","13":"content-bg","14":"loop-entry"},"_links":{"self":[{"href":"https:\/\/www.hediyepazar.com\/index.php?rest_route=\/wp\/v2\/product\/125178","targetHints":{"allow":["GET"]}}],"collection":[{"href":"https:\/\/www.hediyepazar.com\/index.php?rest_route=\/wp\/v2\/product"}],"about":[{"href":"https:\/\/www.hediyepazar.com\/index.php?rest_route=\/wp\/v2\/types\/product"}],"replies":[{"embeddable":true,"href":"https:\/\/www.hediyepazar.com\/index.php?rest_route=%2Fwp%2Fv2%2Fcomments&post=125178"}],"wp:featuredmedia":[{"embeddable":true,"href":"https:\/\/www.hediyepazar.com\/index.php?rest_route=\/wp\/v2\/media\/125177"}],"wp:attachment":[{"href":"https:\/\/www.hediyepazar.com\/index.php?rest_route=%2Fwp%2Fv2%2Fmedia&parent=125178"}],"wp:term":[{"taxonomy":"product_brand","embeddable":true,"href":"https:\/\/www.hediyepazar.com\/index.php?rest_route=%2Fwp%2Fv2%2Fproduct_brand&post=125178"},{"taxonomy":"product_cat","embeddable":true,"href":"https:\/\/www.hediyepazar.com\/index.php?rest_route=%2Fwp%2Fv2%2Fproduct_cat&post=125178"},{"taxonomy":"product_tag","embeddable":true,"href":"https:\/\/www.hediyepazar.com\/index.php?rest_route=%2Fwp%2Fv2%2Fproduct_tag&post=125178"}],"curies":[{"name":"wp","href":"https:\/\/api.w.org\/{rel}","templated":true}]}}