{"id":125190,"date":"2026-05-06T17:24:00","date_gmt":"2026-05-06T20:24:00","guid":{"rendered":"https:\/\/www.hediyepazar.com\/?product=addison-300142-177x217x2mm-lux-big-mouse-pad-siyah1923"},"modified":"2026-05-06T17:24:00","modified_gmt":"2026-05-06T20:24:00","slug":"addison-300142-177x217x2mm-lux-big-mouse-pad-siyah1923","status":"publish","type":"product","link":"https:\/\/www.hediyepazar.com\/?product=addison-300142-177x217x2mm-lux-big-mouse-pad-siyah1923","title":{"rendered":"ADDISON 300142 177x217x2mm L\u00fcx Big MOUSE PAD (Siyah)(1923)"},"content":{"rendered":"<p>A\u00e7\u0131klamaFare Altl\u0131\u011f\u0131MarkaAddisonModel300142RenkSiyah\u00dcr\u00fcn MalzemesiPolimer\u00dcr\u00fcn Boyutu2mm x 177mm x 217mm \u00b1%10\u00dcr\u00fcn A\u011f\u0131rl\u0131\u011f\u013132gr \u00b13grToplam A\u011f\u0131rl\u0131k34gr \u00b13grPaket Boyutu\u00dcr\u00fcn plastik po\u015fettedirGaranti S\u00fcresi24 Ay<\/p>\n","protected":false},"excerpt":{"rendered":"<p>A\u00e7\u0131klamaFare Altl\u0131\u011f\u0131MarkaAddisonModel300142RenkSiyah\u00dcr\u00fcn MalzemesiPolimer\u00dcr\u00fcn Boyutu2mm x 177mm x 217mm \u00b1%10\u00dcr\u00fcn A\u011f\u0131rl\u0131\u011f\u013132gr \u00b13grToplam A\u011f\u0131rl\u0131k34gr \u00b13grPaket Boyutu\u00dcr\u00fcn plastik po\u015fettedirGaranti S\u00fcresi24 Ay<\/p>\n","protected":false},"featured_media":125189,"comment_status":"open","ping_status":"closed","template":"","meta":{"_kad_post_transparent":"","_kad_post_title":"","_kad_post_layout":"","_kad_post_sidebar_id":"","_kad_post_content_style":"","_kad_post_vertical_padding":"","_kad_post_feature":"","_kad_post_feature_position":"","_kad_post_header":false,"_kad_post_footer":false,"_kad_post_classname":""},"product_brand":[],"product_cat":[15199],"product_tag":[],"class_list":{"0":"post-125190","1":"product","2":"type-product","3":"status-publish","4":"has-post-thumbnail","6":"product_cat-mousepad-bilgisayar-tablet-aksesuar-bilgisayar-tablet-elektronik-mousepad","8":"first","9":"instock","10":"purchasable","11":"product-type-simple","12":"entry","13":"content-bg","14":"loop-entry"},"_links":{"self":[{"href":"https:\/\/www.hediyepazar.com\/index.php?rest_route=\/wp\/v2\/product\/125190","targetHints":{"allow":["GET"]}}],"collection":[{"href":"https:\/\/www.hediyepazar.com\/index.php?rest_route=\/wp\/v2\/product"}],"about":[{"href":"https:\/\/www.hediyepazar.com\/index.php?rest_route=\/wp\/v2\/types\/product"}],"replies":[{"embeddable":true,"href":"https:\/\/www.hediyepazar.com\/index.php?rest_route=%2Fwp%2Fv2%2Fcomments&post=125190"}],"wp:featuredmedia":[{"embeddable":true,"href":"https:\/\/www.hediyepazar.com\/index.php?rest_route=\/wp\/v2\/media\/125189"}],"wp:attachment":[{"href":"https:\/\/www.hediyepazar.com\/index.php?rest_route=%2Fwp%2Fv2%2Fmedia&parent=125190"}],"wp:term":[{"taxonomy":"product_brand","embeddable":true,"href":"https:\/\/www.hediyepazar.com\/index.php?rest_route=%2Fwp%2Fv2%2Fproduct_brand&post=125190"},{"taxonomy":"product_cat","embeddable":true,"href":"https:\/\/www.hediyepazar.com\/index.php?rest_route=%2Fwp%2Fv2%2Fproduct_cat&post=125190"},{"taxonomy":"product_tag","embeddable":true,"href":"https:\/\/www.hediyepazar.com\/index.php?rest_route=%2Fwp%2Fv2%2Fproduct_tag&post=125190"}],"curies":[{"name":"wp","href":"https:\/\/api.w.org\/{rel}","templated":true}]}}