{"id":125196,"date":"2026-05-06T17:25:07","date_gmt":"2026-05-06T20:25:07","guid":{"rendered":"https:\/\/www.hediyepazar.com\/?product=powergate-pg-ny12-notebook-icin-disk-yuvasi-12-7mm1923"},"modified":"2026-05-06T17:25:07","modified_gmt":"2026-05-06T20:25:07","slug":"powergate-pg-ny12-notebook-icin-disk-yuvasi-12-7mm1923","status":"publish","type":"product","link":"https:\/\/www.hediyepazar.com\/?product=powergate-pg-ny12-notebook-icin-disk-yuvasi-12-7mm1923","title":{"rendered":"POWERGATE PG-NY12 Notebook i\u00e7in Disk Yuvas\u0131 12.7mm(1923)"},"content":{"rendered":"<p>PowerGate PG-NY12\u00a0ile Diz\u00fcst\u00fc Bilgisayar\u0131n\u0131za Y\u00fcksek H\u0131z ve Maksimum Kapasite Kazand\u0131r\u0131n!Dark, diz\u00fcst\u00fc bilgisayar\u0131n\u0131za daha fazla depolama alan\u0131 sa\u011flayabilmeniz i\u00e7in optik s\u00fcr\u00fcc\u00fcn\u00fcn yerine HDD, SSHD veya SSD disk kullanman\u0131z\u0131 sa\u011flayacak,\u00a0PowerGate PG-NY12&#8242; yi geli\u015ftirdi. B\u00f6ylece diz\u00fcst\u00fc bilgisayar\u0131n\u0131zda hem SSD hem de HDD&#8217; yi birlikte kullanabilecek ve disk performans\u0131n\u0131z\u0131 artt\u0131r\u0131rken depolama alan\u0131n\u0131z\u0131 da artt\u0131rm\u0131\u015f olacaks\u0131n\u0131z. Y\u00fcksek h\u0131zda veri transferine ve b\u00fcy\u00fck depolama ar\u015fivine\u00a0PowerGate PG-NY12\u00a0ile ula\u015f\u0131n!SSD ile Y\u00fcksek Performans, Geleneksel HDD ile Maksimum KapasitePowerGate, y\u00fcksek h\u0131zl\u0131 SSD&#8217; ler ile birlikte y\u00fcksek kapasiteli depolama alan\u0131na sahip olman\u0131n anahtar\u0131n\u0131 sunuyor.Kullan\u0131m Senaryolar\u0131:SSD + Geleneksel Sabit Disk\u0130\u015fletim sisteminizi ve \u00f6nemli programlar\u0131n\u0131z\u0131 SSD&#8217; ye kurarak \u00e7ok y\u00fcksek performansl\u0131 bir bilgisayar deneyimi ya\u015fayabilirsiniz. Ar\u015fiv dosyalar\u0131n\u0131z i\u00e7in gerekli ekstra depolama alan\u0131na PowerGate ile birlikte kullanaca\u011f\u0131n\u0131z geleneksel 2.5&#8243; SATA HDD&#8217;ler ile uygun maliyete sahip olabilirsiniz.Geleneksel Sabit Disk + Geleneksel Sabit DiskDiz\u00fcst\u00fc bilgisayar\u0131n\u0131zda bulunan diskin kapasitesini kolayca artt\u0131rmak, anakart\u0131 destekliyor ise RAID konfig\u00fcrasyonlar\u0131 kurmak veya ikinci bir diske yedekleme yapmak i\u00e7in\u00a0PowerGate\u00a0ile slim optik s\u00fcr\u00fcc\u00fc yuvas\u0131nda ikinci bir SATA 2.5&#8243; notebook diski kullanabilirsiniz.Diz\u00fcst\u00fc Bilgisayarda \u00c7oklu \u0130\u015fletim Sistemini Rahat\u00e7a Kurun!Diz\u00fcst\u00fc bilgisayarlar\u0131n pek \u00e7o\u011funun sadece tek 2.5&#8243; sabit disk yuvas\u0131 bulunmaktad\u0131r. DSOSD12&#8242; ye ekleyece\u011finiz 2.5&#8243; SATA SSD\/SSHD\/HDD ile depolama kapasitenizi artt\u0131rabilir ve MAC \/ Windows \/ Linux i\u015fletim sistemi y\u00fckl\u00fc diz\u00fcst\u00fc bilgisayar\u0131n\u0131za iki ya da daha fazla i\u015fletim sistemi y\u00fckleyebilirsiniz. B\u00f6ylelikle geni\u015f depolama alan\u0131n\u0131za y\u00fcksek boyutlu uygulamalar\u0131 rahatl\u0131kla kurabilecek ve farkl\u0131 i\u015fletim sistemleri ile \u00e7al\u0131\u015fman\u0131n ayr\u0131cal\u0131\u011f\u0131n\u0131 ya\u015fayabileceksiniz.SATA S\u00fcr\u00fcc\u00fc Yuvalar\u0131 ile Uyumlu\u00a0PowerGate\u00a0SSD\/SSHD\/HDD d\u00f6n\u00fc\u015ft\u00fcr\u00fcc\u00fc kutusunu SATA I \/ II \/ III ba\u011flant\u0131ya sahip notebook optik s\u00fcr\u00fcc\u00fc yuvalar\u0131nda kullanabilirsiniz.\u00a012.5mm Kal\u0131nl\u0131\u011f\u0131ndaki 2.5&#8243; Sabit Disklerle UyumluPowerGate PG-NY12\u00a0SSD\/SSHD\/HDD d\u00f6n\u00fc\u015ft\u00fcr\u00fcc\u00fc kutusu 12.5mm kal\u0131nl\u0131\u011f\u0131na kadar t\u00fcm 2.5&#8243; sabit disklerle uyumludur. Bu sayede 7mm\/9mm y\u00fcksekli\u011findeki standart notebook disklerinin yan\u0131s\u0131ra daha y\u00fcksek kapasiteli, \u00e7oklu plakal\u0131 kal\u0131n 12.5mm sabit diskleri de diz\u00fcst\u00fc bilgisayar\u0131n\u0131zda kullanabilirsiniz.\u00a0\u00a0<\/p>\n","protected":false},"excerpt":{"rendered":"<p>PowerGate PG-NY12\u00a0ile Diz\u00fcst\u00fc Bilgisayar\u0131n\u0131za Y\u00fcksek H\u0131z ve Maksimum Kapasite Kazand\u0131r\u0131n!Dark, diz\u00fcst\u00fc bilgisayar\u0131n\u0131za daha fazla depolama alan\u0131 sa\u011flayabilmeniz i\u00e7in optik s\u00fcr\u00fcc\u00fcn\u00fcn yerine HDD, SSHD veya SSD disk kullanman\u0131z\u0131 sa\u011flayacak,\u00a0PowerGate PG-NY12&#8242; yi geli\u015ftirdi. B\u00f6ylece diz\u00fcst\u00fc bilgisayar\u0131n\u0131zda hem SSD hem de HDD&#8217; yi birlikte kullanabilecek ve disk performans\u0131n\u0131z\u0131 artt\u0131r\u0131rken depolama alan\u0131n\u0131z\u0131 da artt\u0131rm\u0131\u015f olacaks\u0131n\u0131z. Y\u00fcksek h\u0131zda veri transferine&#8230;<\/p>\n","protected":false},"featured_media":125195,"comment_status":"open","ping_status":"closed","template":"","meta":{"_kad_post_transparent":"","_kad_post_title":"","_kad_post_layout":"","_kad_post_sidebar_id":"","_kad_post_content_style":"","_kad_post_vertical_padding":"","_kad_post_feature":"","_kad_post_feature_position":"","_kad_post_header":false,"_kad_post_footer":false,"_kad_post_classname":""},"product_brand":[],"product_cat":[15209],"product_tag":[],"class_list":{"0":"post-125196","1":"product","2":"type-product","3":"status-publish","4":"has-post-thumbnail","6":"product_cat-harddisk-veri-depolama-bilgisayar-tablet-elektronik-harddisk","8":"first","9":"instock","10":"purchasable","11":"product-type-simple","12":"entry","13":"content-bg","14":"loop-entry"},"_links":{"self":[{"href":"https:\/\/www.hediyepazar.com\/index.php?rest_route=\/wp\/v2\/product\/125196","targetHints":{"allow":["GET"]}}],"collection":[{"href":"https:\/\/www.hediyepazar.com\/index.php?rest_route=\/wp\/v2\/product"}],"about":[{"href":"https:\/\/www.hediyepazar.com\/index.php?rest_route=\/wp\/v2\/types\/product"}],"replies":[{"embeddable":true,"href":"https:\/\/www.hediyepazar.com\/index.php?rest_route=%2Fwp%2Fv2%2Fcomments&post=125196"}],"wp:featuredmedia":[{"embeddable":true,"href":"https:\/\/www.hediyepazar.com\/index.php?rest_route=\/wp\/v2\/media\/125195"}],"wp:attachment":[{"href":"https:\/\/www.hediyepazar.com\/index.php?rest_route=%2Fwp%2Fv2%2Fmedia&parent=125196"}],"wp:term":[{"taxonomy":"product_brand","embeddable":true,"href":"https:\/\/www.hediyepazar.com\/index.php?rest_route=%2Fwp%2Fv2%2Fproduct_brand&post=125196"},{"taxonomy":"product_cat","embeddable":true,"href":"https:\/\/www.hediyepazar.com\/index.php?rest_route=%2Fwp%2Fv2%2Fproduct_cat&post=125196"},{"taxonomy":"product_tag","embeddable":true,"href":"https:\/\/www.hediyepazar.com\/index.php?rest_route=%2Fwp%2Fv2%2Fproduct_tag&post=125196"}],"curies":[{"name":"wp","href":"https:\/\/api.w.org\/{rel}","templated":true}]}}