{"id":125210,"date":"2026-05-06T17:28:10","date_gmt":"2026-05-06T20:28:10","guid":{"rendered":"https:\/\/www.hediyepazar.com\/?product=tp-link-uh400-4-port-usb-3-0-portatif-hub1923"},"modified":"2026-05-06T17:28:10","modified_gmt":"2026-05-06T20:28:10","slug":"tp-link-uh400-4-port-usb-3-0-portatif-hub1923","status":"publish","type":"product","link":"https:\/\/www.hediyepazar.com\/?product=tp-link-uh400-4-port-usb-3-0-portatif-hub1923","title":{"rendered":"TP-LINK UH400 4 Port Usb 3.0 Portatif Hub(1923)"},"content":{"rendered":"<p>USB 3.0 Ba\u011flant\u0131 noktalar\u0131 USB 2.0 \u2018dan 10 kata kadar, 5Gbps veri aktar\u0131m h\u0131z\u0131na imkan sa\u011flar Cihazlar aras\u0131nda srekli de\u011fi\u015fim yapmadan tek cihaz zerinden rahata USB kullanabilirsiniz UH400 4 portlu USB oklay\u0131c\u0131d\u0131r. USB 3.0 Ba\u011flant\u0131 noktalar\u0131 ile 5Gbps\u2019e kadar veri aktar\u0131m h\u0131zlar\u0131na ula\u015fabilen 4 portu sayesinde USB ba\u011flant\u0131lar\u0131 kullan\u0131mlar\u0131n\u0131z art\u0131k ok daha kolay. USB 3.0 Ba\u011flant\u0131 noktalar\u0131, 5Gbps\u2019e kadar yksek h\u0131zl\u0131 veri aktar\u0131m\u0131na olanak sa\u011flar. USB 2.0\u2019dan 10 kata kadar daha h\u0131zl\u0131d\u0131r. UH400 zerinde bar\u0131nd\u0131rd\u0131\u011f\u0131 4 adet USB 3.0 portu sayesinde USB kullan\u0131mlar\u0131nda cihazlar aras\u0131 gei\u015f yapman\u0131za gerek kalmadan rahat bir kullan\u0131m sa\u011flar. Katlanabilir kablo giri\u015fi ve kompakt tasar\u0131m\u0131 ile ideal hub dizayn\u0131. UH400 dahili gvenlik nlemleri sayesinde cihazlar\u0131n\u0131za \u015farj olurken veya kullan\u0131m s\u0131ras\u0131nda gelebilecek zararlara kar\u015f\u0131 korur. TP-LINK Hakk\u0131nda 1996 y\u0131l\u0131nda kurulan TP-LINK, bugn 21 binin zerinde al\u0131\u015fan\u0131 ile a\u011f (network) rnleri konusunda retim yapan kresel bir \u015firkettir. 33 deniza\u015f\u0131r\u0131 ofisi ve distribtrlkleriyle 128\u2019den fazla lkede sat\u0131\u015f yapan \u015firketin, dnya genelinde yz milyonlarca kullan\u0131c\u0131s\u0131 bulunuyor. Modem, Router, IP Kamera, Powerline Adaptrler, Print Serverlar, Medya eviriciler ve A\u011f Adaptrleri rn gruplar\u0131nda, gl AR-GE, efektif retim ve kat\u0131 kalite politikas\u0131 ile dller kazanan rnler sunmaya devam etmektedir. Tm rnlerini kendi fabrikalar\u0131nda A\u2019dan Z\u2019ye reten \u015firket, cirosunun yzde 8\u2019inden fazlas\u0131n\u0131 Ar-Ge\u2019ye ay\u0131rmaktad\u0131r. IDC verilerine gre kablosuz a\u011f (WLAN) pazar\u0131nda yzde 35\u2019in zerinde bir pazar pay\u0131 ile dnya lideri olan \u015firket, 2013 y\u0131l\u0131nda cirosunu 1.9 milyar dolara \u0131karm\u0131\u015ft\u0131r. Ayr\u0131nt\u0131l\u0131 Bilgi \u0130in: www.tp-link.com.tr<\/p>\n","protected":false},"excerpt":{"rendered":"<p>USB 3.0 Ba\u011flant\u0131 noktalar\u0131 USB 2.0 \u2018dan 10 kata kadar, 5Gbps veri aktar\u0131m h\u0131z\u0131na imkan sa\u011flar Cihazlar aras\u0131nda srekli de\u011fi\u015fim yapmadan tek cihaz zerinden rahata USB kullanabilirsiniz UH400 4 portlu USB oklay\u0131c\u0131d\u0131r. USB 3.0 Ba\u011flant\u0131 noktalar\u0131 ile 5Gbps\u2019e kadar veri aktar\u0131m h\u0131zlar\u0131na ula\u015fabilen 4 portu sayesinde USB ba\u011flant\u0131lar\u0131 kullan\u0131mlar\u0131n\u0131z art\u0131k ok daha kolay. USB 3.0&#8230;<\/p>\n","protected":false},"featured_media":125209,"comment_status":"open","ping_status":"closed","template":"","meta":{"_kad_post_transparent":"","_kad_post_title":"","_kad_post_layout":"","_kad_post_sidebar_id":"","_kad_post_content_style":"","_kad_post_vertical_padding":"","_kad_post_feature":"","_kad_post_feature_position":"","_kad_post_header":false,"_kad_post_footer":false,"_kad_post_classname":""},"product_brand":[],"product_cat":[15213],"product_tag":[],"class_list":{"0":"post-125210","1":"product","2":"type-product","3":"status-publish","4":"has-post-thumbnail","6":"product_cat-kablo-sarf-malzemeler-elektrikli-ev-aletleri-elektronik-kablo-sarf-malzemeler","8":"first","9":"instock","10":"purchasable","11":"product-type-simple","12":"entry","13":"content-bg","14":"loop-entry"},"_links":{"self":[{"href":"https:\/\/www.hediyepazar.com\/index.php?rest_route=\/wp\/v2\/product\/125210","targetHints":{"allow":["GET"]}}],"collection":[{"href":"https:\/\/www.hediyepazar.com\/index.php?rest_route=\/wp\/v2\/product"}],"about":[{"href":"https:\/\/www.hediyepazar.com\/index.php?rest_route=\/wp\/v2\/types\/product"}],"replies":[{"embeddable":true,"href":"https:\/\/www.hediyepazar.com\/index.php?rest_route=%2Fwp%2Fv2%2Fcomments&post=125210"}],"wp:featuredmedia":[{"embeddable":true,"href":"https:\/\/www.hediyepazar.com\/index.php?rest_route=\/wp\/v2\/media\/125209"}],"wp:attachment":[{"href":"https:\/\/www.hediyepazar.com\/index.php?rest_route=%2Fwp%2Fv2%2Fmedia&parent=125210"}],"wp:term":[{"taxonomy":"product_brand","embeddable":true,"href":"https:\/\/www.hediyepazar.com\/index.php?rest_route=%2Fwp%2Fv2%2Fproduct_brand&post=125210"},{"taxonomy":"product_cat","embeddable":true,"href":"https:\/\/www.hediyepazar.com\/index.php?rest_route=%2Fwp%2Fv2%2Fproduct_cat&post=125210"},{"taxonomy":"product_tag","embeddable":true,"href":"https:\/\/www.hediyepazar.com\/index.php?rest_route=%2Fwp%2Fv2%2Fproduct_tag&post=125210"}],"curies":[{"name":"wp","href":"https:\/\/api.w.org\/{rel}","templated":true}]}}