{"id":125226,"date":"2026-05-06T17:30:10","date_gmt":"2026-05-06T20:30:10","guid":{"rendered":"https:\/\/www.hediyepazar.com\/?product=enkado-ekd-dh30-display-port-to-hdmi-cevirici-adaptor1923"},"modified":"2026-05-06T17:30:10","modified_gmt":"2026-05-06T20:30:10","slug":"enkado-ekd-dh30-display-port-to-hdmi-cevirici-adaptor1923","status":"publish","type":"product","link":"https:\/\/www.hediyepazar.com\/?product=enkado-ekd-dh30-display-port-to-hdmi-cevirici-adaptor1923","title":{"rendered":"ENKADO EKD-DH30 Display Port To HDMI \u00c7evirici Adapt\u00f6r(1923)"},"content":{"rendered":"<p>Teknik \u00d6zellikler Desteklenen \u00e7\u00f6z\u00fcn\u00fcrl\u00fck: 1080p \/ 1440p \/ 4K @ 60Hz Ba\u011flant\u0131 y\u00f6n\u00fc: Tek y\u00f6nl\u00fcd\u00fcr. Sadece DisplayPort to HDMI \u00e7al\u0131\u015f\u0131r. Ses Aktar\u0131m\u0131: DisplayPort \u00fczerinden gelen dijital sesi HDMI\u2019a iletir. Uyumluluk: Laptop, Masa\u00fcst\u00fc bilgisayar, DisplayPort destekli ekran kart\u0131, HDMI giri\u015fli monitor, TV ve projeksiyon cihaz\u0131 Malzeme: ABS g\u00f6vde + alt\u0131n kaplama konekt\u00f6r<\/p>\n","protected":false},"excerpt":{"rendered":"<p>Teknik \u00d6zellikler Desteklenen \u00e7\u00f6z\u00fcn\u00fcrl\u00fck: 1080p \/ 1440p \/ 4K @ 60Hz Ba\u011flant\u0131 y\u00f6n\u00fc: Tek y\u00f6nl\u00fcd\u00fcr. Sadece DisplayPort to HDMI \u00e7al\u0131\u015f\u0131r. Ses Aktar\u0131m\u0131: DisplayPort \u00fczerinden gelen dijital sesi HDMI\u2019a iletir. Uyumluluk: Laptop, Masa\u00fcst\u00fc bilgisayar, DisplayPort destekli ekran kart\u0131, HDMI giri\u015fli monitor, TV ve projeksiyon cihaz\u0131 Malzeme: ABS g\u00f6vde + alt\u0131n kaplama konekt\u00f6r<\/p>\n","protected":false},"featured_media":125225,"comment_status":"open","ping_status":"closed","template":"","meta":{"_kad_post_transparent":"","_kad_post_title":"","_kad_post_layout":"","_kad_post_sidebar_id":"","_kad_post_content_style":"","_kad_post_vertical_padding":"","_kad_post_feature":"","_kad_post_feature_position":"","_kad_post_header":false,"_kad_post_footer":false,"_kad_post_classname":""},"product_brand":[],"product_cat":[14459],"product_tag":[],"class_list":{"0":"post-125226","1":"product","2":"type-product","3":"status-publish","4":"has-post-thumbnail","6":"product_cat-cevirici-donusturucu-cep-telefonu-aksesuarlari-cep-telefonu-elektronik-cevirici-donusturucu","8":"first","9":"instock","10":"purchasable","11":"product-type-simple","12":"entry","13":"content-bg","14":"loop-entry"},"_links":{"self":[{"href":"https:\/\/www.hediyepazar.com\/index.php?rest_route=\/wp\/v2\/product\/125226","targetHints":{"allow":["GET"]}}],"collection":[{"href":"https:\/\/www.hediyepazar.com\/index.php?rest_route=\/wp\/v2\/product"}],"about":[{"href":"https:\/\/www.hediyepazar.com\/index.php?rest_route=\/wp\/v2\/types\/product"}],"replies":[{"embeddable":true,"href":"https:\/\/www.hediyepazar.com\/index.php?rest_route=%2Fwp%2Fv2%2Fcomments&post=125226"}],"wp:featuredmedia":[{"embeddable":true,"href":"https:\/\/www.hediyepazar.com\/index.php?rest_route=\/wp\/v2\/media\/125225"}],"wp:attachment":[{"href":"https:\/\/www.hediyepazar.com\/index.php?rest_route=%2Fwp%2Fv2%2Fmedia&parent=125226"}],"wp:term":[{"taxonomy":"product_brand","embeddable":true,"href":"https:\/\/www.hediyepazar.com\/index.php?rest_route=%2Fwp%2Fv2%2Fproduct_brand&post=125226"},{"taxonomy":"product_cat","embeddable":true,"href":"https:\/\/www.hediyepazar.com\/index.php?rest_route=%2Fwp%2Fv2%2Fproduct_cat&post=125226"},{"taxonomy":"product_tag","embeddable":true,"href":"https:\/\/www.hediyepazar.com\/index.php?rest_route=%2Fwp%2Fv2%2Fproduct_tag&post=125226"}],"curies":[{"name":"wp","href":"https:\/\/api.w.org\/{rel}","templated":true}]}}